{"id":19504,"date":"2026-04-12T01:05:16","date_gmt":"2026-04-11T23:05:16","guid":{"rendered":"https:\/\/parapharmacieenligne.ma\/?post_type=product&#038;p=19504"},"modified":"2026-04-12T01:05:24","modified_gmt":"2026-04-11T23:05:24","slug":"gum-sonic-daily-soft-2-tetes-de-recharges-ref-4110","status":"publish","type":"product","link":"https:\/\/parapharmacieenligne.ma\/en\/product\/gum-sonic-daily-soft-2-tetes-de-recharges-ref-4110\/","title":{"rendered":"GUM SONIC DAILY SOFT 2 TETES DE RECHARGES REF 4110"},"content":{"rendered":"<p>Pour une sensation d&rsquo;hygi\u00e8ne bucco-dentaire extraordinaire jour apr\u00e8s jour, nous vous recommandons de remplacer la t\u00eate de votre brosse \u00e0 dents sans fil GUM SONIC DAILY (anciennement GUM ActiVital\u00ae Sonic) tous les 3 mois, lorsque les poils commencent \u00e0 se d\u00e9t\u00e9riorer ou apr\u00e8s un rhume ou une &lsquo;rayonnement.<\/p>\n<p>Les poils sp\u00e9ciaux \u00e0 deux niveaux et effil\u00e9s de cette brosse \u00e0 dents sont 50 % plus efficaces pour atteindre les espaces interdentaires et \u00e9liminent 47 fois plus de plaque sous la ligne gingivale &#8211; obtenant de meilleurs r\u00e9sultats de nettoyage qu&rsquo;une brosse \u00e0 dents manuelle traditionnelle. La puissance des vibrations soniques aide \u00e0 nettoyer les dents en douceur et \u00e0 stimuler les gencives.<\/p>","protected":false},"excerpt":{"rendered":"<p>Pour une sensation d&rsquo;hygi\u00e8ne bucco-dentaire extraordinaire jour apr\u00e8s jour, nous vous recommandons de remplacer la t\u00eate de votre brosse \u00e0 dents sans&hellip;<\/p>","protected":false},"featured_media":19503,"comment_status":"open","ping_status":"closed","template":"","meta":[],"product_cat":[88],"product_tag":[],"yith_product_brand":[215],"class_list":{"0":"post-19504","1":"product","2":"type-product","3":"status-publish","4":"has-post-thumbnail","6":"product_cat-soins-bucco-dentaires","7":"yith_product_brand-g-u-m","9":"first","10":"instock","11":"sale","12":"shipping-taxable","13":"purchasable","14":"product-type-simple"},"_links":{"self":[{"href":"https:\/\/parapharmacieenligne.ma\/en\/wp-json\/wp\/v2\/product\/19504","targetHints":{"allow":["GET"]}}],"collection":[{"href":"https:\/\/parapharmacieenligne.ma\/en\/wp-json\/wp\/v2\/product"}],"about":[{"href":"https:\/\/parapharmacieenligne.ma\/en\/wp-json\/wp\/v2\/types\/product"}],"replies":[{"embeddable":true,"href":"https:\/\/parapharmacieenligne.ma\/en\/wp-json\/wp\/v2\/comments?post=19504"}],"version-history":[{"count":1,"href":"https:\/\/parapharmacieenligne.ma\/en\/wp-json\/wp\/v2\/product\/19504\/revisions"}],"predecessor-version":[{"id":19505,"href":"https:\/\/parapharmacieenligne.ma\/en\/wp-json\/wp\/v2\/product\/19504\/revisions\/19505"}],"wp:featuredmedia":[{"embeddable":true,"href":"https:\/\/parapharmacieenligne.ma\/en\/wp-json\/wp\/v2\/media\/19503"}],"wp:attachment":[{"href":"https:\/\/parapharmacieenligne.ma\/en\/wp-json\/wp\/v2\/media?parent=19504"}],"wp:term":[{"taxonomy":"product_cat","embeddable":true,"href":"https:\/\/parapharmacieenligne.ma\/en\/wp-json\/wp\/v2\/product_cat?post=19504"},{"taxonomy":"product_tag","embeddable":true,"href":"https:\/\/parapharmacieenligne.ma\/en\/wp-json\/wp\/v2\/product_tag?post=19504"},{"taxonomy":"yith_product_brand","embeddable":true,"href":"https:\/\/parapharmacieenligne.ma\/en\/wp-json\/wp\/v2\/yith_product_brand?post=19504"}],"curies":[{"name":"wp","href":"https:\/\/api.w.org\/{rel}","templated":true}]}}