{"id":19513,"date":"2026-04-12T01:08:52","date_gmt":"2026-04-11T23:08:52","guid":{"rendered":"https:\/\/parapharmacieenligne.ma\/?post_type=product&#038;p=19513"},"modified":"2026-04-12T01:09:00","modified_gmt":"2026-04-11T23:09:00","slug":"gum-dentifrice-menthe-fraiche-aloe-vera-bio-lot-de-2-x-75-ml","status":"publish","type":"product","link":"https:\/\/parapharmacieenligne.ma\/en\/product\/gum-dentifrice-menthe-fraiche-aloe-vera-bio-lot-de-2-x-75-ml\/","title":{"rendered":"GUM Dentifrice Menthe Fra\u00eeche Aloe Vera Bio Lot de 2 x 75 ml"},"content":{"rendered":"<p>GUM Dentifrice Menthe Fra\u00eeche Aloe Vera Bio Lot de 2 x 75 ml est un dentifrice fluor\u00e9 qui favorise la pr\u00e9vention des caries, renforce l&rsquo;\u00e9mail, rafra\u00eechit l&rsquo;haleine et fortifie les dents et les gencives.<\/p>","protected":false},"excerpt":{"rendered":"<p>GUM Dentifrice Menthe Fra\u00eeche Aloe Vera Bio Lot de 2 x 75 ml est un dentifrice fluor\u00e9 qui favorise la pr\u00e9vention des&hellip;<\/p>","protected":false},"featured_media":19512,"comment_status":"open","ping_status":"closed","template":"","meta":[],"product_cat":[88],"product_tag":[],"yith_product_brand":[215],"class_list":{"0":"post-19513","1":"product","2":"type-product","3":"status-publish","4":"has-post-thumbnail","6":"product_cat-soins-bucco-dentaires","7":"yith_product_brand-g-u-m","9":"first","10":"instock","11":"sale","12":"shipping-taxable","13":"purchasable","14":"product-type-simple"},"_links":{"self":[{"href":"https:\/\/parapharmacieenligne.ma\/en\/wp-json\/wp\/v2\/product\/19513","targetHints":{"allow":["GET"]}}],"collection":[{"href":"https:\/\/parapharmacieenligne.ma\/en\/wp-json\/wp\/v2\/product"}],"about":[{"href":"https:\/\/parapharmacieenligne.ma\/en\/wp-json\/wp\/v2\/types\/product"}],"replies":[{"embeddable":true,"href":"https:\/\/parapharmacieenligne.ma\/en\/wp-json\/wp\/v2\/comments?post=19513"}],"version-history":[{"count":1,"href":"https:\/\/parapharmacieenligne.ma\/en\/wp-json\/wp\/v2\/product\/19513\/revisions"}],"predecessor-version":[{"id":19514,"href":"https:\/\/parapharmacieenligne.ma\/en\/wp-json\/wp\/v2\/product\/19513\/revisions\/19514"}],"wp:featuredmedia":[{"embeddable":true,"href":"https:\/\/parapharmacieenligne.ma\/en\/wp-json\/wp\/v2\/media\/19512"}],"wp:attachment":[{"href":"https:\/\/parapharmacieenligne.ma\/en\/wp-json\/wp\/v2\/media?parent=19513"}],"wp:term":[{"taxonomy":"product_cat","embeddable":true,"href":"https:\/\/parapharmacieenligne.ma\/en\/wp-json\/wp\/v2\/product_cat?post=19513"},{"taxonomy":"product_tag","embeddable":true,"href":"https:\/\/parapharmacieenligne.ma\/en\/wp-json\/wp\/v2\/product_tag?post=19513"},{"taxonomy":"yith_product_brand","embeddable":true,"href":"https:\/\/parapharmacieenligne.ma\/en\/wp-json\/wp\/v2\/yith_product_brand?post=19513"}],"curies":[{"name":"wp","href":"https:\/\/api.w.org\/{rel}","templated":true}]}}