{"id":19519,"date":"2026-04-12T01:09:21","date_gmt":"2026-04-11T23:09:21","guid":{"rendered":"https:\/\/parapharmacieenligne.ma\/?post_type=product&#038;p=19519"},"modified":"2026-04-12T01:09:28","modified_gmt":"2026-04-11T23:09:28","slug":"gum-trousse-kids-3-ans","status":"publish","type":"product","link":"https:\/\/parapharmacieenligne.ma\/en\/product\/gum-trousse-kids-3-ans\/","title":{"rendered":"GUM TROUSSE KIDS 3 ANS +"},"content":{"rendered":"<p>Le pack contient:<\/p>\n<p>Gum dentifrice kids 3 ans +:<\/p>\n<p>FAVORISE LA PR\u00c9VENTION DES CARIES &#8211; Protection contre les attaques acides<\/p>\n<p>\u2022 Sa formulation unique fluor\u00e9e (500 ppm de Fluor) combin\u00e9e \u00e0 l&rsquo;Isomalt agit sur la remin\u00e9ralisation, pour des dents de lait fortes et en bonne sant\u00e9.<\/p>\n<p>Gum brosse a dents soft kids 2 ans +:<\/p>\n<p>Permet d&rsquo;\u00e9liminer la plaque et ainsi lutter contre l&rsquo;apparition des caries, y compris le long du sillon gingival.<\/p>\n<p>+ STYLO et Trousse GUM offerts<\/p>","protected":false},"excerpt":{"rendered":"<p>Le pack contient: Gum dentifrice kids 3 ans +: FAVORISE LA PR\u00c9VENTION DES CARIES &#8211; Protection contre les attaques acides \u2022 Sa&hellip;<\/p>","protected":false},"featured_media":19518,"comment_status":"open","ping_status":"closed","template":"","meta":[],"product_cat":[88],"product_tag":[],"yith_product_brand":[215],"class_list":{"0":"post-19519","1":"product","2":"type-product","3":"status-publish","4":"has-post-thumbnail","6":"product_cat-soins-bucco-dentaires","7":"yith_product_brand-g-u-m","9":"first","10":"instock","11":"sale","12":"shipping-taxable","13":"purchasable","14":"product-type-simple"},"_links":{"self":[{"href":"https:\/\/parapharmacieenligne.ma\/en\/wp-json\/wp\/v2\/product\/19519","targetHints":{"allow":["GET"]}}],"collection":[{"href":"https:\/\/parapharmacieenligne.ma\/en\/wp-json\/wp\/v2\/product"}],"about":[{"href":"https:\/\/parapharmacieenligne.ma\/en\/wp-json\/wp\/v2\/types\/product"}],"replies":[{"embeddable":true,"href":"https:\/\/parapharmacieenligne.ma\/en\/wp-json\/wp\/v2\/comments?post=19519"}],"version-history":[{"count":1,"href":"https:\/\/parapharmacieenligne.ma\/en\/wp-json\/wp\/v2\/product\/19519\/revisions"}],"predecessor-version":[{"id":19520,"href":"https:\/\/parapharmacieenligne.ma\/en\/wp-json\/wp\/v2\/product\/19519\/revisions\/19520"}],"wp:featuredmedia":[{"embeddable":true,"href":"https:\/\/parapharmacieenligne.ma\/en\/wp-json\/wp\/v2\/media\/19518"}],"wp:attachment":[{"href":"https:\/\/parapharmacieenligne.ma\/en\/wp-json\/wp\/v2\/media?parent=19519"}],"wp:term":[{"taxonomy":"product_cat","embeddable":true,"href":"https:\/\/parapharmacieenligne.ma\/en\/wp-json\/wp\/v2\/product_cat?post=19519"},{"taxonomy":"product_tag","embeddable":true,"href":"https:\/\/parapharmacieenligne.ma\/en\/wp-json\/wp\/v2\/product_tag?post=19519"},{"taxonomy":"yith_product_brand","embeddable":true,"href":"https:\/\/parapharmacieenligne.ma\/en\/wp-json\/wp\/v2\/yith_product_brand?post=19519"}],"curies":[{"name":"wp","href":"https:\/\/api.w.org\/{rel}","templated":true}]}}