{"id":19531,"date":"2026-04-12T01:10:23","date_gmt":"2026-04-11T23:10:23","guid":{"rendered":"https:\/\/parapharmacieenligne.ma\/?post_type=product&#038;p=19531"},"modified":"2026-04-12T01:10:28","modified_gmt":"2026-04-11T23:10:28","slug":"gum-trousse-blancheur-original-white","status":"publish","type":"product","link":"https:\/\/parapharmacieenligne.ma\/en\/product\/gum-trousse-blancheur-original-white\/","title":{"rendered":"GUM TROUSSE BLANCHEUR ORIGINAL WHITE"},"content":{"rendered":"<p>La trousse original white contient :<\/p>\n<p>Dentifrice original white 75 ml:<\/p>\n<p>Elimination des colorations : Elimine en douceur les colorations en surface sans ab\u00eemer l\u2019\u00e9mail gr\u00e2ce \u00e0 l\u2019action de la silice hautement nettoyante et faiblement abrasive.<br \/>\nDissolution des impuret\u00e9s : Dissout les impuret\u00e9s m\u00eame au niveau des asp\u00e9rit\u00e9s de l\u2019\u00e9mail gr\u00e2ce \u00e0 l\u2019actif unique StainClear.<br \/>\nPr\u00e9vention des colorations : D\u00e9pose une couche protectrice pour pr\u00e9venir la r\u00e9apparition et l\u2019accumulation des colorations.<br \/>\nBrosse a dents technique + medium :<\/p>\n<p>La Brosse \u00e0 Dents Medium de la gamme ORIGINAL WHITE de G.U.M permet une \u00e9limination des colorations dentaires sup\u00e9rieures, gr\u00e2ce \u00e0 des brins qui sont recouverts d\u2019un \u00e9lastom\u00e8re sp\u00e9cial pour aider les dents \u00e0 retrouver leur blancheur naturelle des dents.<\/p>\n<p>Fil dentaire gum originale white :<\/p>\n<p>Le fil dentaire GUM Original White aide \u00e0 \u00e9liminer la plaque dentaire et les taches situ\u00e9es entre les dents gr\u00e2ce \u00e0 la silice recouvrant sa surface, pour une action dans les zones qu\u2019une brosse \u00e0 dents peut difficilement atteindre.<\/p>","protected":false},"excerpt":{"rendered":"<p>La trousse original white contient : Dentifrice original white 75 ml: Elimination des colorations : Elimine en douceur les colorations en surface&hellip;<\/p>","protected":false},"featured_media":19530,"comment_status":"open","ping_status":"closed","template":"","meta":[],"product_cat":[88],"product_tag":[],"yith_product_brand":[215],"class_list":{"0":"post-19531","1":"product","2":"type-product","3":"status-publish","4":"has-post-thumbnail","6":"product_cat-soins-bucco-dentaires","7":"yith_product_brand-g-u-m","9":"first","10":"instock","11":"sale","12":"shipping-taxable","13":"purchasable","14":"product-type-simple"},"_links":{"self":[{"href":"https:\/\/parapharmacieenligne.ma\/en\/wp-json\/wp\/v2\/product\/19531","targetHints":{"allow":["GET"]}}],"collection":[{"href":"https:\/\/parapharmacieenligne.ma\/en\/wp-json\/wp\/v2\/product"}],"about":[{"href":"https:\/\/parapharmacieenligne.ma\/en\/wp-json\/wp\/v2\/types\/product"}],"replies":[{"embeddable":true,"href":"https:\/\/parapharmacieenligne.ma\/en\/wp-json\/wp\/v2\/comments?post=19531"}],"version-history":[{"count":1,"href":"https:\/\/parapharmacieenligne.ma\/en\/wp-json\/wp\/v2\/product\/19531\/revisions"}],"predecessor-version":[{"id":19532,"href":"https:\/\/parapharmacieenligne.ma\/en\/wp-json\/wp\/v2\/product\/19531\/revisions\/19532"}],"wp:featuredmedia":[{"embeddable":true,"href":"https:\/\/parapharmacieenligne.ma\/en\/wp-json\/wp\/v2\/media\/19530"}],"wp:attachment":[{"href":"https:\/\/parapharmacieenligne.ma\/en\/wp-json\/wp\/v2\/media?parent=19531"}],"wp:term":[{"taxonomy":"product_cat","embeddable":true,"href":"https:\/\/parapharmacieenligne.ma\/en\/wp-json\/wp\/v2\/product_cat?post=19531"},{"taxonomy":"product_tag","embeddable":true,"href":"https:\/\/parapharmacieenligne.ma\/en\/wp-json\/wp\/v2\/product_tag?post=19531"},{"taxonomy":"yith_product_brand","embeddable":true,"href":"https:\/\/parapharmacieenligne.ma\/en\/wp-json\/wp\/v2\/yith_product_brand?post=19531"}],"curies":[{"name":"wp","href":"https:\/\/api.w.org\/{rel}","templated":true}]}}