{"id":19534,"date":"2026-04-12T01:10:35","date_gmt":"2026-04-11T23:10:35","guid":{"rendered":"https:\/\/parapharmacieenligne.ma\/?post_type=product&#038;p=19534"},"modified":"2026-04-12T01:10:44","modified_gmt":"2026-04-11T23:10:44","slug":"gum-coffret-original-white-lot-de-2-dentifrices","status":"publish","type":"product","link":"https:\/\/parapharmacieenligne.ma\/en\/product\/gum-coffret-original-white-lot-de-2-dentifrices\/","title":{"rendered":"GUM COFFRET ORIGINAL WHITE LOT DE 2 DENTIFRICES"},"content":{"rendered":"<p>GUM\u00ae Original White vous offre la possibilit\u00e9 :<\/p>\n<p>&#8211; d&rsquo;\u00e9liminer ces colorations en douceur.<\/p>\n<p>&#8211; de pr\u00e9venir leur r\u00e9apparition gr\u00e2ce \u00e0 une formule originale. sans agents agressifs.<\/p>\n<p>&#8211; de maintenir efficacement le r\u00e9sultat obtenu apr\u00e8s un blanchiment professionnel.<\/p>","protected":false},"excerpt":{"rendered":"<p>GUM\u00ae Original White vous offre la possibilit\u00e9 : &#8211; d&rsquo;\u00e9liminer ces colorations en douceur. &#8211; de pr\u00e9venir leur r\u00e9apparition gr\u00e2ce \u00e0 une&hellip;<\/p>","protected":false},"featured_media":19533,"comment_status":"open","ping_status":"closed","template":"","meta":[],"product_cat":[88],"product_tag":[],"yith_product_brand":[215],"class_list":{"0":"post-19534","1":"product","2":"type-product","3":"status-publish","4":"has-post-thumbnail","6":"product_cat-soins-bucco-dentaires","7":"yith_product_brand-g-u-m","9":"first","10":"instock","11":"sale","12":"shipping-taxable","13":"purchasable","14":"product-type-simple"},"_links":{"self":[{"href":"https:\/\/parapharmacieenligne.ma\/en\/wp-json\/wp\/v2\/product\/19534","targetHints":{"allow":["GET"]}}],"collection":[{"href":"https:\/\/parapharmacieenligne.ma\/en\/wp-json\/wp\/v2\/product"}],"about":[{"href":"https:\/\/parapharmacieenligne.ma\/en\/wp-json\/wp\/v2\/types\/product"}],"replies":[{"embeddable":true,"href":"https:\/\/parapharmacieenligne.ma\/en\/wp-json\/wp\/v2\/comments?post=19534"}],"version-history":[{"count":1,"href":"https:\/\/parapharmacieenligne.ma\/en\/wp-json\/wp\/v2\/product\/19534\/revisions"}],"predecessor-version":[{"id":19535,"href":"https:\/\/parapharmacieenligne.ma\/en\/wp-json\/wp\/v2\/product\/19534\/revisions\/19535"}],"wp:featuredmedia":[{"embeddable":true,"href":"https:\/\/parapharmacieenligne.ma\/en\/wp-json\/wp\/v2\/media\/19533"}],"wp:attachment":[{"href":"https:\/\/parapharmacieenligne.ma\/en\/wp-json\/wp\/v2\/media?parent=19534"}],"wp:term":[{"taxonomy":"product_cat","embeddable":true,"href":"https:\/\/parapharmacieenligne.ma\/en\/wp-json\/wp\/v2\/product_cat?post=19534"},{"taxonomy":"product_tag","embeddable":true,"href":"https:\/\/parapharmacieenligne.ma\/en\/wp-json\/wp\/v2\/product_tag?post=19534"},{"taxonomy":"yith_product_brand","embeddable":true,"href":"https:\/\/parapharmacieenligne.ma\/en\/wp-json\/wp\/v2\/yith_product_brand?post=19534"}],"curies":[{"name":"wp","href":"https:\/\/api.w.org\/{rel}","templated":true}]}}