{"id":19537,"date":"2026-04-12T01:10:52","date_gmt":"2026-04-11T23:10:52","guid":{"rendered":"https:\/\/parapharmacieenligne.ma\/?post_type=product&#038;p=19537"},"modified":"2026-04-12T01:10:57","modified_gmt":"2026-04-11T23:10:57","slug":"gum-junior-6-pack-2-dentifrices","status":"publish","type":"product","link":"https:\/\/parapharmacieenligne.ma\/en\/product\/gum-junior-6-pack-2-dentifrices\/","title":{"rendered":"GUM JUNIOR 6+ PACK 2 DENTIFRICES"},"content":{"rendered":"<p>FAVORISE LA PR\u00c9VENTION DES CARIES &#8211; Protection contre les attaques acides<\/p>\n<p>\u2022 Sa formulation unique fluor\u00e9e (1000 ppm de Fluor) combin\u00e9e \u00e0 l&rsquo;Isomalt agit sur la remin\u00e9ralisation, pour fortifier les dents d\u00e9finitives de votre enfant et les maintenir en bonne sant\u00e9 \u00e0 chaque \u00e9tape de leur formation.<\/p>\n<p>\u2022 Il aide \u00e0 fixer le fluor du dentifrice sur l&rsquo;\u00e9mail pour des dents plus fortes.<\/p>\n<p>\u2022 Au d\u00e9licieux go\u00fbt de jus d&rsquo;orange.<\/p>","protected":false},"excerpt":{"rendered":"<p>FAVORISE LA PR\u00c9VENTION DES CARIES &#8211; Protection contre les attaques acides \u2022 Sa formulation unique fluor\u00e9e (1000 ppm de Fluor) combin\u00e9e \u00e0&hellip;<\/p>","protected":false},"featured_media":19536,"comment_status":"open","ping_status":"closed","template":"","meta":[],"product_cat":[88],"product_tag":[],"yith_product_brand":[215],"class_list":{"0":"post-19537","1":"product","2":"type-product","3":"status-publish","4":"has-post-thumbnail","6":"product_cat-soins-bucco-dentaires","7":"yith_product_brand-g-u-m","9":"first","10":"instock","11":"sale","12":"shipping-taxable","13":"purchasable","14":"product-type-simple"},"_links":{"self":[{"href":"https:\/\/parapharmacieenligne.ma\/en\/wp-json\/wp\/v2\/product\/19537","targetHints":{"allow":["GET"]}}],"collection":[{"href":"https:\/\/parapharmacieenligne.ma\/en\/wp-json\/wp\/v2\/product"}],"about":[{"href":"https:\/\/parapharmacieenligne.ma\/en\/wp-json\/wp\/v2\/types\/product"}],"replies":[{"embeddable":true,"href":"https:\/\/parapharmacieenligne.ma\/en\/wp-json\/wp\/v2\/comments?post=19537"}],"version-history":[{"count":1,"href":"https:\/\/parapharmacieenligne.ma\/en\/wp-json\/wp\/v2\/product\/19537\/revisions"}],"predecessor-version":[{"id":19538,"href":"https:\/\/parapharmacieenligne.ma\/en\/wp-json\/wp\/v2\/product\/19537\/revisions\/19538"}],"wp:featuredmedia":[{"embeddable":true,"href":"https:\/\/parapharmacieenligne.ma\/en\/wp-json\/wp\/v2\/media\/19536"}],"wp:attachment":[{"href":"https:\/\/parapharmacieenligne.ma\/en\/wp-json\/wp\/v2\/media?parent=19537"}],"wp:term":[{"taxonomy":"product_cat","embeddable":true,"href":"https:\/\/parapharmacieenligne.ma\/en\/wp-json\/wp\/v2\/product_cat?post=19537"},{"taxonomy":"product_tag","embeddable":true,"href":"https:\/\/parapharmacieenligne.ma\/en\/wp-json\/wp\/v2\/product_tag?post=19537"},{"taxonomy":"yith_product_brand","embeddable":true,"href":"https:\/\/parapharmacieenligne.ma\/en\/wp-json\/wp\/v2\/yith_product_brand?post=19537"}],"curies":[{"name":"wp","href":"https:\/\/api.w.org\/{rel}","templated":true}]}}