{"id":19540,"date":"2026-04-12T01:11:07","date_gmt":"2026-04-11T23:11:07","guid":{"rendered":"https:\/\/parapharmacieenligne.ma\/?post_type=product&#038;p=19540"},"modified":"2026-04-12T01:11:13","modified_gmt":"2026-04-11T23:11:13","slug":"gum-coffret-dentifrice-enfants-fluore-3-ans-lot-de-2-x-50-ml","status":"publish","type":"product","link":"https:\/\/parapharmacieenligne.ma\/en\/product\/gum-coffret-dentifrice-enfants-fluore-3-ans-lot-de-2-x-50-ml\/","title":{"rendered":"GUM COFFRET DENTIFRICE ENFANTS FLUORE 3 ANS + LOT DE 2 x 50 ML"},"content":{"rendered":"<p>GUM Kids Dentifrice 3 Ans + Lot de 2 x 50 ml est un gel dentifrice sp\u00e9cifiquement formul\u00e9 avec une combinaison de fluor et d&rsquo;isomalt, pour favoriser la pr\u00e9vention des caries et la remin\u00e9ralisation de l&rsquo;\u00e9mail. Sa formule est douce pour les gencives et les dents de lait des enfants.<\/p>\n<p>Il contient 0,11% p\/p de fluorure de sodium (500 ppm d&rsquo;ions fluor).<\/p>\n<p>Il est recommand\u00e9 de brosser les dents des enfants au moins 1 fois par jour avant l&rsquo;\u00e2ge de 3 ans et au moins 2 fois par jour jusqu&rsquo;\u00e0 l&rsquo;\u00e2ge de 6 ans et l&rsquo;accompagner dans son brossage.<\/p>","protected":false},"excerpt":{"rendered":"<p>GUM Kids Dentifrice 3 Ans + Lot de 2 x 50 ml est un gel dentifrice sp\u00e9cifiquement formul\u00e9 avec une combinaison de&hellip;<\/p>","protected":false},"featured_media":19539,"comment_status":"open","ping_status":"closed","template":"","meta":[],"product_cat":[88],"product_tag":[],"yith_product_brand":[215],"class_list":{"0":"post-19540","1":"product","2":"type-product","3":"status-publish","4":"has-post-thumbnail","6":"product_cat-soins-bucco-dentaires","7":"yith_product_brand-g-u-m","9":"first","10":"instock","11":"sale","12":"shipping-taxable","13":"purchasable","14":"product-type-simple"},"_links":{"self":[{"href":"https:\/\/parapharmacieenligne.ma\/en\/wp-json\/wp\/v2\/product\/19540","targetHints":{"allow":["GET"]}}],"collection":[{"href":"https:\/\/parapharmacieenligne.ma\/en\/wp-json\/wp\/v2\/product"}],"about":[{"href":"https:\/\/parapharmacieenligne.ma\/en\/wp-json\/wp\/v2\/types\/product"}],"replies":[{"embeddable":true,"href":"https:\/\/parapharmacieenligne.ma\/en\/wp-json\/wp\/v2\/comments?post=19540"}],"version-history":[{"count":1,"href":"https:\/\/parapharmacieenligne.ma\/en\/wp-json\/wp\/v2\/product\/19540\/revisions"}],"predecessor-version":[{"id":19541,"href":"https:\/\/parapharmacieenligne.ma\/en\/wp-json\/wp\/v2\/product\/19540\/revisions\/19541"}],"wp:featuredmedia":[{"embeddable":true,"href":"https:\/\/parapharmacieenligne.ma\/en\/wp-json\/wp\/v2\/media\/19539"}],"wp:attachment":[{"href":"https:\/\/parapharmacieenligne.ma\/en\/wp-json\/wp\/v2\/media?parent=19540"}],"wp:term":[{"taxonomy":"product_cat","embeddable":true,"href":"https:\/\/parapharmacieenligne.ma\/en\/wp-json\/wp\/v2\/product_cat?post=19540"},{"taxonomy":"product_tag","embeddable":true,"href":"https:\/\/parapharmacieenligne.ma\/en\/wp-json\/wp\/v2\/product_tag?post=19540"},{"taxonomy":"yith_product_brand","embeddable":true,"href":"https:\/\/parapharmacieenligne.ma\/en\/wp-json\/wp\/v2\/yith_product_brand?post=19540"}],"curies":[{"name":"wp","href":"https:\/\/api.w.org\/{rel}","templated":true}]}}