{"id":19543,"date":"2026-04-12T01:11:20","date_gmt":"2026-04-11T23:11:20","guid":{"rendered":"https:\/\/parapharmacieenligne.ma\/?post_type=product&#038;p=19543"},"modified":"2026-04-12T01:11:28","modified_gmt":"2026-04-11T23:11:28","slug":"gum-soft-picks-comfort-flex-menthole-40-larges-ref-671","status":"publish","type":"product","link":"https:\/\/parapharmacieenligne.ma\/en\/product\/gum-soft-picks-comfort-flex-menthole-40-larges-ref-671\/","title":{"rendered":"GUM SOFT PICKS COMFORT FLEX MENTHOLE 40 LARGES REF 671"},"content":{"rendered":"<p>Le b\u00e2tonnet interdentaire GUM SOFT-PICKS COMFORT FLEX MINT offre les m\u00eames avantages que le SOFT-PICKS COMFORT FLEX, mais avec un d\u00e9licieux go\u00fbt de menthe fra\u00eeche. Facile \u00e0 utiliser, il est adapt\u00e9 pour nettoyer en douceur et acc\u00e9der facilement \u00e0 toutes les zones interdentaires.<\/p>\n<p>Particuli\u00e8rement discret, ce b\u00e2tonnet sera id\u00e9al pour toutes les situations inattendues !<\/p>\n<p>Pour un nettoyage interdentaire doux et confortable, il convient parfaitement aux personnes aux espaces larges entre les dents ou ayant les gencives fragiles, mais \u00e9galement aux porteurs d\u2019appareils orthodontiques ou de bridges.<\/p>","protected":false},"excerpt":{"rendered":"<p>Le b\u00e2tonnet interdentaire GUM SOFT-PICKS COMFORT FLEX MINT offre les m\u00eames avantages que le SOFT-PICKS COMFORT FLEX, mais avec un d\u00e9licieux go\u00fbt&hellip;<\/p>","protected":false},"featured_media":19542,"comment_status":"open","ping_status":"closed","template":"","meta":[],"product_cat":[88],"product_tag":[],"yith_product_brand":[215],"class_list":{"0":"post-19543","1":"product","2":"type-product","3":"status-publish","4":"has-post-thumbnail","6":"product_cat-soins-bucco-dentaires","7":"yith_product_brand-g-u-m","9":"first","10":"instock","11":"sale","12":"shipping-taxable","13":"purchasable","14":"product-type-simple"},"_links":{"self":[{"href":"https:\/\/parapharmacieenligne.ma\/en\/wp-json\/wp\/v2\/product\/19543","targetHints":{"allow":["GET"]}}],"collection":[{"href":"https:\/\/parapharmacieenligne.ma\/en\/wp-json\/wp\/v2\/product"}],"about":[{"href":"https:\/\/parapharmacieenligne.ma\/en\/wp-json\/wp\/v2\/types\/product"}],"replies":[{"embeddable":true,"href":"https:\/\/parapharmacieenligne.ma\/en\/wp-json\/wp\/v2\/comments?post=19543"}],"version-history":[{"count":1,"href":"https:\/\/parapharmacieenligne.ma\/en\/wp-json\/wp\/v2\/product\/19543\/revisions"}],"predecessor-version":[{"id":19544,"href":"https:\/\/parapharmacieenligne.ma\/en\/wp-json\/wp\/v2\/product\/19543\/revisions\/19544"}],"wp:featuredmedia":[{"embeddable":true,"href":"https:\/\/parapharmacieenligne.ma\/en\/wp-json\/wp\/v2\/media\/19542"}],"wp:attachment":[{"href":"https:\/\/parapharmacieenligne.ma\/en\/wp-json\/wp\/v2\/media?parent=19543"}],"wp:term":[{"taxonomy":"product_cat","embeddable":true,"href":"https:\/\/parapharmacieenligne.ma\/en\/wp-json\/wp\/v2\/product_cat?post=19543"},{"taxonomy":"product_tag","embeddable":true,"href":"https:\/\/parapharmacieenligne.ma\/en\/wp-json\/wp\/v2\/product_tag?post=19543"},{"taxonomy":"yith_product_brand","embeddable":true,"href":"https:\/\/parapharmacieenligne.ma\/en\/wp-json\/wp\/v2\/yith_product_brand?post=19543"}],"curies":[{"name":"wp","href":"https:\/\/api.w.org\/{rel}","templated":true}]}}