{"id":19546,"date":"2026-04-12T01:11:35","date_gmt":"2026-04-11T23:11:35","guid":{"rendered":"https:\/\/parapharmacieenligne.ma\/?post_type=product&#038;p=19546"},"modified":"2026-04-12T01:11:42","modified_gmt":"2026-04-11T23:11:42","slug":"gum-dentifrice-original-white-75-ml-ref-1745","status":"publish","type":"product","link":"https:\/\/parapharmacieenligne.ma\/en\/product\/gum-dentifrice-original-white-75-ml-ref-1745\/","title":{"rendered":"GUM DENTIFRICE ORIGINAL WHITE 75 ML REF 1745"},"content":{"rendered":"<p>La nouvelle formule a d\u00e9montr\u00e9 cliniquement son efficacit\u00e9 dans :<br \/>\n\u2022 L&rsquo;\u00e9limination des colorations<br \/>\n\u2022 La pr\u00e9vention de leur r\u00e9apparition<br \/>\nTout en renfor\u00e7ant vos gencives et vos dents<br \/>\nElimination des colorations<\/p>\n<p>Elimine en douceur les colorations en surface sans ab\u00eemer l&rsquo;\u00e9mail gr\u00e2ce \u00e0 l&rsquo;action de la silice hautement nettoyante et faiblement abrasive.<\/p>\n<p>Dissolution des impuret\u00e9s<\/p>\n<p>Dissout les impuret\u00e9s m\u00eame au niveau des asp\u00e9rit\u00e9s de l&rsquo;\u00e9mail gr\u00e2ce \u00e0 l&rsquo;actif unique StainClear.<\/p>\n<p>Pr\u00e9vention des colorations<\/p>\n<p>D\u00e9pose une couche protectrice pour pr\u00e9venir la r\u00e9apparition et l&rsquo;accumulation des colorations.<\/p>\n<p>Une efficacit\u00e9 am\u00e9lior\u00e9e<\/p>\n<p>Am\u00e9liore l&rsquo;\u00e9limination des colorations gr\u00e2ce aux micro-bulles d\u00e9livrant une plus grande quantit\u00e9 d&rsquo;agent StainClear sur l&rsquo;ensemble de la surface des dents.<\/p>\n<p>Des gencives plus saines<\/p>\n<p>Revitalise les gencives &#8211; Pro-vitamine B5, Vitamine E et Allanto\u00efne.<\/p>\n<p>Des dents plus fortes<\/p>\n<p>Renforce et prot\u00e8ge l&rsquo;\u00e9mail dentaire &#8211; Fluorure de Sodium (1490 ppm) + Isomalt<\/p>\n<p>Sans agents blanchissants. Formule non agressive.<\/p>","protected":false},"excerpt":{"rendered":"<p>La nouvelle formule a d\u00e9montr\u00e9 cliniquement son efficacit\u00e9 dans : \u2022 L&rsquo;\u00e9limination des colorations \u2022 La pr\u00e9vention de leur r\u00e9apparition Tout en&hellip;<\/p>","protected":false},"featured_media":19545,"comment_status":"open","ping_status":"closed","template":"","meta":[],"product_cat":[88],"product_tag":[],"yith_product_brand":[215],"class_list":{"0":"post-19546","1":"product","2":"type-product","3":"status-publish","4":"has-post-thumbnail","6":"product_cat-soins-bucco-dentaires","7":"yith_product_brand-g-u-m","9":"first","10":"instock","11":"sale","12":"shipping-taxable","13":"purchasable","14":"product-type-simple"},"_links":{"self":[{"href":"https:\/\/parapharmacieenligne.ma\/en\/wp-json\/wp\/v2\/product\/19546","targetHints":{"allow":["GET"]}}],"collection":[{"href":"https:\/\/parapharmacieenligne.ma\/en\/wp-json\/wp\/v2\/product"}],"about":[{"href":"https:\/\/parapharmacieenligne.ma\/en\/wp-json\/wp\/v2\/types\/product"}],"replies":[{"embeddable":true,"href":"https:\/\/parapharmacieenligne.ma\/en\/wp-json\/wp\/v2\/comments?post=19546"}],"version-history":[{"count":1,"href":"https:\/\/parapharmacieenligne.ma\/en\/wp-json\/wp\/v2\/product\/19546\/revisions"}],"predecessor-version":[{"id":19547,"href":"https:\/\/parapharmacieenligne.ma\/en\/wp-json\/wp\/v2\/product\/19546\/revisions\/19547"}],"wp:featuredmedia":[{"embeddable":true,"href":"https:\/\/parapharmacieenligne.ma\/en\/wp-json\/wp\/v2\/media\/19545"}],"wp:attachment":[{"href":"https:\/\/parapharmacieenligne.ma\/en\/wp-json\/wp\/v2\/media?parent=19546"}],"wp:term":[{"taxonomy":"product_cat","embeddable":true,"href":"https:\/\/parapharmacieenligne.ma\/en\/wp-json\/wp\/v2\/product_cat?post=19546"},{"taxonomy":"product_tag","embeddable":true,"href":"https:\/\/parapharmacieenligne.ma\/en\/wp-json\/wp\/v2\/product_tag?post=19546"},{"taxonomy":"yith_product_brand","embeddable":true,"href":"https:\/\/parapharmacieenligne.ma\/en\/wp-json\/wp\/v2\/yith_product_brand?post=19546"}],"curies":[{"name":"wp","href":"https:\/\/api.w.org\/{rel}","templated":true}]}}