{"id":19549,"date":"2026-04-12T01:11:49","date_gmt":"2026-04-11T23:11:49","guid":{"rendered":"https:\/\/parapharmacieenligne.ma\/?post_type=product&#038;p=19549"},"modified":"2026-04-12T01:11:58","modified_gmt":"2026-04-11T23:11:58","slug":"gum-dentifrice-paroex-75-ml-ref-1770","status":"publish","type":"product","link":"https:\/\/parapharmacieenligne.ma\/en\/product\/gum-dentifrice-paroex-75-ml-ref-1770\/","title":{"rendered":"GUM DENTIFRICE PAROEX 75 ML REF 1770"},"content":{"rendered":"<p>Sp\u00e9cifiquement formul\u00e9 pour un contr\u00f4le \u00ab\u00a0professionnel\u00a0\u00bb de la plaque dentaire pour une meilleure sant\u00e9 des gencives. Contribue \u00e0 pr\u00e9venir l&rsquo;accumulation de la plaque dentaire et \u00e0 fournir une protection durable contre les probl\u00e8mes de gencives.Recommand\u00e9 en pr\u00e9- et post- chirurgie buccale, dans l&rsquo;extraction des dents et en cas de pose d&rsquo;implant.<\/p>","protected":false},"excerpt":{"rendered":"<p>Sp\u00e9cifiquement formul\u00e9 pour un contr\u00f4le \u00ab\u00a0professionnel\u00a0\u00bb de la plaque dentaire pour une meilleure sant\u00e9 des gencives. Contribue \u00e0 pr\u00e9venir l&rsquo;accumulation de la&hellip;<\/p>","protected":false},"featured_media":19548,"comment_status":"open","ping_status":"closed","template":"","meta":[],"product_cat":[88],"product_tag":[],"yith_product_brand":[215],"class_list":{"0":"post-19549","1":"product","2":"type-product","3":"status-publish","4":"has-post-thumbnail","6":"product_cat-soins-bucco-dentaires","7":"yith_product_brand-g-u-m","9":"first","10":"instock","11":"sale","12":"shipping-taxable","13":"purchasable","14":"product-type-simple"},"_links":{"self":[{"href":"https:\/\/parapharmacieenligne.ma\/en\/wp-json\/wp\/v2\/product\/19549","targetHints":{"allow":["GET"]}}],"collection":[{"href":"https:\/\/parapharmacieenligne.ma\/en\/wp-json\/wp\/v2\/product"}],"about":[{"href":"https:\/\/parapharmacieenligne.ma\/en\/wp-json\/wp\/v2\/types\/product"}],"replies":[{"embeddable":true,"href":"https:\/\/parapharmacieenligne.ma\/en\/wp-json\/wp\/v2\/comments?post=19549"}],"version-history":[{"count":1,"href":"https:\/\/parapharmacieenligne.ma\/en\/wp-json\/wp\/v2\/product\/19549\/revisions"}],"predecessor-version":[{"id":19550,"href":"https:\/\/parapharmacieenligne.ma\/en\/wp-json\/wp\/v2\/product\/19549\/revisions\/19550"}],"wp:featuredmedia":[{"embeddable":true,"href":"https:\/\/parapharmacieenligne.ma\/en\/wp-json\/wp\/v2\/media\/19548"}],"wp:attachment":[{"href":"https:\/\/parapharmacieenligne.ma\/en\/wp-json\/wp\/v2\/media?parent=19549"}],"wp:term":[{"taxonomy":"product_cat","embeddable":true,"href":"https:\/\/parapharmacieenligne.ma\/en\/wp-json\/wp\/v2\/product_cat?post=19549"},{"taxonomy":"product_tag","embeddable":true,"href":"https:\/\/parapharmacieenligne.ma\/en\/wp-json\/wp\/v2\/product_tag?post=19549"},{"taxonomy":"yith_product_brand","embeddable":true,"href":"https:\/\/parapharmacieenligne.ma\/en\/wp-json\/wp\/v2\/yith_product_brand?post=19549"}],"curies":[{"name":"wp","href":"https:\/\/api.w.org\/{rel}","templated":true}]}}