{"id":19552,"date":"2026-04-12T01:12:07","date_gmt":"2026-04-11T23:12:07","guid":{"rendered":"https:\/\/parapharmacieenligne.ma\/?post_type=product&#038;p=19552"},"modified":"2026-04-12T01:12:12","modified_gmt":"2026-04-11T23:12:12","slug":"gum-soft-picks-pro-m-ultra-soft-pack-de-30","status":"publish","type":"product","link":"https:\/\/parapharmacieenligne.ma\/en\/product\/gum-soft-picks-pro-m-ultra-soft-pack-de-30\/","title":{"rendered":"GUM SOFT PICKS PRO M ULTRA SOFT PACK DE 30"},"content":{"rendered":"<p>Les GUM Soft-Picks Pro Ultra Soft en pack de 30 sont une solution innovante et ultra douce pour le nettoyage interdentaire. Con\u00e7us pour s&rsquo;int\u00e9grer dans votre routine d&rsquo;hygi\u00e8ne bucco-dentaire quotidienne, ils sont id\u00e9aux pour \u00e9liminer efficacement la plaque et les r\u00e9sidus alimentaires dans les espaces o\u00f9 la brosse \u00e0 dents ne peut acc\u00e9der. Gr\u00e2ce \u00e0 leur t\u00eate repens\u00e9e, ils offrent un nettoyage sup\u00e9rieur de 50 % et garantissent une sensation de fra\u00eecheur et de propret\u00e9 apr\u00e8s chaque utilisation.<\/p>\n<p>Avec leur poign\u00e9e ergonomique, les GUM Soft-Picks Pro sont particuli\u00e8rement faciles \u00e0 ins\u00e9rer et \u00e0 glisser entre les dents, m\u00eame celles du fond, pour un acc\u00e8s simplifi\u00e9. Fabriqu\u00e9s en brins ultra-doux, ces b\u00e2tonnets conviennent parfaitement aux dents et gencives sensibles, assurant un nettoyage indolore et d\u00e9licat. De plus, ils sont \u00e9galement recommand\u00e9s pour les personnes portant des ponts dentaires ou des appareils orthodontiques, leur souplesse et leur douceur aidant \u00e0 pr\u00e9venir toute irritation.<\/p>\n<p>Facilement transportables, ces Soft-Picks sont pratiques pour \u00eatre utilis\u00e9s \u00e0 tout moment de la journ\u00e9e, o\u00f9 que vous soyez. Ne n\u00e9cessitant qu&rsquo;une simple insertion entre les dents, ils deviennent un compl\u00e9ment indispensable \u00e0 la brosse \u00e0 dents pour une hygi\u00e8ne parfaite. Test\u00e9s et approuv\u00e9s par la majorit\u00e9 des utilisateurs, ces b\u00e2tonnets sont le choix id\u00e9al pour une hygi\u00e8ne bucco-dentaire impeccable sans compromettre le confort.<\/p>\n<p>Conseils d&rsquo;utilisation :<\/p>\n<p>Utilisez GUM Soft-Picks Pro apr\u00e8s chaque repas ou avant le brossage pour un nettoyage approfondi.<br \/>\nIns\u00e9rez doucement le b\u00e2tonnet entre chaque espace interdentaire, en effectuant un mouvement de va-et-vient pour d\u00e9loger les r\u00e9sidus.<br \/>\nPassez \u00e0 une nouvelle bandelette si elle devient us\u00e9e. Ne r\u00e9utilisez pas le m\u00eame b\u00e2tonnet pour un r\u00e9sultat optimal.<\/p>","protected":false},"excerpt":{"rendered":"<p>Les GUM Soft-Picks Pro Ultra Soft en pack de 30 sont une solution innovante et ultra douce pour le nettoyage interdentaire. Con\u00e7us&hellip;<\/p>","protected":false},"featured_media":19551,"comment_status":"open","ping_status":"closed","template":"","meta":[],"product_cat":[88],"product_tag":[],"yith_product_brand":[215],"class_list":{"0":"post-19552","1":"product","2":"type-product","3":"status-publish","4":"has-post-thumbnail","6":"product_cat-soins-bucco-dentaires","7":"yith_product_brand-g-u-m","9":"first","10":"instock","11":"sale","12":"shipping-taxable","13":"purchasable","14":"product-type-simple"},"_links":{"self":[{"href":"https:\/\/parapharmacieenligne.ma\/en\/wp-json\/wp\/v2\/product\/19552","targetHints":{"allow":["GET"]}}],"collection":[{"href":"https:\/\/parapharmacieenligne.ma\/en\/wp-json\/wp\/v2\/product"}],"about":[{"href":"https:\/\/parapharmacieenligne.ma\/en\/wp-json\/wp\/v2\/types\/product"}],"replies":[{"embeddable":true,"href":"https:\/\/parapharmacieenligne.ma\/en\/wp-json\/wp\/v2\/comments?post=19552"}],"version-history":[{"count":1,"href":"https:\/\/parapharmacieenligne.ma\/en\/wp-json\/wp\/v2\/product\/19552\/revisions"}],"predecessor-version":[{"id":19553,"href":"https:\/\/parapharmacieenligne.ma\/en\/wp-json\/wp\/v2\/product\/19552\/revisions\/19553"}],"wp:featuredmedia":[{"embeddable":true,"href":"https:\/\/parapharmacieenligne.ma\/en\/wp-json\/wp\/v2\/media\/19551"}],"wp:attachment":[{"href":"https:\/\/parapharmacieenligne.ma\/en\/wp-json\/wp\/v2\/media?parent=19552"}],"wp:term":[{"taxonomy":"product_cat","embeddable":true,"href":"https:\/\/parapharmacieenligne.ma\/en\/wp-json\/wp\/v2\/product_cat?post=19552"},{"taxonomy":"product_tag","embeddable":true,"href":"https:\/\/parapharmacieenligne.ma\/en\/wp-json\/wp\/v2\/product_tag?post=19552"},{"taxonomy":"yith_product_brand","embeddable":true,"href":"https:\/\/parapharmacieenligne.ma\/en\/wp-json\/wp\/v2\/yith_product_brand?post=19552"}],"curies":[{"name":"wp","href":"https:\/\/api.w.org\/{rel}","templated":true}]}}