{"id":19555,"date":"2026-04-12T01:12:19","date_gmt":"2026-04-11T23:12:19","guid":{"rendered":"https:\/\/parapharmacieenligne.ma\/?post_type=product&#038;p=19555"},"modified":"2026-04-12T01:12:25","modified_gmt":"2026-04-11T23:12:25","slug":"gum-soft-picks-pro-s-ultra-soft-pack-de-30","status":"publish","type":"product","link":"https:\/\/parapharmacieenligne.ma\/en\/product\/gum-soft-picks-pro-s-ultra-soft-pack-de-30\/","title":{"rendered":"GUM SOFT PICKS PRO S ULTRA SOFT PACK DE 30"},"content":{"rendered":"<p>Les GUM Soft-Picks Pro S Ultra Soft (pack de 30) sont l\u2019innovation incontournable pour un nettoyage interdentaire optimal. Ce produit r\u00e9volutionnaire est con\u00e7u pour atteindre efficacement les zones o\u00f9 la brosse \u00e0 dents ne peut pas acc\u00e9der, offrant une hygi\u00e8ne dentaire plus compl\u00e8te et am\u00e9liorant le soin des dents et des gencives sensibles. Gr\u00e2ce \u00e0 sa t\u00eate repens\u00e9e et \u00e0 ses brins ultra doux, il offre un nettoyage sup\u00e9rieur de 50 %, d\u00e9logeant plaque et r\u00e9sidus alimentaires avec facilit\u00e9, et garantissant une sensation de propret\u00e9 et de fra\u00eecheur tout au long de la journ\u00e9e.<\/p>\n<p>Ces b\u00e2tonnets interdentaire ont \u00e9t\u00e9 pens\u00e9s pour s\u2019int\u00e9grer parfaitement dans votre routine de soins quotidiens. Leur poign\u00e9e ergonomique assure une prise en main confortable, m\u00eame pour atteindre les dents les plus recul\u00e9es, rendant l\u2019utilisation facile et agr\u00e9able. Ce format ultra soft est id\u00e9al pour ceux qui ont les gencives sensibles, et est \u00e9galement compatible avec les ponts et appareils orthodontiques, sans risque d&rsquo;irritation.<\/p>\n<p>Recommand\u00e9s par 9 utilisateurs sur 10 pour leur efficacit\u00e9 et leur confort, les Soft-Picks Pro S sont parfaits pour une hygi\u00e8ne interdentaire de pr\u00e9cision. Faciles \u00e0 emporter partout, ils s\u2019utilisent avant le brossage pour un nettoyage approfondi et sont un excellent compl\u00e9ment pour une bouche saine et un sourire \u00e9clatant.<\/p>\n<p>Conseils d&rsquo;utilisation :<\/p>\n<p>Avant le brossage, ins\u00e9rez d\u00e9licatement un GUM Soft-Pick Pro S entre chaque espace interdentaire.<br \/>\nEffectuez un l\u00e9ger mouvement de va-et-vient pour \u00e9liminer les r\u00e9sidus alimentaires et la plaque.<br \/>\nRenouvelez l\u2019op\u00e9ration apr\u00e8s chaque repas ou lorsque vous ressentez le besoin de rafra\u00eechir votre bouche.<br \/>\nJetez le b\u00e2tonnet apr\u00e8s usage pour garantir une hygi\u00e8ne optimale.<\/p>","protected":false},"excerpt":{"rendered":"<p>Les GUM Soft-Picks Pro S Ultra Soft (pack de 30) sont l\u2019innovation incontournable pour un nettoyage interdentaire optimal. Ce produit r\u00e9volutionnaire est&hellip;<\/p>","protected":false},"featured_media":19554,"comment_status":"open","ping_status":"closed","template":"","meta":[],"product_cat":[88],"product_tag":[],"yith_product_brand":[215],"class_list":{"0":"post-19555","1":"product","2":"type-product","3":"status-publish","4":"has-post-thumbnail","6":"product_cat-soins-bucco-dentaires","7":"yith_product_brand-g-u-m","9":"first","10":"instock","11":"sale","12":"shipping-taxable","13":"purchasable","14":"product-type-simple"},"_links":{"self":[{"href":"https:\/\/parapharmacieenligne.ma\/en\/wp-json\/wp\/v2\/product\/19555","targetHints":{"allow":["GET"]}}],"collection":[{"href":"https:\/\/parapharmacieenligne.ma\/en\/wp-json\/wp\/v2\/product"}],"about":[{"href":"https:\/\/parapharmacieenligne.ma\/en\/wp-json\/wp\/v2\/types\/product"}],"replies":[{"embeddable":true,"href":"https:\/\/parapharmacieenligne.ma\/en\/wp-json\/wp\/v2\/comments?post=19555"}],"version-history":[{"count":1,"href":"https:\/\/parapharmacieenligne.ma\/en\/wp-json\/wp\/v2\/product\/19555\/revisions"}],"predecessor-version":[{"id":19556,"href":"https:\/\/parapharmacieenligne.ma\/en\/wp-json\/wp\/v2\/product\/19555\/revisions\/19556"}],"wp:featuredmedia":[{"embeddable":true,"href":"https:\/\/parapharmacieenligne.ma\/en\/wp-json\/wp\/v2\/media\/19554"}],"wp:attachment":[{"href":"https:\/\/parapharmacieenligne.ma\/en\/wp-json\/wp\/v2\/media?parent=19555"}],"wp:term":[{"taxonomy":"product_cat","embeddable":true,"href":"https:\/\/parapharmacieenligne.ma\/en\/wp-json\/wp\/v2\/product_cat?post=19555"},{"taxonomy":"product_tag","embeddable":true,"href":"https:\/\/parapharmacieenligne.ma\/en\/wp-json\/wp\/v2\/product_tag?post=19555"},{"taxonomy":"yith_product_brand","embeddable":true,"href":"https:\/\/parapharmacieenligne.ma\/en\/wp-json\/wp\/v2\/yith_product_brand?post=19555"}],"curies":[{"name":"wp","href":"https:\/\/api.w.org\/{rel}","templated":true}]}}