{"id":19558,"date":"2026-04-12T01:12:31","date_gmt":"2026-04-11T23:12:31","guid":{"rendered":"https:\/\/parapharmacieenligne.ma\/?post_type=product&#038;p=19558"},"modified":"2026-04-12T01:12:39","modified_gmt":"2026-04-11T23:12:39","slug":"gum-classic-brosse-a-dents-souple-xs","status":"publish","type":"product","link":"https:\/\/parapharmacieenligne.ma\/en\/product\/gum-classic-brosse-a-dents-souple-xs\/","title":{"rendered":"GUM CLASSIC BROSSE A DENTS SOUPLE XS"},"content":{"rendered":"<p>Con\u00e7ue pour les gencives sensibles et les personnes recherchant un brossage doux mais efficace, cette brosse \u00e0 dents est un alli\u00e9 pr\u00e9cieux pour une hygi\u00e8ne bucco-dentaire impeccable. Imaginez une sensation de propret\u00e9 et de fra\u00eecheur apr\u00e8s chaque brossage, sans irritation ni inconfort, gr\u00e2ce \u00e0 des brins souples et une conception pens\u00e9e pour le respect des gencives.<\/p>\n<p>La GUM CLASSIC SOUPLE XS est une version extra-souple de la gamme Classic, id\u00e9ale pour les personnes ayant des gencives d\u00e9licates, sujettes aux saignements ou aux irritations. Ses brins souples permettent un nettoyage en douceur, tout en \u00e9liminant efficacement la plaque dentaire, principale cause des caries et des probl\u00e8mes de gencives. Cette action douce pr\u00e9serve \u00e9galement l&rsquo;\u00e9mail des dents, \u00e9vitant ainsi l&rsquo;usure pr\u00e9matur\u00e9e.<\/p>\n<p>Conseils d&rsquo;utilisation :<\/p>\n<p>Brossez-vous les dents au moins deux fois par jour, pendant deux minutes \u00e0 chaque fois, de pr\u00e9f\u00e9rence apr\u00e8s les repas<\/p>","protected":false},"excerpt":{"rendered":"<p>Con\u00e7ue pour les gencives sensibles et les personnes recherchant un brossage doux mais efficace, cette brosse \u00e0 dents est un alli\u00e9 pr\u00e9cieux&hellip;<\/p>","protected":false},"featured_media":19557,"comment_status":"open","ping_status":"closed","template":"","meta":[],"product_cat":[88],"product_tag":[],"yith_product_brand":[215],"class_list":{"0":"post-19558","1":"product","2":"type-product","3":"status-publish","4":"has-post-thumbnail","6":"product_cat-soins-bucco-dentaires","7":"yith_product_brand-g-u-m","9":"first","10":"instock","11":"sale","12":"shipping-taxable","13":"purchasable","14":"product-type-simple"},"_links":{"self":[{"href":"https:\/\/parapharmacieenligne.ma\/en\/wp-json\/wp\/v2\/product\/19558","targetHints":{"allow":["GET"]}}],"collection":[{"href":"https:\/\/parapharmacieenligne.ma\/en\/wp-json\/wp\/v2\/product"}],"about":[{"href":"https:\/\/parapharmacieenligne.ma\/en\/wp-json\/wp\/v2\/types\/product"}],"replies":[{"embeddable":true,"href":"https:\/\/parapharmacieenligne.ma\/en\/wp-json\/wp\/v2\/comments?post=19558"}],"version-history":[{"count":1,"href":"https:\/\/parapharmacieenligne.ma\/en\/wp-json\/wp\/v2\/product\/19558\/revisions"}],"predecessor-version":[{"id":19559,"href":"https:\/\/parapharmacieenligne.ma\/en\/wp-json\/wp\/v2\/product\/19558\/revisions\/19559"}],"wp:featuredmedia":[{"embeddable":true,"href":"https:\/\/parapharmacieenligne.ma\/en\/wp-json\/wp\/v2\/media\/19557"}],"wp:attachment":[{"href":"https:\/\/parapharmacieenligne.ma\/en\/wp-json\/wp\/v2\/media?parent=19558"}],"wp:term":[{"taxonomy":"product_cat","embeddable":true,"href":"https:\/\/parapharmacieenligne.ma\/en\/wp-json\/wp\/v2\/product_cat?post=19558"},{"taxonomy":"product_tag","embeddable":true,"href":"https:\/\/parapharmacieenligne.ma\/en\/wp-json\/wp\/v2\/product_tag?post=19558"},{"taxonomy":"yith_product_brand","embeddable":true,"href":"https:\/\/parapharmacieenligne.ma\/en\/wp-json\/wp\/v2\/yith_product_brand?post=19558"}],"curies":[{"name":"wp","href":"https:\/\/api.w.org\/{rel}","templated":true}]}}