{"id":19567,"date":"2026-04-12T01:26:45","date_gmt":"2026-04-11T23:26:45","guid":{"rendered":"https:\/\/parapharmacieenligne.ma\/?post_type=product&#038;p=19567"},"modified":"2026-04-12T01:26:52","modified_gmt":"2026-04-11T23:26:52","slug":"gum-bio-bain-de-bouche-menthe-fraiche-300-ml","status":"publish","type":"product","link":"https:\/\/parapharmacieenligne.ma\/en\/product\/gum-bio-bain-de-bouche-menthe-fraiche-300-ml\/","title":{"rendered":"GUM BIO BAIN DE BOUCHE MENTHE FRAICHE 300 ML"},"content":{"rendered":"<p>Prendre soin de sa sant\u00e9 bucco-dentaire est essentiel pour un bien-\u00eatre g\u00e9n\u00e9ral. Le GUM BIO BAIN DE BOUCHE MENTHE FRA\u00ceCHE est sp\u00e9cialement con\u00e7u pour offrir un compl\u00e9ment de soin quotidien, alliant l&rsquo;efficacit\u00e9 reconnue des ingr\u00e9dients naturels \u00e0 la protection avanc\u00e9e n\u00e9cessaire pour un sourire sain. Ce flacon de 300 ml repr\u00e9sente l&rsquo;alliance parfaite entre nature et science, pour une hygi\u00e8ne buccale respectueuse et performante.<\/p>\n<p>Ce bain de bouche se distingue par sa composition :<\/p>\n<p>Formule naturellement douce et efficace : Compos\u00e9 \u00e0 99% d&rsquo;ingr\u00e9dients d&rsquo;origine naturelle, il est id\u00e9al pour ceux qui recherchent des produits moins agressifs, tout en garantissant une hygi\u00e8ne irr\u00e9prochable. Sa formule sans alcool pr\u00e9serve la flore buccale naturelle et \u00e9vite les sensations de picotement ou de br\u00fblure souvent associ\u00e9es aux bains de bouche classiques.<br \/>\nMenthe poivr\u00e9e certifi\u00e9e biologique : Cet ingr\u00e9dient cl\u00e9 apporte une fra\u00eecheur menthol\u00e9e intense et durable, laissant une sensation de propret\u00e9 et de bien-\u00eatre dans toute la bouche. Au-del\u00e0 de l&rsquo;haleine fra\u00eeche, la menthe poivr\u00e9e contribue \u00e0 l&rsquo;\u00e9limination des bact\u00e9ries responsables des mauvaises odeurs.<br \/>\nAloe vera aux vertus apaisantes : L&rsquo;aloe vera certifi\u00e9 biologique est reconnu pour ses propri\u00e9t\u00e9s calmantes et r\u00e9paratrices. Il prend soin de vos gencives, aidant \u00e0 r\u00e9duire les irritations et \u00e0 maintenir leur sant\u00e9, ce qui est crucial pour pr\u00e9venir les probl\u00e8mes parodontaux.<br \/>\nFluor pour une protection renforc\u00e9e : Conform\u00e9ment aux recommandations des experts en sant\u00e9 bucco-dentaire et de la F\u00e9d\u00e9ration Europ\u00e9enne de Parodontologie (EFP), le fluor est un ingr\u00e9dient actif important. Il favorise la pr\u00e9vention des caries dentaires en renfor\u00e7ant l&rsquo;\u00e9mail des dents et en aidant \u00e0 sa remin\u00e9ralisation. C&rsquo;est la garantie d&rsquo;une protection optimale contre les agressions acides.<br \/>\nConseils d&rsquo;utilisation :<\/p>\n<p>Utilisez le bain de bouche deux fois par jour, matin et soir, apr\u00e8s le brossage des dents.<\/p>","protected":false},"excerpt":{"rendered":"<p>Prendre soin de sa sant\u00e9 bucco-dentaire est essentiel pour un bien-\u00eatre g\u00e9n\u00e9ral. Le GUM BIO BAIN DE BOUCHE MENTHE FRA\u00ceCHE est sp\u00e9cialement&hellip;<\/p>","protected":false},"featured_media":19566,"comment_status":"open","ping_status":"closed","template":"","meta":[],"product_cat":[88],"product_tag":[],"yith_product_brand":[215],"class_list":{"0":"post-19567","1":"product","2":"type-product","3":"status-publish","4":"has-post-thumbnail","6":"product_cat-soins-bucco-dentaires","7":"yith_product_brand-g-u-m","9":"first","10":"instock","11":"sale","12":"shipping-taxable","13":"purchasable","14":"product-type-simple"},"_links":{"self":[{"href":"https:\/\/parapharmacieenligne.ma\/en\/wp-json\/wp\/v2\/product\/19567","targetHints":{"allow":["GET"]}}],"collection":[{"href":"https:\/\/parapharmacieenligne.ma\/en\/wp-json\/wp\/v2\/product"}],"about":[{"href":"https:\/\/parapharmacieenligne.ma\/en\/wp-json\/wp\/v2\/types\/product"}],"replies":[{"embeddable":true,"href":"https:\/\/parapharmacieenligne.ma\/en\/wp-json\/wp\/v2\/comments?post=19567"}],"version-history":[{"count":1,"href":"https:\/\/parapharmacieenligne.ma\/en\/wp-json\/wp\/v2\/product\/19567\/revisions"}],"predecessor-version":[{"id":19568,"href":"https:\/\/parapharmacieenligne.ma\/en\/wp-json\/wp\/v2\/product\/19567\/revisions\/19568"}],"wp:featuredmedia":[{"embeddable":true,"href":"https:\/\/parapharmacieenligne.ma\/en\/wp-json\/wp\/v2\/media\/19566"}],"wp:attachment":[{"href":"https:\/\/parapharmacieenligne.ma\/en\/wp-json\/wp\/v2\/media?parent=19567"}],"wp:term":[{"taxonomy":"product_cat","embeddable":true,"href":"https:\/\/parapharmacieenligne.ma\/en\/wp-json\/wp\/v2\/product_cat?post=19567"},{"taxonomy":"product_tag","embeddable":true,"href":"https:\/\/parapharmacieenligne.ma\/en\/wp-json\/wp\/v2\/product_tag?post=19567"},{"taxonomy":"yith_product_brand","embeddable":true,"href":"https:\/\/parapharmacieenligne.ma\/en\/wp-json\/wp\/v2\/yith_product_brand?post=19567"}],"curies":[{"name":"wp","href":"https:\/\/api.w.org\/{rel}","templated":true}]}}