{"id":19573,"date":"2026-04-12T01:27:15","date_gmt":"2026-04-11T23:27:15","guid":{"rendered":"https:\/\/parapharmacieenligne.ma\/?post_type=product&#038;p=19573"},"modified":"2026-04-12T01:27:22","modified_gmt":"2026-04-11T23:27:22","slug":"gum-brosse-a-dents-super-tip-medium-ref-463","status":"publish","type":"product","link":"https:\/\/parapharmacieenligne.ma\/en\/product\/gum-brosse-a-dents-super-tip-medium-ref-463\/","title":{"rendered":"GUM BROSSE A DENTS SUPER TIP MEDIUM REF 463"},"content":{"rendered":"<p>La Brosse \u00e0 Dents Super Tip Medium Compacte 463 de GUM poss\u00e8de trois niveaux de brins :<\/p>\n<p>&#8211; Les brins SuperTip, situ\u00e9s \u00e0 l&rsquo;extr\u00e9mit\u00e9 de la t\u00eate, qui permettent de nettoyer les faces des dents difficiles \u00e0 atteindre, notamment les espaces interdentaires ;<\/p>\n<p>&#8211; Les brins centraux surelev\u00e9s qui p\u00e9n\u00e8trent en douceur dans le sillon gingivo-dentaire pour \u00e9liminer les r\u00e9sidus alimentaires sans irriter les gencives ;<\/p>\n<p>&#8211; Les brins ext\u00e9rieurs qui nettoient toutes les surfaces des dents et contribuent au massage des gencives.<\/p>\n<p>Cette brosse \u00e0 dents manuelle est munie d\u2019une protection afin de conserver son hygi\u00e8ne entre chaque brossage.<\/p>\n<p>&#8211; Appliquer un brossage d\u00e9licat sur toutes les faces de chaque dent.<\/p>\n<p>&#8211; Il est recommand\u00e9 de se brosser les dents pendant 3 minutes apr\u00e8s chaque repas.<\/p>\n<p>&#8211; Adapt\u00e9e \u00e0 un usage adulte et adolescent.<\/p>","protected":false},"excerpt":{"rendered":"<p>La Brosse \u00e0 Dents Super Tip Medium Compacte 463 de GUM poss\u00e8de trois niveaux de brins : &#8211; Les brins SuperTip, situ\u00e9s&hellip;<\/p>","protected":false},"featured_media":19572,"comment_status":"open","ping_status":"closed","template":"","meta":[],"product_cat":[88],"product_tag":[],"yith_product_brand":[215],"class_list":{"0":"post-19573","1":"product","2":"type-product","3":"status-publish","4":"has-post-thumbnail","6":"product_cat-soins-bucco-dentaires","7":"yith_product_brand-g-u-m","9":"first","10":"instock","11":"sale","12":"shipping-taxable","13":"purchasable","14":"product-type-simple"},"_links":{"self":[{"href":"https:\/\/parapharmacieenligne.ma\/en\/wp-json\/wp\/v2\/product\/19573","targetHints":{"allow":["GET"]}}],"collection":[{"href":"https:\/\/parapharmacieenligne.ma\/en\/wp-json\/wp\/v2\/product"}],"about":[{"href":"https:\/\/parapharmacieenligne.ma\/en\/wp-json\/wp\/v2\/types\/product"}],"replies":[{"embeddable":true,"href":"https:\/\/parapharmacieenligne.ma\/en\/wp-json\/wp\/v2\/comments?post=19573"}],"version-history":[{"count":1,"href":"https:\/\/parapharmacieenligne.ma\/en\/wp-json\/wp\/v2\/product\/19573\/revisions"}],"predecessor-version":[{"id":19574,"href":"https:\/\/parapharmacieenligne.ma\/en\/wp-json\/wp\/v2\/product\/19573\/revisions\/19574"}],"wp:featuredmedia":[{"embeddable":true,"href":"https:\/\/parapharmacieenligne.ma\/en\/wp-json\/wp\/v2\/media\/19572"}],"wp:attachment":[{"href":"https:\/\/parapharmacieenligne.ma\/en\/wp-json\/wp\/v2\/media?parent=19573"}],"wp:term":[{"taxonomy":"product_cat","embeddable":true,"href":"https:\/\/parapharmacieenligne.ma\/en\/wp-json\/wp\/v2\/product_cat?post=19573"},{"taxonomy":"product_tag","embeddable":true,"href":"https:\/\/parapharmacieenligne.ma\/en\/wp-json\/wp\/v2\/product_tag?post=19573"},{"taxonomy":"yith_product_brand","embeddable":true,"href":"https:\/\/parapharmacieenligne.ma\/en\/wp-json\/wp\/v2\/yith_product_brand?post=19573"}],"curies":[{"name":"wp","href":"https:\/\/api.w.org\/{rel}","templated":true}]}}