{"id":19576,"date":"2026-04-12T01:27:29","date_gmt":"2026-04-11T23:27:29","guid":{"rendered":"https:\/\/parapharmacieenligne.ma\/?post_type=product&#038;p=19576"},"modified":"2026-04-12T01:27:37","modified_gmt":"2026-04-11T23:27:37","slug":"gum-coffret-paroex-ref-1770","status":"publish","type":"product","link":"https:\/\/parapharmacieenligne.ma\/en\/product\/gum-coffret-paroex-ref-1770\/","title":{"rendered":"GUM COFFRET PAROEX REF 1770"},"content":{"rendered":"<p>GUM Paroex Gel Dentifrice agit sur la plaque dentaire et ses cons\u00e9quences gingivales.<br \/>\nLa chlorhexidine \u00e0 0,12% est l&rsquo;agent antiseptique de r\u00e9f\u00e9rence.<br \/>\nL&rsquo;ac\u00e9tate de Vitamine E et le D panth\u00e9nol sont associ\u00e9s \u00e0 la chlorhexidine pour faire de GUM Paroex gel un soin complet des dents et des gencives.<\/p>\n<p>Conseil d&rsquo;utilisation<br \/>\n En brossage quotidien avec une brosse \u00e0 dents souple GUM, au moins 2 fois par jour pendant 3 minutes.<\/p>","protected":false},"excerpt":{"rendered":"<p>GUM Paroex Gel Dentifrice agit sur la plaque dentaire et ses cons\u00e9quences gingivales. La chlorhexidine \u00e0 0,12% est l&rsquo;agent antiseptique de r\u00e9f\u00e9rence.&hellip;<\/p>","protected":false},"featured_media":19575,"comment_status":"open","ping_status":"closed","template":"","meta":[],"product_cat":[88],"product_tag":[],"yith_product_brand":[215],"class_list":{"0":"post-19576","1":"product","2":"type-product","3":"status-publish","4":"has-post-thumbnail","6":"product_cat-soins-bucco-dentaires","7":"yith_product_brand-g-u-m","9":"first","10":"instock","11":"sale","12":"shipping-taxable","13":"purchasable","14":"product-type-simple"},"_links":{"self":[{"href":"https:\/\/parapharmacieenligne.ma\/en\/wp-json\/wp\/v2\/product\/19576","targetHints":{"allow":["GET"]}}],"collection":[{"href":"https:\/\/parapharmacieenligne.ma\/en\/wp-json\/wp\/v2\/product"}],"about":[{"href":"https:\/\/parapharmacieenligne.ma\/en\/wp-json\/wp\/v2\/types\/product"}],"replies":[{"embeddable":true,"href":"https:\/\/parapharmacieenligne.ma\/en\/wp-json\/wp\/v2\/comments?post=19576"}],"version-history":[{"count":1,"href":"https:\/\/parapharmacieenligne.ma\/en\/wp-json\/wp\/v2\/product\/19576\/revisions"}],"predecessor-version":[{"id":19577,"href":"https:\/\/parapharmacieenligne.ma\/en\/wp-json\/wp\/v2\/product\/19576\/revisions\/19577"}],"wp:featuredmedia":[{"embeddable":true,"href":"https:\/\/parapharmacieenligne.ma\/en\/wp-json\/wp\/v2\/media\/19575"}],"wp:attachment":[{"href":"https:\/\/parapharmacieenligne.ma\/en\/wp-json\/wp\/v2\/media?parent=19576"}],"wp:term":[{"taxonomy":"product_cat","embeddable":true,"href":"https:\/\/parapharmacieenligne.ma\/en\/wp-json\/wp\/v2\/product_cat?post=19576"},{"taxonomy":"product_tag","embeddable":true,"href":"https:\/\/parapharmacieenligne.ma\/en\/wp-json\/wp\/v2\/product_tag?post=19576"},{"taxonomy":"yith_product_brand","embeddable":true,"href":"https:\/\/parapharmacieenligne.ma\/en\/wp-json\/wp\/v2\/yith_product_brand?post=19576"}],"curies":[{"name":"wp","href":"https:\/\/api.w.org\/{rel}","templated":true}]}}