{"id":19609,"date":"2026-04-18T15:58:44","date_gmt":"2026-04-18T13:58:44","guid":{"rendered":"https:\/\/parapharmacieenligne.ma\/?post_type=product&#038;p=19609"},"modified":"2026-04-18T15:58:52","modified_gmt":"2026-04-18T13:58:52","slug":"sesderma-c-vit-creme-contour-des-yeux-15-ml","status":"publish","type":"product","link":"https:\/\/parapharmacieenligne.ma\/en\/product\/sesderma-c-vit-creme-contour-des-yeux-15-ml\/","title":{"rendered":"SESDERMA C-VIT CREME CONTOUR DES YEUX 15 ML"},"content":{"rendered":"<p>Hydratation et protection du contour des yeux. Pr\u00e9vention et traitement des rides, des pattesdoie, des poches, des cernes, de la s\u00e9cheresse et des signes de fatigue. Recommand\u00e9 pour tout type de peaux.<\/p>","protected":false},"excerpt":{"rendered":"<p>Hydratation et protection du contour des yeux. Pr\u00e9vention et traitement des rides, des pattesdoie, des poches, des cernes, de la s\u00e9cheresse et&hellip;<\/p>","protected":false},"featured_media":19608,"comment_status":"open","ping_status":"closed","template":"","meta":[],"product_cat":[83],"product_tag":[],"yith_product_brand":[130],"class_list":{"0":"post-19609","1":"product","2":"type-product","3":"status-publish","4":"has-post-thumbnail","6":"product_cat-soins-visage","7":"yith_product_brand-sesderma","9":"first","10":"instock","11":"sale","12":"shipping-taxable","13":"purchasable","14":"product-type-simple"},"_links":{"self":[{"href":"https:\/\/parapharmacieenligne.ma\/en\/wp-json\/wp\/v2\/product\/19609","targetHints":{"allow":["GET"]}}],"collection":[{"href":"https:\/\/parapharmacieenligne.ma\/en\/wp-json\/wp\/v2\/product"}],"about":[{"href":"https:\/\/parapharmacieenligne.ma\/en\/wp-json\/wp\/v2\/types\/product"}],"replies":[{"embeddable":true,"href":"https:\/\/parapharmacieenligne.ma\/en\/wp-json\/wp\/v2\/comments?post=19609"}],"version-history":[{"count":1,"href":"https:\/\/parapharmacieenligne.ma\/en\/wp-json\/wp\/v2\/product\/19609\/revisions"}],"predecessor-version":[{"id":19610,"href":"https:\/\/parapharmacieenligne.ma\/en\/wp-json\/wp\/v2\/product\/19609\/revisions\/19610"}],"wp:featuredmedia":[{"embeddable":true,"href":"https:\/\/parapharmacieenligne.ma\/en\/wp-json\/wp\/v2\/media\/19608"}],"wp:attachment":[{"href":"https:\/\/parapharmacieenligne.ma\/en\/wp-json\/wp\/v2\/media?parent=19609"}],"wp:term":[{"taxonomy":"product_cat","embeddable":true,"href":"https:\/\/parapharmacieenligne.ma\/en\/wp-json\/wp\/v2\/product_cat?post=19609"},{"taxonomy":"product_tag","embeddable":true,"href":"https:\/\/parapharmacieenligne.ma\/en\/wp-json\/wp\/v2\/product_tag?post=19609"},{"taxonomy":"yith_product_brand","embeddable":true,"href":"https:\/\/parapharmacieenligne.ma\/en\/wp-json\/wp\/v2\/yith_product_brand?post=19609"}],"curies":[{"name":"wp","href":"https:\/\/api.w.org\/{rel}","templated":true}]}}