{"id":19630,"date":"2026-04-18T16:00:31","date_gmt":"2026-04-18T14:00:31","guid":{"rendered":"https:\/\/parapharmacieenligne.ma\/?post_type=product&#038;p=19630"},"modified":"2026-04-18T16:00:37","modified_gmt":"2026-04-18T14:00:37","slug":"sesderma-azelac-ru-gel-creme-depigmentant-50-ml","status":"publish","type":"product","link":"https:\/\/parapharmacieenligne.ma\/en\/product\/sesderma-azelac-ru-gel-creme-depigmentant-50-ml\/","title":{"rendered":"SESDERMA AZELAC RU GEL CR\u00c8ME D\u00c9PIGMENTANT 50 ML"},"content":{"rendered":"<p>D\u00e9pigmentant pour peaux photo-\u00e2g\u00e9es \u00e0 facteurs de croissance v\u00e9g\u00e9taux ;<\/p>\n<p>Gr\u00e2ce aux nanotechnologies et \u00e0 ses actifs d\u00e9pigmentants, AZELAC RU agit directement sur la cellule responsable de la pigmentation de la peau, le m\u00e9lanocyte, combattant ainsi l&rsquo;origine des imperfections et pas seulement leurs manifestations ;<\/p>\n<p>Clarifie : Bloque et r\u00e9duit efficacement la production de m\u00e9lanine<br \/>\nR\u00e9duire : Emp\u00eache la dispersion de la m\u00e9lanine et \u00e9limine son exc\u00e8s.<br \/>\nPr\u00e9vient : Pr\u00e9vient l&rsquo;apparition de taches.<br \/>\nLe r\u00e9sultat est une peau sans tache, unifi\u00e9e et plus lumineuse !<\/p>","protected":false},"excerpt":{"rendered":"<p>D\u00e9pigmentant pour peaux photo-\u00e2g\u00e9es \u00e0 facteurs de croissance v\u00e9g\u00e9taux ; Gr\u00e2ce aux nanotechnologies et \u00e0 ses actifs d\u00e9pigmentants, AZELAC RU agit directement&hellip;<\/p>","protected":false},"featured_media":19629,"comment_status":"open","ping_status":"closed","template":"","meta":[],"product_cat":[83],"product_tag":[],"yith_product_brand":[130],"class_list":{"0":"post-19630","1":"product","2":"type-product","3":"status-publish","4":"has-post-thumbnail","6":"product_cat-soins-visage","7":"yith_product_brand-sesderma","9":"first","10":"instock","11":"sale","12":"shipping-taxable","13":"purchasable","14":"product-type-simple"},"_links":{"self":[{"href":"https:\/\/parapharmacieenligne.ma\/en\/wp-json\/wp\/v2\/product\/19630","targetHints":{"allow":["GET"]}}],"collection":[{"href":"https:\/\/parapharmacieenligne.ma\/en\/wp-json\/wp\/v2\/product"}],"about":[{"href":"https:\/\/parapharmacieenligne.ma\/en\/wp-json\/wp\/v2\/types\/product"}],"replies":[{"embeddable":true,"href":"https:\/\/parapharmacieenligne.ma\/en\/wp-json\/wp\/v2\/comments?post=19630"}],"version-history":[{"count":1,"href":"https:\/\/parapharmacieenligne.ma\/en\/wp-json\/wp\/v2\/product\/19630\/revisions"}],"predecessor-version":[{"id":19631,"href":"https:\/\/parapharmacieenligne.ma\/en\/wp-json\/wp\/v2\/product\/19630\/revisions\/19631"}],"wp:featuredmedia":[{"embeddable":true,"href":"https:\/\/parapharmacieenligne.ma\/en\/wp-json\/wp\/v2\/media\/19629"}],"wp:attachment":[{"href":"https:\/\/parapharmacieenligne.ma\/en\/wp-json\/wp\/v2\/media?parent=19630"}],"wp:term":[{"taxonomy":"product_cat","embeddable":true,"href":"https:\/\/parapharmacieenligne.ma\/en\/wp-json\/wp\/v2\/product_cat?post=19630"},{"taxonomy":"product_tag","embeddable":true,"href":"https:\/\/parapharmacieenligne.ma\/en\/wp-json\/wp\/v2\/product_tag?post=19630"},{"taxonomy":"yith_product_brand","embeddable":true,"href":"https:\/\/parapharmacieenligne.ma\/en\/wp-json\/wp\/v2\/yith_product_brand?post=19630"}],"curies":[{"name":"wp","href":"https:\/\/api.w.org\/{rel}","templated":true}]}}