{"id":19645,"date":"2026-04-18T16:01:38","date_gmt":"2026-04-18T14:01:38","guid":{"rendered":"https:\/\/parapharmacieenligne.ma\/?post_type=product&#038;p=19645"},"modified":"2026-04-18T16:01:45","modified_gmt":"2026-04-18T14:01:45","slug":"sesderma-c-vit-creme-hydratante-visage-50-ml","status":"publish","type":"product","link":"https:\/\/parapharmacieenligne.ma\/en\/product\/sesderma-c-vit-creme-hydratante-visage-50-ml\/","title":{"rendered":"SESDERMA C-VIT CR\u00c8ME HYDRATANTE VISAGE 50 ML"},"content":{"rendered":"<p>D\u00e9couvrez cet incroyable soin formul\u00e9 \u00e0 partir d&rsquo;un complexe brevet\u00e9 de vitamine C encapsul\u00e9 et d&rsquo;agents hydratants pour lisser, adoucir, velouter la peau, reconstruire son film hydrolipidique et lui apporter un maximum de confort.<\/p>\n<p>C-Vit Cr\u00e8me hydratante m\u00e9tamorphose votre peau sous vos doigts. Imm\u00e9diatement elle est velout\u00e9e et confortable. Toute la journ\u00e9e elle est parfaitement hydrat\u00e9e. En 30 jours, la peau est incroyablement lisse et le teint uniforme. Appliquez chaque matin sa texture inou\u00efe au parfum subtilement fruit\u00e9 pour un total plaisir des sens. <\/p>\n<p>La C-Vit cr\u00e8me hydratante est l\u00e9g\u00e8re, d&rsquo;absorption rapide et riche en vitamine C pour tous types de peau.<\/p>\n<p>La vitamine C joue un r\u00f4le essentiel dans le fonctionnement de la peau : croissance, stabilit\u00e9 et r\u00e9activation du tissu de soutien, protection contre les radicaux libres, synth\u00e8se du collag\u00e8ne et pr\u00e9vention des rides. <\/p>\n<p>Prot\u00e8ge les membranes cellulaires et augmente les \u00e9changes cellulaires. <\/p>\n<p>Les extraits de pamplemousse et de citron, aux propri\u00e9t\u00e9s anti-oxydantes, contiennent des AHA naturels qui contribue \u00e0 diminuer notablement l&rsquo;apparition des rides et intensifier la synth\u00e8se du collag\u00e8ne (principal \u00e9l\u00e9ment de soutien structurant l&rsquo;architecture profonde de la peau), ce qui donne \u00e0 la peau densit\u00e9 et tension. Contribue \u00e0 augmenter la r\u00e9sistance et l&rsquo;\u00e9lasticit\u00e9 de la peau. Contribuent ) au raffermissement intense la peau.<\/p>\n<p>Contribue \u00e0 renforcer les d\u00e9fenses de l&rsquo;organisme gr\u00e2ce \u00e0 ses propri\u00e9t\u00e9s anti-radicalaires qui inhibent les m\u00e9faits des agressions quotidiennes (soleil, stress, fum\u00e9e de cigarette, pollution&#8230;).<\/p>\n<p>Le visage appara\u00eet plus compact et mieux d\u00e9fini. La peau est plus jeune.<\/p>\n<p>&#8211; Contribue \u00e0 illuminer le visage<br \/>\n&#8211; Contribue \u00e0 donner \u00e0 la peau \u00e9clat, \u00e0 \u00e9claircire les t\u00e2ches<br \/>\n&#8211; Contribue \u00e0 prot\u00e9ger de l&rsquo;alt\u00e9ration de la vitamine E, un autre anti-oxydant, contenu dans les radicaux libres<br \/>\n&#8211; Contribue \u00e0 hydrater la peau en favorisant la cr\u00e9ation de la substance intercellulaire et l&rsquo;acide hyaluronique.<\/p>\n<p>Formulation : Vitamine C stabilis\u00e9e (3-O-Ethyl ascorbic acid), Extrait d&rsquo;orange douce, Antiox booster system (Ginkgo biloba, Quercetine, Pterostilbene), pigments lumineux. Sans Paraben.<br \/>\nE-VIT C<br \/>\n&#8211; Contribue \u00e0 stimuler la synth\u00e8se de collag\u00e8ne<br \/>\n&#8211; Action anti-oxydant<br \/>\n&#8211; Contribue \u00e0 homog\u00e9n\u00e9iser le teint (\u00e9claircit les pigmentations)<br \/>\nCOMPLEXE \u00c9CLAIRCISSANT (extrait de m\u00fbrier blanc + extrait de r\u00e9glisse)<br \/>\n&#8211; Favorise l&rsquo;\u00e9claircissement des d\u00e9fauts pigmentaires ( contribue \u00e0 emp\u00eacher l\u00b4activit\u00e9 de la tyrosinase et des syst\u00e8mes enzymatiques oxydatifs post\u00e9rieurs)<br \/>\nPIGMENTS LUMINEUX<br \/>\n&#8211; Effet softfocus (conf\u00e8re de la luminosit\u00e9 et dissimule les rides et les imperfections de la peau imm\u00e9diatement)<br \/>\nEXTRAIT D\u00b4ORANGE DOUCE<br \/>\n&#8211; Exfoliation douce<\/p>\n<p>CONSEILS D&rsquo;UTILISATION :<\/p>\n<p>A appliquer sur une peau propre et s\u00e8che, matin et\/ou soir, id\u00e9alement par dessus le s\u00e9rum liposom\u00e9 C-Vit.<\/p>","protected":false},"excerpt":{"rendered":"<p>D\u00e9couvrez cet incroyable soin formul\u00e9 \u00e0 partir d&rsquo;un complexe brevet\u00e9 de vitamine C encapsul\u00e9 et d&rsquo;agents hydratants pour lisser, adoucir, velouter la&hellip;<\/p>","protected":false},"featured_media":19644,"comment_status":"open","ping_status":"closed","template":"","meta":[],"product_cat":[83],"product_tag":[],"yith_product_brand":[130],"class_list":{"0":"post-19645","1":"product","2":"type-product","3":"status-publish","4":"has-post-thumbnail","6":"product_cat-soins-visage","7":"yith_product_brand-sesderma","9":"first","10":"instock","11":"sale","12":"shipping-taxable","13":"purchasable","14":"product-type-simple"},"_links":{"self":[{"href":"https:\/\/parapharmacieenligne.ma\/en\/wp-json\/wp\/v2\/product\/19645","targetHints":{"allow":["GET"]}}],"collection":[{"href":"https:\/\/parapharmacieenligne.ma\/en\/wp-json\/wp\/v2\/product"}],"about":[{"href":"https:\/\/parapharmacieenligne.ma\/en\/wp-json\/wp\/v2\/types\/product"}],"replies":[{"embeddable":true,"href":"https:\/\/parapharmacieenligne.ma\/en\/wp-json\/wp\/v2\/comments?post=19645"}],"version-history":[{"count":1,"href":"https:\/\/parapharmacieenligne.ma\/en\/wp-json\/wp\/v2\/product\/19645\/revisions"}],"predecessor-version":[{"id":19646,"href":"https:\/\/parapharmacieenligne.ma\/en\/wp-json\/wp\/v2\/product\/19645\/revisions\/19646"}],"wp:featuredmedia":[{"embeddable":true,"href":"https:\/\/parapharmacieenligne.ma\/en\/wp-json\/wp\/v2\/media\/19644"}],"wp:attachment":[{"href":"https:\/\/parapharmacieenligne.ma\/en\/wp-json\/wp\/v2\/media?parent=19645"}],"wp:term":[{"taxonomy":"product_cat","embeddable":true,"href":"https:\/\/parapharmacieenligne.ma\/en\/wp-json\/wp\/v2\/product_cat?post=19645"},{"taxonomy":"product_tag","embeddable":true,"href":"https:\/\/parapharmacieenligne.ma\/en\/wp-json\/wp\/v2\/product_tag?post=19645"},{"taxonomy":"yith_product_brand","embeddable":true,"href":"https:\/\/parapharmacieenligne.ma\/en\/wp-json\/wp\/v2\/yith_product_brand?post=19645"}],"curies":[{"name":"wp","href":"https:\/\/api.w.org\/{rel}","templated":true}]}}