{"id":19702,"date":"2026-04-18T16:35:48","date_gmt":"2026-04-18T14:35:48","guid":{"rendered":"https:\/\/parapharmacieenligne.ma\/?post_type=product&#038;p=19702"},"modified":"2026-04-18T16:35:53","modified_gmt":"2026-04-18T14:35:53","slug":"farmstay-tea-tree-biome-creme-calmante-80-ml","status":"publish","type":"product","link":"https:\/\/parapharmacieenligne.ma\/en\/product\/farmstay-tea-tree-biome-creme-calmante-80-ml\/","title":{"rendered":"FARMSTAY TEA TREE BIOME CREME CALMANTE 80 ML"},"content":{"rendered":"<p>Sp\u00e9cialement formul\u00e9e pour les peaux sujettes aux imperfections, cette cr\u00e8me associe le pouvoir purifiant de l\u2019arbre \u00e0 th\u00e9, la force r\u00e9paratrice du mad\u00e9cassoside et la richesse des probiotiques, pour offrir \u00e0 votre peau un soin complet, \u00e0 la fois calmant, r\u00e9\u00e9quilibrant et r\u00e9g\u00e9n\u00e9rant.<\/p>\n<p>Gr\u00e2ce \u00e0 sa texture l\u00e9g\u00e8re et non grasse, cette cr\u00e8me p\u00e9n\u00e8tre rapidement sans laisser de film collant. Elle agit directement sur les causes des imperfections : exc\u00e8s de s\u00e9bum, pores obstru\u00e9s, inflammations et rougeurs. L\u2019extrait d\u2019arbre \u00e0 th\u00e9, reconnu pour ses propri\u00e9t\u00e9s antibact\u00e9riennes et anti-inflammatoires, purifie la peau en profondeur, limitant l\u2019apparition de boutons et de points noirs. Les probiotiques, quant \u00e0 eux, restaurent la flore cutan\u00e9e et renforcent la barri\u00e8re protectrice de la peau, pour un teint plus \u00e9quilibr\u00e9 et r\u00e9sistant face aux agressions ext\u00e9rieures.<\/p>\n<p>Le mad\u00e9cassoside, ingr\u00e9dient star issu de la Centella Asiatica, apaise instantan\u00e9ment les irritations et stimule la r\u00e9g\u00e9n\u00e9ration cellulaire, tout en aidant \u00e0 att\u00e9nuer les cicatrices et marques d\u2019acn\u00e9. En parall\u00e8le, la cr\u00e8me hydrate intens\u00e9ment, matifie les zones brillantes et am\u00e9liore la texture de la peau. R\u00e9sultat : un teint plus net, uniforme et visiblement apais\u00e9 jour apr\u00e8s jour.<\/p>\n<p>Convient \u00e0 tous les types de peau, y compris les peaux sensibles et \u00e0 tendance acn\u00e9ique. En usage quotidien, la FarmStay Tea Tree Biome Cr\u00e8me Calmante redonne \u00e0 votre peau son \u00e9clat naturel et sa douceur velout\u00e9e.<\/p>\n<p>Conseils d&rsquo;utilisation :<\/p>\n<p>Appliquez matin et soir comme derni\u00e8re \u00e9tape de votre routine quotidienne de soins de la peau.<\/p>\n<p>Composition :<\/p>\n<p>Water (Aqua), Methylpropanediol, Coco-Caprylate\/Caprate, 1,2-Hexanediol, Butylene Glycol, Caprylyl Methicone, Squalane, Propanediol, Cetearyl Olivate, Glycerin, Sorbitan Olivate, Vinyl Dimethicone, Ammonium Acryloyldimethyltaurate\/VP Copolymer, Glycereth-26, Sodium Polyacryloyldimethyl Taurate, Biosaccharide Gum-1, Hydrogenated Polydecene, Hydrogenated Olive Oil Unsaponifiables, Fragrance(Parfum), Ethylhexylglycerin, Adenosine, Sodium Hyaluronate, Hydroxyethylcellulose, Hydrolyzed Gardenia Florida Extract, Hydrolyzed Malt Extract<\/p>","protected":false},"excerpt":{"rendered":"<p>Sp\u00e9cialement formul\u00e9e pour les peaux sujettes aux imperfections, cette cr\u00e8me associe le pouvoir purifiant de l\u2019arbre \u00e0 th\u00e9, la force r\u00e9paratrice du&hellip;<\/p>","protected":false},"featured_media":19701,"comment_status":"open","ping_status":"closed","template":"","meta":[],"product_cat":[89],"product_tag":[],"yith_product_brand":[217],"class_list":{"0":"post-19702","1":"product","2":"type-product","3":"status-publish","4":"has-post-thumbnail","6":"product_cat-k-beauty","7":"yith_product_brand-farmstay","9":"first","10":"instock","11":"shipping-taxable","12":"purchasable","13":"product-type-simple"},"_links":{"self":[{"href":"https:\/\/parapharmacieenligne.ma\/en\/wp-json\/wp\/v2\/product\/19702","targetHints":{"allow":["GET"]}}],"collection":[{"href":"https:\/\/parapharmacieenligne.ma\/en\/wp-json\/wp\/v2\/product"}],"about":[{"href":"https:\/\/parapharmacieenligne.ma\/en\/wp-json\/wp\/v2\/types\/product"}],"replies":[{"embeddable":true,"href":"https:\/\/parapharmacieenligne.ma\/en\/wp-json\/wp\/v2\/comments?post=19702"}],"version-history":[{"count":1,"href":"https:\/\/parapharmacieenligne.ma\/en\/wp-json\/wp\/v2\/product\/19702\/revisions"}],"predecessor-version":[{"id":19703,"href":"https:\/\/parapharmacieenligne.ma\/en\/wp-json\/wp\/v2\/product\/19702\/revisions\/19703"}],"wp:featuredmedia":[{"embeddable":true,"href":"https:\/\/parapharmacieenligne.ma\/en\/wp-json\/wp\/v2\/media\/19701"}],"wp:attachment":[{"href":"https:\/\/parapharmacieenligne.ma\/en\/wp-json\/wp\/v2\/media?parent=19702"}],"wp:term":[{"taxonomy":"product_cat","embeddable":true,"href":"https:\/\/parapharmacieenligne.ma\/en\/wp-json\/wp\/v2\/product_cat?post=19702"},{"taxonomy":"product_tag","embeddable":true,"href":"https:\/\/parapharmacieenligne.ma\/en\/wp-json\/wp\/v2\/product_tag?post=19702"},{"taxonomy":"yith_product_brand","embeddable":true,"href":"https:\/\/parapharmacieenligne.ma\/en\/wp-json\/wp\/v2\/yith_product_brand?post=19702"}],"curies":[{"name":"wp","href":"https:\/\/api.w.org\/{rel}","templated":true}]}}