{"id":19708,"date":"2026-04-18T16:36:17","date_gmt":"2026-04-18T14:36:17","guid":{"rendered":"https:\/\/parapharmacieenligne.ma\/?post_type=product&#038;p=19708"},"modified":"2026-04-18T16:36:22","modified_gmt":"2026-04-18T14:36:22","slug":"farmstay-tea-tree-biome-ampoule-calmante-50-ml","status":"publish","type":"product","link":"https:\/\/parapharmacieenligne.ma\/en\/product\/farmstay-tea-tree-biome-ampoule-calmante-50-ml\/","title":{"rendered":"FARMSTAY TEA TREE BIOME AMPOULE CALMANTE 50 ML"},"content":{"rendered":"<p>Si votre peau r\u00e9agit facilement, rougit au moindre changement ou pr\u00e9sente des boutons et inflammations, ce soin est fait pour vous.<\/p>\n<p>Sa formule puissante repose sur deux actifs reconnus pour leurs effets visibles et rapides sur la qualit\u00e9 de la peau :<\/p>\n<p>Extrait de Tea Tree (Arbre \u00e0 Th\u00e9) : v\u00e9ritable alli\u00e9 des peaux \u00e0 probl\u00e8mes, il poss\u00e8de des propri\u00e9t\u00e9s antibact\u00e9riennes, anti-inflammatoires et cicatrisantes. Il agit comme un r\u00e9gulateur naturel, soulage instantan\u00e9ment les irritations, r\u00e9duit les rougeurs et aide \u00e0 neutraliser les micro-organismes responsables de l\u2019acn\u00e9 et des imperfections. Le tea tree apporte une sensation imm\u00e9diate de fra\u00eecheur et de confort tout en purifiant la peau.<\/p>\n<p>Centella Asiatica (Cica) : ingr\u00e9dient star des soins apaisants, elle favorise la cicatrisation, am\u00e9liore l\u2019\u00e9lasticit\u00e9 de la peau et restaure la barri\u00e8re cutan\u00e9e. Gr\u00e2ce \u00e0 ses propri\u00e9t\u00e9s r\u00e9g\u00e9n\u00e9rantes, elle r\u00e9duit les marques laiss\u00e9es par les boutons et aide la peau \u00e0 retrouver un teint uniforme et lumineux.<\/p>\n<p>L\u2019Ampoule Tea Tree Biome ne se limite pas \u00e0 apaiser : elle agit en profondeur pour \u00e9quilibrer le microbiome cutan\u00e9, prot\u00e9ger la peau des agressions ext\u00e9rieures et booster son hydratation. R\u00e9sultat : une peau plus r\u00e9sistante, moins sensible et visiblement plus saine jour apr\u00e8s jour.<\/p>\n<p>Sa texture l\u00e9g\u00e8re et fluide p\u00e9n\u00e8tre instantan\u00e9ment sans laisser de film gras, ce qui en fait un soin parfait pour les peaux grasses, mixtes ou sensibles. Avec une utilisation r\u00e9guli\u00e8re, le grain de peau s\u2019affine, les rougeurs diminuent et les imperfections s\u2019att\u00e9nuent.<\/p>\n<p>Conseils d&rsquo;utilisation :<\/p>\n<p>Pr\u00e9pare ta peau avec un tonique.<br \/>\nApplique quelques gouttes sur ton visage, en \u00e9vitant le contour des yeux et de la bouche.<br \/>\nTapote d\u00e9licatement jusqu&rsquo;\u00e0 absorption compl\u00e8te.<br \/>\nComposition :<\/p>\n<p>Eau, M\u00e9thylpropanediol, Glyc\u00e9rine, 1,2-Hexanediol, Extrait de Feuille de Melaleuca Alternifolia, Butyl\u00e8ne Glycol, Propanediol, B\u00e9ta\u00efne, Glycereth-25 PCA Isost\u00e9arate, Hydroxyac\u00e9toph\u00e9none, Carbom\u00e8re, Trom\u00e9thamine, Diphenyl Dim\u00e9thicone, Tri\u00e9thylhexano\u00efne, \u00c9thylhexylglyc\u00e9rine, Ad\u00e9nosine, Huile de Fruit de Citrus Aurantium Bergamia, Gomme Xanthan, Disodium EDTA, L\u00e9cithine Hydrog\u00e9n\u00e9e, Polyglyc\u00e9ryl-10 Ol\u00e9ate, Gomme Biosaccharide-1, Acide Hyaluronique, Acide Hyaluronique Hydrolys\u00e9, Hyaluronate de Sodium, Lysat de Ferment de Bifida, Lactose, Extrait de Centella Asiatica, Panth\u00e9nol, Madecassoside, Alcool Ph\u00e9nyl\u00e9thyl, Prot\u00e9ine de Lait, Limon\u00e8ne, Linalol.<\/p>","protected":false},"excerpt":{"rendered":"<p>Si votre peau r\u00e9agit facilement, rougit au moindre changement ou pr\u00e9sente des boutons et inflammations, ce soin est fait pour vous. Sa&hellip;<\/p>","protected":false},"featured_media":19707,"comment_status":"open","ping_status":"closed","template":"","meta":[],"product_cat":[89],"product_tag":[],"yith_product_brand":[217],"class_list":{"0":"post-19708","1":"product","2":"type-product","3":"status-publish","4":"has-post-thumbnail","6":"product_cat-k-beauty","7":"yith_product_brand-farmstay","9":"first","10":"instock","11":"shipping-taxable","12":"purchasable","13":"product-type-simple"},"_links":{"self":[{"href":"https:\/\/parapharmacieenligne.ma\/en\/wp-json\/wp\/v2\/product\/19708","targetHints":{"allow":["GET"]}}],"collection":[{"href":"https:\/\/parapharmacieenligne.ma\/en\/wp-json\/wp\/v2\/product"}],"about":[{"href":"https:\/\/parapharmacieenligne.ma\/en\/wp-json\/wp\/v2\/types\/product"}],"replies":[{"embeddable":true,"href":"https:\/\/parapharmacieenligne.ma\/en\/wp-json\/wp\/v2\/comments?post=19708"}],"version-history":[{"count":1,"href":"https:\/\/parapharmacieenligne.ma\/en\/wp-json\/wp\/v2\/product\/19708\/revisions"}],"predecessor-version":[{"id":19709,"href":"https:\/\/parapharmacieenligne.ma\/en\/wp-json\/wp\/v2\/product\/19708\/revisions\/19709"}],"wp:featuredmedia":[{"embeddable":true,"href":"https:\/\/parapharmacieenligne.ma\/en\/wp-json\/wp\/v2\/media\/19707"}],"wp:attachment":[{"href":"https:\/\/parapharmacieenligne.ma\/en\/wp-json\/wp\/v2\/media?parent=19708"}],"wp:term":[{"taxonomy":"product_cat","embeddable":true,"href":"https:\/\/parapharmacieenligne.ma\/en\/wp-json\/wp\/v2\/product_cat?post=19708"},{"taxonomy":"product_tag","embeddable":true,"href":"https:\/\/parapharmacieenligne.ma\/en\/wp-json\/wp\/v2\/product_tag?post=19708"},{"taxonomy":"yith_product_brand","embeddable":true,"href":"https:\/\/parapharmacieenligne.ma\/en\/wp-json\/wp\/v2\/yith_product_brand?post=19708"}],"curies":[{"name":"wp","href":"https:\/\/api.w.org\/{rel}","templated":true}]}}