{"id":19710,"date":"2026-04-18T16:36:28","date_gmt":"2026-04-18T14:36:28","guid":{"rendered":"https:\/\/parapharmacieenligne.ma\/?post_type=product&#038;p=19710"},"modified":"2026-04-18T16:36:35","modified_gmt":"2026-04-18T14:36:35","slug":"farmstay-tea-tree-biome-tonique-calmante-200-ml","status":"publish","type":"product","link":"https:\/\/parapharmacieenligne.ma\/en\/product\/farmstay-tea-tree-biome-tonique-calmante-200-ml\/","title":{"rendered":"FARMSTAY TEA TREE BIOME TONIQUE CALMANTE 200 ML"},"content":{"rendered":"<p>Si votre peau tiraille, rougit ou r\u00e9agit facilement aux agressions ext\u00e9rieures, ce tonique \u00e0 base d\u2019arbre \u00e0 th\u00e9 (Tea Tree) et de Centella Asiatica sera votre meilleur alli\u00e9 au quotidien.<\/p>\n<p>Sa formule douce, enrichie en biome de Tea Tree, aide \u00e0 renforcer la barri\u00e8re cutan\u00e9e tout en soutenant l\u2019\u00e9quilibre naturel du microbiome de la peau. R\u00e9sultat : une peau apais\u00e9e, saine et beaucoup moins r\u00e9active. L\u2019extrait de Centella Asiatica \u2013 connue pour ses propri\u00e9t\u00e9s cicatrisantes et r\u00e9g\u00e9n\u00e9rantes \u2013 favorise la r\u00e9paration cutan\u00e9e et att\u00e9nue les irritations, les rougeurs et les imperfections.<\/p>\n<p>L\u00e9g\u00e8re, fra\u00eeche et non collante, sa texture p\u00e9n\u00e8tre instantan\u00e9ment et laisse une sensation de confort imm\u00e9diat. Ce tonique agit en profondeur pour :<\/p>\n<p>R\u00e9guler l&rsquo;exc\u00e8s de s\u00e9bum sans ass\u00e9cher la peau.<\/p>\n<p>Nettoyer les pores, retirer les r\u00e9sidus et les impuret\u00e9s.<\/p>\n<p>R\u00e9duire l\u2019apparence des imperfections, ridules et pores dilat\u00e9s.<\/p>\n<p>Hydrater et revitaliser pour un teint plus uniforme et lumineux.<\/p>\n<p>Adapt\u00e9 aux peaux sensibles, mixtes, grasses ou sujettes \u00e0 l\u2019acn\u00e9, il laisse la peau propre, souple et parfaitement pr\u00e9par\u00e9e \u00e0 recevoir les soins suivants. Apr\u00e8s chaque application, votre peau retrouve une sensation de fra\u00eecheur et un \u00e9quilibre id\u00e9al, comme purifi\u00e9e.<\/p>\n<p>Conseils d&rsquo;utilisation :<\/p>\n<p>Applique uniform\u00e9ment une quantit\u00e9 ad\u00e9quate de produit sur ta peau, en \u00e9vitant le contour des yeux et de la bouche.<\/p>\n<p>Composition :<\/p>\n<p>Eau, Glyc\u00e9rine, Propanediol, 1,2-Hexanediol, Gomme Biosaccharide-1, Glyc\u00e9r\u00e9th-25 PCA Isost\u00e9arate, Hydroxyac\u00e9to-phenone, Butyl\u00e8ne Glycol, Ethylhexylglycerin, Carbom\u00e8re, Hydroxy\u00e9thylcellulose, Ad\u00e9nosine, Huile de Fruit de Citrus Aurantium Bergamia, Trom\u00e9thamine, Disodium EDTA, Extrait de Feuille de Melaleuca Alternifolia, Lysat de Ferment de Bifida, Lactose, Extrait de Centella Asiatica, Panth\u00e9nol, Madecassoside, Alcool Ph\u00e9ny\u00e9thyl, Prot\u00e9ine de Lait, Limon\u00e8ne, Linalool.<\/p>","protected":false},"excerpt":{"rendered":"<p>Si votre peau tiraille, rougit ou r\u00e9agit facilement aux agressions ext\u00e9rieures, ce tonique \u00e0 base d\u2019arbre \u00e0 th\u00e9 (Tea Tree) et de&hellip;<\/p>","protected":false},"featured_media":0,"comment_status":"open","ping_status":"closed","template":"","meta":[],"product_cat":[89],"product_tag":[],"yith_product_brand":[217],"class_list":{"0":"post-19710","1":"product","2":"type-product","3":"status-publish","5":"product_cat-k-beauty","6":"yith_product_brand-farmstay","8":"first","9":"instock","10":"shipping-taxable","11":"purchasable","12":"product-type-simple"},"_links":{"self":[{"href":"https:\/\/parapharmacieenligne.ma\/en\/wp-json\/wp\/v2\/product\/19710","targetHints":{"allow":["GET"]}}],"collection":[{"href":"https:\/\/parapharmacieenligne.ma\/en\/wp-json\/wp\/v2\/product"}],"about":[{"href":"https:\/\/parapharmacieenligne.ma\/en\/wp-json\/wp\/v2\/types\/product"}],"replies":[{"embeddable":true,"href":"https:\/\/parapharmacieenligne.ma\/en\/wp-json\/wp\/v2\/comments?post=19710"}],"version-history":[{"count":1,"href":"https:\/\/parapharmacieenligne.ma\/en\/wp-json\/wp\/v2\/product\/19710\/revisions"}],"predecessor-version":[{"id":19711,"href":"https:\/\/parapharmacieenligne.ma\/en\/wp-json\/wp\/v2\/product\/19710\/revisions\/19711"}],"wp:attachment":[{"href":"https:\/\/parapharmacieenligne.ma\/en\/wp-json\/wp\/v2\/media?parent=19710"}],"wp:term":[{"taxonomy":"product_cat","embeddable":true,"href":"https:\/\/parapharmacieenligne.ma\/en\/wp-json\/wp\/v2\/product_cat?post=19710"},{"taxonomy":"product_tag","embeddable":true,"href":"https:\/\/parapharmacieenligne.ma\/en\/wp-json\/wp\/v2\/product_tag?post=19710"},{"taxonomy":"yith_product_brand","embeddable":true,"href":"https:\/\/parapharmacieenligne.ma\/en\/wp-json\/wp\/v2\/yith_product_brand?post=19710"}],"curies":[{"name":"wp","href":"https:\/\/api.w.org\/{rel}","templated":true}]}}