{"id":19713,"date":"2026-04-18T16:36:42","date_gmt":"2026-04-18T14:36:42","guid":{"rendered":"https:\/\/parapharmacieenligne.ma\/?post_type=product&#038;p=19713"},"modified":"2026-04-18T16:36:49","modified_gmt":"2026-04-18T14:36:49","slug":"farmstay-tea-tree-biome-creme-yeux-calmante-50-ml","status":"publish","type":"product","link":"https:\/\/parapharmacieenligne.ma\/en\/product\/farmstay-tea-tree-biome-creme-yeux-calmante-50-ml\/","title":{"rendered":"FARMSTAY TEA TREE BIOME CREME YEUX CALMANTE 50 ML"},"content":{"rendered":"<p>Si tu luttes avec des cernes persistants, des ridules, un regard fatigu\u00e9 ou un manque de fermet\u00e9, cette cr\u00e8me devient vite un indispensable dans ta routine.<\/p>\n<p>Sa formule est enrichie d\u2019un ingr\u00e9dient star : 10 185 ppm d\u2019extrait naturel de feuilles d&rsquo;arbre \u00e0 th\u00e9 (Tea Tree), reconnu pour ses propri\u00e9t\u00e9s anti-inflammatoires, purifiantes et apaisantes. Cet extrait aide \u00e0 r\u00e9duire efficacement les gonflements et les irritations tout en apportant une sensation imm\u00e9diate de fra\u00eecheur. La pr\u00e9sence de Centella Asiatica, plante r\u00e9put\u00e9e pour ses capacit\u00e9s r\u00e9paratrices, stimule la r\u00e9g\u00e9n\u00e9ration cellulaire, renforce la barri\u00e8re cutan\u00e9e et aide \u00e0 diminuer l\u2019apparence des ridules et des rides.<\/p>\n<p>Gr\u00e2ce \u00e0 sa texture l\u00e9g\u00e8re, douce et non collante, la cr\u00e8me glisse sur la peau comme un voile de fra\u00eecheur. Elle p\u00e9n\u00e8tre instantan\u00e9ment, sans film gras, apportant une hydratation profonde et durable. Hypoallerg\u00e9nique et adapt\u00e9e m\u00eame aux peaux sensibles, elle agit comme un soin de r\u00e9cup\u00e9ration pour les yeux fatigu\u00e9s par le stress, les \u00e9crans ou le manque de sommeil.<\/p>\n<p>Jour apr\u00e8s jour, le regard para\u00eet plus lumineux, plus repos\u00e9 et visiblement rajeuni. Les cernes s\u2019estompent, les sacs sous les yeux diminuent, et la peau retrouve son \u00e9lasticit\u00e9 naturelle. La cr\u00e8me contribue \u00e9galement \u00e0 la production de collag\u00e8ne pour une peau plus ferme et plus lisse.<\/p>\n<p>Conseils d&rsquo;utilisation :<\/p>\n<p>Pr\u00e9l\u00e8ve une quantit\u00e9 appropri\u00e9e de produit et applique-le sur le contour de tes yeux.<br \/>\nFais p\u00e9n\u00e9trer le produit dans ta peau en tapotant d\u00e9licatement pour en am\u00e9liorer l&rsquo;absorption.<br \/>\nComposition :<\/p>\n<p>Eau, Glyc\u00e9rine, Triglyc\u00e9ride Caprylique\/Caprique, Olivate de Cetearyl, Butyl\u00e8ne Glycol, 1,2-Hexanediol, Olivate de Sorbitan, Alcool Cetearyl, Huile de Graine de Limnanthes Alba, Carbom\u00e8re, Trom\u00e9thamine, Huile de Fruit de Citrus Aurantium Bergamia, Ethylhexylglycerin, Ad\u00e9nosine, Disodium EDTA, Extrait de Feuille de Melaleuca Alternifolia, Lysat de Ferment de Bifida, Extrait de Centella Asiatica, Alcool Ph\u00e9ny\u00e9thyl, Prot\u00e9ine de Lait, Panth\u00e9nol, Madecassoside, Limon\u00e8ne, Linalool.<\/p>","protected":false},"excerpt":{"rendered":"<p>Si tu luttes avec des cernes persistants, des ridules, un regard fatigu\u00e9 ou un manque de fermet\u00e9, cette cr\u00e8me devient vite un&hellip;<\/p>","protected":false},"featured_media":19712,"comment_status":"open","ping_status":"closed","template":"","meta":[],"product_cat":[89],"product_tag":[],"yith_product_brand":[217],"class_list":{"0":"post-19713","1":"product","2":"type-product","3":"status-publish","4":"has-post-thumbnail","6":"product_cat-k-beauty","7":"yith_product_brand-farmstay","9":"first","10":"instock","11":"shipping-taxable","12":"purchasable","13":"product-type-simple"},"_links":{"self":[{"href":"https:\/\/parapharmacieenligne.ma\/en\/wp-json\/wp\/v2\/product\/19713","targetHints":{"allow":["GET"]}}],"collection":[{"href":"https:\/\/parapharmacieenligne.ma\/en\/wp-json\/wp\/v2\/product"}],"about":[{"href":"https:\/\/parapharmacieenligne.ma\/en\/wp-json\/wp\/v2\/types\/product"}],"replies":[{"embeddable":true,"href":"https:\/\/parapharmacieenligne.ma\/en\/wp-json\/wp\/v2\/comments?post=19713"}],"version-history":[{"count":1,"href":"https:\/\/parapharmacieenligne.ma\/en\/wp-json\/wp\/v2\/product\/19713\/revisions"}],"predecessor-version":[{"id":19714,"href":"https:\/\/parapharmacieenligne.ma\/en\/wp-json\/wp\/v2\/product\/19713\/revisions\/19714"}],"wp:featuredmedia":[{"embeddable":true,"href":"https:\/\/parapharmacieenligne.ma\/en\/wp-json\/wp\/v2\/media\/19712"}],"wp:attachment":[{"href":"https:\/\/parapharmacieenligne.ma\/en\/wp-json\/wp\/v2\/media?parent=19713"}],"wp:term":[{"taxonomy":"product_cat","embeddable":true,"href":"https:\/\/parapharmacieenligne.ma\/en\/wp-json\/wp\/v2\/product_cat?post=19713"},{"taxonomy":"product_tag","embeddable":true,"href":"https:\/\/parapharmacieenligne.ma\/en\/wp-json\/wp\/v2\/product_tag?post=19713"},{"taxonomy":"yith_product_brand","embeddable":true,"href":"https:\/\/parapharmacieenligne.ma\/en\/wp-json\/wp\/v2\/yith_product_brand?post=19713"}],"curies":[{"name":"wp","href":"https:\/\/api.w.org\/{rel}","templated":true}]}}