{"id":19716,"date":"2026-04-18T16:36:58","date_gmt":"2026-04-18T14:36:58","guid":{"rendered":"https:\/\/parapharmacieenligne.ma\/?post_type=product&#038;p=19716"},"modified":"2026-04-18T16:37:03","modified_gmt":"2026-04-18T14:37:03","slug":"farmstay-tea-tree-biome-masque-calmante-25ml-10-unites","status":"publish","type":"product","link":"https:\/\/parapharmacieenligne.ma\/en\/product\/farmstay-tea-tree-biome-masque-calmante-25ml-10-unites\/","title":{"rendered":"FARMSTAY TEA TREE BIOME MASQUE CALMANTE 25ML 10 UNITES"},"content":{"rendered":"<p>V\u00e9ritable soin SOS, il redonne \u00e0 la peau confort, hydratation et douceur en quelques minutes, tout en apportant un effet fra\u00eecheur instantan\u00e9.<\/p>\n<p>Sa formule se distingue par un ingr\u00e9dient puissant : l\u2019extrait de feuilles d\u2019arbre \u00e0 th\u00e9 (Tea Tree), connu pour ses propri\u00e9t\u00e9s antibact\u00e9riennes, purifiantes et apaisantes. Il aide \u00e0 r\u00e9duire les rougeurs, les imperfections, les irritations et les sensations d\u2019inconfort. Gr\u00e2ce \u00e0 son action r\u00e9g\u00e9n\u00e9rante, il renforce la barri\u00e8re cutan\u00e9e et prot\u00e8ge la peau des agressions ext\u00e9rieures, tout en offrant un teint plus uniforme et plus lumineux.<\/p>\n<p>Le masque contient \u00e9galement du Panth\u00e9nol (provitamine B5), un actif hautement r\u00e9parateur. Celui-ci apaise instantan\u00e9ment les peaux tiraill\u00e9es, hydrate intens\u00e9ment et favorise le processus naturel de cicatrisation. En combinant Tea Tree et Panth\u00e9nol, ce masque agit sur plusieurs niveaux : il calme, hydrate, r\u00e9pare et redonne \u00e9lasticit\u00e9 \u00e0 la peau.<\/p>\n<p>Chaque utilisation se transforme en v\u00e9ritable rituel beaut\u00e9 cor\u00e9en : le tissu imbib\u00e9 d\u2019essence \u00e9pouse parfaitement le visage, permettant aux actifs de p\u00e9n\u00e9trer profond\u00e9ment. R\u00e9sultat ? Une peau plus nette, plus souple et visiblement apais\u00e9e d\u00e8s la premi\u00e8re application. Au fil des jours, la production de collag\u00e8ne et d\u2019\u00e9lastine est stimul\u00e9e, contribuant \u00e0 une peau plus ferme et rebondie.<\/p>\n<p>Conseils d&rsquo;utilisation :<\/p>\n<p>Pr\u00e9pare ta peau en la nettoyant et en utilisant un tonique<\/p>\n<p>Ouvre le sachet et r\u00e9partis le masque uniform\u00e9ment sur l&rsquo;ensemble du visage en \u00e9vitant les yeux et la bouche<\/p>\n<p>Relaxe et d\u00e9tends-vous pendant 15 \u00e0 20 minutes<\/p>\n<p>Ensuite, retire le tout et fais p\u00e9n\u00e9trer l&rsquo;essence restante par des mouvements de massage.<\/p>\n<p>Composition :<\/p>\n<p>Water (Aqua), Glycerin, Butylene Glycol, Melaleuca Alternifolia (Tea Tree) Leaf Extract (10,000.7ppm), 1,2-Hexanediol, Propanediol, Hydroxyacetophenone, Diethoxyethyl Succinate, Carbomer, Panthenol (1,000.5ppm), Allantoin, Trehalose, Tromethamine, Polyglyceryl-4 Caprate, Polyglyceryl-6 Caprylate, Glycereth-26, Ethylhexylglycerin, Disodium EDTA, Biosaccharide Gum-1, Fragrance (Parfum), Hyaluronic Acid, Hydrolyzed Hyaluronic Acid, Sodium Hyaluronate, Hydroxyethylcellulose, Ammonium Polyacryloyldimethyl Taurate, Bifida Ferment Lysate (4ppm), Lactose (3ppm), Centella Asiatica Extract (2ppm), Phenethyl Alcohol (1.5ppm), Milk Protein (1ppm), Madecassoside (0.1ppm).<\/p>","protected":false},"excerpt":{"rendered":"<p>V\u00e9ritable soin SOS, il redonne \u00e0 la peau confort, hydratation et douceur en quelques minutes, tout en apportant un effet fra\u00eecheur instantan\u00e9.&hellip;<\/p>","protected":false},"featured_media":19715,"comment_status":"open","ping_status":"closed","template":"","meta":[],"product_cat":[89],"product_tag":[],"yith_product_brand":[217],"class_list":{"0":"post-19716","1":"product","2":"type-product","3":"status-publish","4":"has-post-thumbnail","6":"product_cat-k-beauty","7":"yith_product_brand-farmstay","9":"first","10":"instock","11":"shipping-taxable","12":"purchasable","13":"product-type-simple"},"_links":{"self":[{"href":"https:\/\/parapharmacieenligne.ma\/en\/wp-json\/wp\/v2\/product\/19716","targetHints":{"allow":["GET"]}}],"collection":[{"href":"https:\/\/parapharmacieenligne.ma\/en\/wp-json\/wp\/v2\/product"}],"about":[{"href":"https:\/\/parapharmacieenligne.ma\/en\/wp-json\/wp\/v2\/types\/product"}],"replies":[{"embeddable":true,"href":"https:\/\/parapharmacieenligne.ma\/en\/wp-json\/wp\/v2\/comments?post=19716"}],"version-history":[{"count":1,"href":"https:\/\/parapharmacieenligne.ma\/en\/wp-json\/wp\/v2\/product\/19716\/revisions"}],"predecessor-version":[{"id":19717,"href":"https:\/\/parapharmacieenligne.ma\/en\/wp-json\/wp\/v2\/product\/19716\/revisions\/19717"}],"wp:featuredmedia":[{"embeddable":true,"href":"https:\/\/parapharmacieenligne.ma\/en\/wp-json\/wp\/v2\/media\/19715"}],"wp:attachment":[{"href":"https:\/\/parapharmacieenligne.ma\/en\/wp-json\/wp\/v2\/media?parent=19716"}],"wp:term":[{"taxonomy":"product_cat","embeddable":true,"href":"https:\/\/parapharmacieenligne.ma\/en\/wp-json\/wp\/v2\/product_cat?post=19716"},{"taxonomy":"product_tag","embeddable":true,"href":"https:\/\/parapharmacieenligne.ma\/en\/wp-json\/wp\/v2\/product_tag?post=19716"},{"taxonomy":"yith_product_brand","embeddable":true,"href":"https:\/\/parapharmacieenligne.ma\/en\/wp-json\/wp\/v2\/yith_product_brand?post=19716"}],"curies":[{"name":"wp","href":"https:\/\/api.w.org\/{rel}","templated":true}]}}