{"id":19719,"date":"2026-04-18T16:37:11","date_gmt":"2026-04-18T14:37:11","guid":{"rendered":"https:\/\/parapharmacieenligne.ma\/?post_type=product&#038;p=19719"},"modified":"2026-04-18T16:37:18","modified_gmt":"2026-04-18T14:37:18","slug":"farmstay-tea-tree-biome-calming-sun-serum-50ml%c2%b2","status":"publish","type":"product","link":"https:\/\/parapharmacieenligne.ma\/en\/product\/farmstay-tea-tree-biome-calming-sun-serum-50ml%c2%b2\/","title":{"rendered":"FARMSTAY TEA TREE BIOME CALMING SUN SERUM 50ML\u00b2"},"content":{"rendered":"<p>Ce s\u00e9rum solaire \u00e0 la texture ultra-l\u00e9g\u00e8re prot\u00e8ge efficacement contre les UVA et UVB tout en apportant une dose d\u2019hydratation fra\u00eeche et apaisante. Con\u00e7u pour les peaux r\u00e9actives, il ne laisse aucune trace blanche, ne peluche pas et ne cr\u00e9e pas d\u2019effet gras. Il fond instantan\u00e9ment dans la peau comme un s\u00e9rum classique, offrant un fini velout\u00e9, mat et confortable tout au long de la journ\u00e9e.<\/p>\n<p>Au c\u0153ur de sa formule se trouve le Tea Tree Biome, un complexe d\u2019extrait d\u2019arbre \u00e0 th\u00e9 riche en propri\u00e9t\u00e9s antibact\u00e9riennes, purifiantes et anti-inflammatoires. Il apaise les irritations, r\u00e9duit les rougeurs et aide \u00e0 contr\u00f4ler les imperfections. La peau respire, reste claire et \u00e9quilibr\u00e9e.<\/p>\n<p>La formule est \u00e9galement enrichie de :<\/p>\n<p>Centella Asiatica (Cica) : r\u00e9g\u00e9n\u00e9ratrice, elle stimule la production de collag\u00e8ne et acc\u00e9l\u00e8re la r\u00e9paration cutan\u00e9e.<\/p>\n<p>Mad\u00e9cassoside : puissant anti-inflammatoire, qui renforce la barri\u00e8re cutan\u00e9e et r\u00e9duit la sensibilit\u00e9.<\/p>\n<p>Panth\u00e9nol (Vitamine B5) : hydratant intense qui apaise imm\u00e9diatement et durablement la peau.<\/p>\n<p>Sa poudre soyeuse invisible absorbe l&rsquo;exc\u00e8s de s\u00e9bum, laissant un fini mat naturel, id\u00e9al comme base de maquillage. Avec ce s\u00e9rum solaire, votre peau est prot\u00e9g\u00e9e, apais\u00e9e et hydrat\u00e9e sans sensation de lourdeur.<\/p>\n<p>Conseils d&rsquo;utilisation :<\/p>\n<p>Utiliser en derni\u00e8re \u00e9tape de votre routine skincare, apr\u00e8s votre cr\u00e8me hydratante.<\/p>\n<p>Appliquer suffisamment de produit sur le visage, le cou et les zones expos\u00e9es.<\/p>\n<p>Masser doucement jusqu\u2019\u00e0 absorption compl\u00e8te.<\/p>\n<p>Renouveler toutes les 2 \u00e0 3 heures en cas d\u2019exposition prolong\u00e9e ou apr\u00e8s la baignade.<\/p>","protected":false},"excerpt":{"rendered":"<p>Ce s\u00e9rum solaire \u00e0 la texture ultra-l\u00e9g\u00e8re prot\u00e8ge efficacement contre les UVA et UVB tout en apportant une dose d\u2019hydratation fra\u00eeche et&hellip;<\/p>","protected":false},"featured_media":19718,"comment_status":"open","ping_status":"closed","template":"","meta":[],"product_cat":[89],"product_tag":[],"yith_product_brand":[217],"class_list":{"0":"post-19719","1":"product","2":"type-product","3":"status-publish","4":"has-post-thumbnail","6":"product_cat-k-beauty","7":"yith_product_brand-farmstay","9":"first","10":"instock","11":"shipping-taxable","12":"purchasable","13":"product-type-simple"},"_links":{"self":[{"href":"https:\/\/parapharmacieenligne.ma\/en\/wp-json\/wp\/v2\/product\/19719","targetHints":{"allow":["GET"]}}],"collection":[{"href":"https:\/\/parapharmacieenligne.ma\/en\/wp-json\/wp\/v2\/product"}],"about":[{"href":"https:\/\/parapharmacieenligne.ma\/en\/wp-json\/wp\/v2\/types\/product"}],"replies":[{"embeddable":true,"href":"https:\/\/parapharmacieenligne.ma\/en\/wp-json\/wp\/v2\/comments?post=19719"}],"version-history":[{"count":1,"href":"https:\/\/parapharmacieenligne.ma\/en\/wp-json\/wp\/v2\/product\/19719\/revisions"}],"predecessor-version":[{"id":19720,"href":"https:\/\/parapharmacieenligne.ma\/en\/wp-json\/wp\/v2\/product\/19719\/revisions\/19720"}],"wp:featuredmedia":[{"embeddable":true,"href":"https:\/\/parapharmacieenligne.ma\/en\/wp-json\/wp\/v2\/media\/19718"}],"wp:attachment":[{"href":"https:\/\/parapharmacieenligne.ma\/en\/wp-json\/wp\/v2\/media?parent=19719"}],"wp:term":[{"taxonomy":"product_cat","embeddable":true,"href":"https:\/\/parapharmacieenligne.ma\/en\/wp-json\/wp\/v2\/product_cat?post=19719"},{"taxonomy":"product_tag","embeddable":true,"href":"https:\/\/parapharmacieenligne.ma\/en\/wp-json\/wp\/v2\/product_tag?post=19719"},{"taxonomy":"yith_product_brand","embeddable":true,"href":"https:\/\/parapharmacieenligne.ma\/en\/wp-json\/wp\/v2\/yith_product_brand?post=19719"}],"curies":[{"name":"wp","href":"https:\/\/api.w.org\/{rel}","templated":true}]}}