{"id":19722,"date":"2026-04-18T16:37:26","date_gmt":"2026-04-18T14:37:26","guid":{"rendered":"https:\/\/parapharmacieenligne.ma\/?post_type=product&#038;p=19722"},"modified":"2026-04-18T16:37:32","modified_gmt":"2026-04-18T14:37:32","slug":"farmstay-tea-tree-biome-calming-sun-creme-50g","status":"publish","type":"product","link":"https:\/\/parapharmacieenligne.ma\/en\/product\/farmstay-tea-tree-biome-calming-sun-creme-50g\/","title":{"rendered":"FARMSTAY TEA TREE BIOME CALMING SUN CREME 50G"},"content":{"rendered":"<p>Bien plus qu\u2019une simple protection solaire, elle agit comme un soin complet qui hydrate, apaise et renforce la barri\u00e8re cutan\u00e9e tout en prot\u00e9geant des rayons UVA et UVB.<\/p>\n<p>Sa formule associe des ingr\u00e9dients puissants issus de la cosm\u00e9tique cor\u00e9enne :<\/p>\n<p>Extrait de feuille d\u2019arbre \u00e0 th\u00e9 (Tea Tree) : purifiant et antibact\u00e9rien, il r\u00e9duit les rougeurs, limite l\u2019apparition d\u2019imperfections et calme les inflammations cutan\u00e9es.<\/p>\n<p>Centella Asiatica : actif apaisant et r\u00e9parateur, elle aide \u00e0 la r\u00e9g\u00e9n\u00e9ration cellulaire, am\u00e9liore l\u2019\u00e9lasticit\u00e9 et soulage les peaux irrit\u00e9es.<\/p>\n<p>Mad\u00e9cassoside : issu de la Centella, reconnu pour ses propri\u00e9t\u00e9s cicatrisantes, anti-inflammatoires et anti-rougeurs.<\/p>\n<p>Panth\u00e9nol (Vitamine B5) : hydrate, renforce la barri\u00e8re cutan\u00e9e et apporte un confort imm\u00e9diat.<\/p>\n<p>Sa texture cr\u00e8me-lotion l\u00e9g\u00e8re p\u00e9n\u00e8tre instantan\u00e9ment sans laisser de traces blanches, d\u2019effet collant ou de fini gras. Gr\u00e2ce \u00e0 sa poudre soyeuse, elle absorbe l\u2019exc\u00e8s de s\u00e9bum et laisse un fini frais et velout\u00e9, id\u00e9al pour les peaux mixtes \u00e0 grasses ou sujettes aux brillances. Elle constitue \u00e9galement une excellente base de maquillage.<\/p>\n<p>Avec la Tea Tree Biome Calming Sun Cr\u00e8me, votre peau est prot\u00e9g\u00e9e, matifi\u00e9e et apais\u00e9e tout au long de la journ\u00e9e. Chaque application apporte une sensation de fra\u00eecheur imm\u00e9diate et laisse la peau douce, \u00e9quilibr\u00e9e et parfaitement hydrat\u00e9e.<\/p>\n<p>Conseils d&rsquo;utilisation :<\/p>\n<p>Utilisez la cr\u00e8me solaire en derni\u00e8re \u00e9tape de votre routine de soin, apr\u00e8s la cr\u00e8me hydratante.<\/p>\n<p>Appliquez une quantit\u00e9 g\u00e9n\u00e9reuse sur le visage, le cou et les zones expos\u00e9es au soleil.<\/p>\n<p>Massez d\u00e9licatement jusqu&rsquo;\u00e0 absorption compl\u00e8te.<\/p>\n<p>Composition :<\/p>\n<p>Purified water, propanediol, homosalate, butyloctyl salicylate, ethylhexyl salicylate, titanium dioxide, diethylaminohydroxybenzoylhexylbenzoate, silica, acrylate copolymer, polysorbate 60, glyceryl stearate Latex, beeswax, bis-ethylhexyloxyphenol methoxyphenyltriazine, cetyl dimethicone, sodium stearoyl lactylate, PEG-100 stearate, caprylyl glycol, C20-22 alkyl phosphate, sorbitan Stearate, aluminum hydroxide, C20-22 alcohol, polyhydroxy stearic acid, purslane extract, stearic acid, panthenol (3,750 ppm), butylene glycol, ethylhexylglycerin, acrylate\/C10-30 alkyl acrylate Late crosspolymer, fragrance,<\/p>","protected":false},"excerpt":{"rendered":"<p>Bien plus qu\u2019une simple protection solaire, elle agit comme un soin complet qui hydrate, apaise et renforce la barri\u00e8re cutan\u00e9e tout en&hellip;<\/p>","protected":false},"featured_media":19721,"comment_status":"open","ping_status":"closed","template":"","meta":[],"product_cat":[89],"product_tag":[],"yith_product_brand":[217],"class_list":{"0":"post-19722","1":"product","2":"type-product","3":"status-publish","4":"has-post-thumbnail","6":"product_cat-k-beauty","7":"yith_product_brand-farmstay","9":"first","10":"instock","11":"shipping-taxable","12":"purchasable","13":"product-type-simple"},"_links":{"self":[{"href":"https:\/\/parapharmacieenligne.ma\/en\/wp-json\/wp\/v2\/product\/19722","targetHints":{"allow":["GET"]}}],"collection":[{"href":"https:\/\/parapharmacieenligne.ma\/en\/wp-json\/wp\/v2\/product"}],"about":[{"href":"https:\/\/parapharmacieenligne.ma\/en\/wp-json\/wp\/v2\/types\/product"}],"replies":[{"embeddable":true,"href":"https:\/\/parapharmacieenligne.ma\/en\/wp-json\/wp\/v2\/comments?post=19722"}],"version-history":[{"count":1,"href":"https:\/\/parapharmacieenligne.ma\/en\/wp-json\/wp\/v2\/product\/19722\/revisions"}],"predecessor-version":[{"id":19723,"href":"https:\/\/parapharmacieenligne.ma\/en\/wp-json\/wp\/v2\/product\/19722\/revisions\/19723"}],"wp:featuredmedia":[{"embeddable":true,"href":"https:\/\/parapharmacieenligne.ma\/en\/wp-json\/wp\/v2\/media\/19721"}],"wp:attachment":[{"href":"https:\/\/parapharmacieenligne.ma\/en\/wp-json\/wp\/v2\/media?parent=19722"}],"wp:term":[{"taxonomy":"product_cat","embeddable":true,"href":"https:\/\/parapharmacieenligne.ma\/en\/wp-json\/wp\/v2\/product_cat?post=19722"},{"taxonomy":"product_tag","embeddable":true,"href":"https:\/\/parapharmacieenligne.ma\/en\/wp-json\/wp\/v2\/product_tag?post=19722"},{"taxonomy":"yith_product_brand","embeddable":true,"href":"https:\/\/parapharmacieenligne.ma\/en\/wp-json\/wp\/v2\/yith_product_brand?post=19722"}],"curies":[{"name":"wp","href":"https:\/\/api.w.org\/{rel}","templated":true}]}}