{"id":19725,"date":"2026-04-18T16:37:39","date_gmt":"2026-04-18T14:37:39","guid":{"rendered":"https:\/\/parapharmacieenligne.ma\/?post_type=product&#038;p=19725"},"modified":"2026-04-18T16:37:45","modified_gmt":"2026-04-18T14:37:45","slug":"farmstay-collagen-water-full-moist-toner-200ml","status":"publish","type":"product","link":"https:\/\/parapharmacieenligne.ma\/en\/product\/farmstay-collagen-water-full-moist-toner-200ml\/","title":{"rendered":"FARMSTAY COLLAGEN WATER FULL MOIST TONER 200ML"},"content":{"rendered":"<p>Formul\u00e9 avec du collag\u00e8ne marin, un actif reconnu pour ses puissantes propri\u00e9t\u00e9s anti-\u00e2ge, ce soin visage enveloppe la peau d\u2019un voile d\u2019hydratation intense. D\u00e8s le premier contact, la texture l\u00e9g\u00e8re et aqueuse p\u00e9n\u00e8tre rapidement et infuse votre peau d\u2019une hydratation durable. R\u00e9sultat : une peau plus douce, plus souple et un teint visiblement repulp\u00e9.<\/p>\n<p>Le collag\u00e8ne marin stimule l\u2019\u00e9lasticit\u00e9, r\u00e9duit l\u2019apparence des ridules et am\u00e9liore la fermet\u00e9 du visage. Il aide \u00e9galement \u00e0 red\u00e9finir les contours et \u00e0 uniformiser le teint pour un effet lifting naturel. Jour apr\u00e8s jour, la peau gagne en densit\u00e9, elle para\u00eet revitalis\u00e9e et pleine de vie.<\/p>\n<p>Ce toner ne se contente pas d\u2019hydrater : il tonifie, rafra\u00eechit et pr\u00e9pare parfaitement la peau \u00e0 recevoir les soins suivants (s\u00e9rum, cr\u00e8me\u2026). Il devient un indispensable pour celles et ceux qui recherchent une routine anti-\u00e2ge efficace sans compromis sur le confort et la douceur.<\/p>\n<p>\u00c9t\u00e9 comme hiver, Collagen Water Full Moist Toner recr\u00e9e cette sensation de fra\u00eecheur marine. En \u00e9t\u00e9, il apaise et r\u00e9hydrate la peau \u00e9chauff\u00e9e. En hiver, il lutte contre la d\u00e9shydratation et les tiraillements. C\u2019est le secret d\u2019une peau pleine d\u2019eau, lumineuse et saine toute l\u2019ann\u00e9e.<\/p>\n<p>Conseils d&rsquo;utilisation :<\/p>\n<p>Applique le tonique sur la peau nettoy\u00e9e et r\u00e9partis-le uniform\u00e9ment.<\/p>\n<p>Composition :<\/p>\n<p>Water, SD alcohol 40-b, butylene glycol, 1,2-hexanediol, niacinamide, hydrolyzed collagen, peg-60 hydrogenated castor oil, sodium citrate, adenosine, disodium edta, parfum, butylene glycol, portulaca oleracea extract, freesia refracta extract, prunus persica (peach) flower extract, prunus mume flower extract, nelumbo nucifera flower extract, magnolia kobus branch\/flower\/leaf extract, camellia japonica flower extract.<\/p>","protected":false},"excerpt":{"rendered":"<p>Formul\u00e9 avec du collag\u00e8ne marin, un actif reconnu pour ses puissantes propri\u00e9t\u00e9s anti-\u00e2ge, ce soin visage enveloppe la peau d\u2019un voile d\u2019hydratation&hellip;<\/p>","protected":false},"featured_media":19724,"comment_status":"open","ping_status":"closed","template":"","meta":[],"product_cat":[89],"product_tag":[],"yith_product_brand":[217],"class_list":{"0":"post-19725","1":"product","2":"type-product","3":"status-publish","4":"has-post-thumbnail","6":"product_cat-k-beauty","7":"yith_product_brand-farmstay","9":"first","10":"instock","11":"shipping-taxable","12":"purchasable","13":"product-type-simple"},"_links":{"self":[{"href":"https:\/\/parapharmacieenligne.ma\/en\/wp-json\/wp\/v2\/product\/19725","targetHints":{"allow":["GET"]}}],"collection":[{"href":"https:\/\/parapharmacieenligne.ma\/en\/wp-json\/wp\/v2\/product"}],"about":[{"href":"https:\/\/parapharmacieenligne.ma\/en\/wp-json\/wp\/v2\/types\/product"}],"replies":[{"embeddable":true,"href":"https:\/\/parapharmacieenligne.ma\/en\/wp-json\/wp\/v2\/comments?post=19725"}],"version-history":[{"count":1,"href":"https:\/\/parapharmacieenligne.ma\/en\/wp-json\/wp\/v2\/product\/19725\/revisions"}],"predecessor-version":[{"id":19726,"href":"https:\/\/parapharmacieenligne.ma\/en\/wp-json\/wp\/v2\/product\/19725\/revisions\/19726"}],"wp:featuredmedia":[{"embeddable":true,"href":"https:\/\/parapharmacieenligne.ma\/en\/wp-json\/wp\/v2\/media\/19724"}],"wp:attachment":[{"href":"https:\/\/parapharmacieenligne.ma\/en\/wp-json\/wp\/v2\/media?parent=19725"}],"wp:term":[{"taxonomy":"product_cat","embeddable":true,"href":"https:\/\/parapharmacieenligne.ma\/en\/wp-json\/wp\/v2\/product_cat?post=19725"},{"taxonomy":"product_tag","embeddable":true,"href":"https:\/\/parapharmacieenligne.ma\/en\/wp-json\/wp\/v2\/product_tag?post=19725"},{"taxonomy":"yith_product_brand","embeddable":true,"href":"https:\/\/parapharmacieenligne.ma\/en\/wp-json\/wp\/v2\/yith_product_brand?post=19725"}],"curies":[{"name":"wp","href":"https:\/\/api.w.org\/{rel}","templated":true}]}}