{"id":19728,"date":"2026-04-18T16:37:55","date_gmt":"2026-04-18T14:37:55","guid":{"rendered":"https:\/\/parapharmacieenligne.ma\/?post_type=product&#038;p=19728"},"modified":"2026-04-18T16:38:01","modified_gmt":"2026-04-18T14:38:01","slug":"farmstay-collagen-water-full-moist-emulsion-200ml","status":"publish","type":"product","link":"https:\/\/parapharmacieenligne.ma\/en\/product\/farmstay-collagen-water-full-moist-emulsion-200ml\/","title":{"rendered":"FARMSTAY COLLAGEN WATER FULL MOIST EMULSION 200ML"},"content":{"rendered":"<p>L&rsquo;FARMSTAY COLLAGEN WATER FULL MOIST EMULSION 200ML est bien plus qu&rsquo;une simple lotion hydratante ; c&rsquo;est un bouclier anti-\u00e2ge et hydratant, con\u00e7u par les experts cor\u00e9ens pour restaurer l&rsquo;\u00e9quilibre vital de votre peau.<\/p>\n<p>Arr\u00eatez l&rsquo;\u00c9vasion d&rsquo;Eau : Le Collag\u00e8ne, Ma\u00eetre de l&rsquo;Hydratation Durable<\/p>\n<p>La cl\u00e9 d&rsquo;une peau jeune et repulp\u00e9e est une hydratation maintenue en profondeur. Gr\u00e2ce \u00e0 sa haute teneur en collag\u00e8ne hydrolys\u00e9, cette \u00e9mulsion cor\u00e9enne agit comme un v\u00e9ritable architecte cutan\u00e9. Le collag\u00e8ne assure une action \u00e9quilibrante essentielle en pr\u00e9venant la redoutable perte d\u2019eau transdermique (TEWL). En verrouillant l&rsquo;humidit\u00e9 dans les couches de l&rsquo;\u00e9piderme, l&rsquo;\u00e9mulsion garantit une hydratation optimale et durable, luttant directement contre le dess\u00e8chement qui est la cause premi\u00e8re du vieillissement pr\u00e9matur\u00e9.<\/p>\n<p>Un Triple Impact Anti-\u00c2ge et R\u00e9parateur :<\/p>\n<p>Comblement et Fermet\u00e9 : Le collag\u00e8ne contenu dans la formule ne fait pas que retenir l&rsquo;eau ; il aide \u00e9galement \u00e0 combler visiblement les marques de vieillissement cutan\u00e9, comme les ridules et les fines lignes. La peau gagne en \u00e9lasticit\u00e9 et en souplesse, r\u00e9v\u00e9lant un aspect plus lisse et rajeuni.<\/p>\n<p>R\u00e9g\u00e9n\u00e9ration Cellulaire Boost\u00e9e : L&rsquo;application r\u00e9guli\u00e8re de cette \u00e9mulsion stimule activement la r\u00e9g\u00e9n\u00e9ration cellulaire. Ce renouvellement est crucial pour maintenir un teint frais, uniforme et une texture de peau affin\u00e9e.<\/p>\n<p>Barri\u00e8re Protectrice Fortifi\u00e9e : La formule est enrichie pour fortifier la barri\u00e8re protectrice de la peau. Une barri\u00e8re cutan\u00e9e saine est indispensable pour se d\u00e9fendre contre les agressions ext\u00e9rieures (pollution, irritants) et pour maintenir les niveaux d&rsquo;hydratation interne. Votre peau est plus r\u00e9siliente, moins r\u00e9active et visiblement plus saine.<\/p>\n<p>Avec sa texture l\u00e9g\u00e8re et rapidement absorb\u00e9e, id\u00e9ale pour toutes les peaux, y compris les peaux mixtes ou celles qui n&rsquo;aiment pas les cr\u00e8mes lourdes, et son format g\u00e9n\u00e9reux de 200ML, l&rsquo;\u00e9mulsion FARMSTAY COLLAGEN WATER FULL MOIST est le soin essentiel pour une peau cor\u00e9enne : repulp\u00e9e, hydrat\u00e9e et pleine de vitalit\u00e9, jour apr\u00e8s jour.<\/p>\n<p>Conseils d&rsquo;utilisation :<\/p>\n<p>Utiliser matin et soir apr\u00e8s les \u00e9tapes de nettoyage et de tonification (et l&rsquo;application d&rsquo;un s\u00e9rum si vous en utilisez un).<\/p>\n<p>Composition :<\/p>\n<p>Water, Butylene Glycol, Hydrogenated Polydecene, 1,2-Hexanediol, Glycerin, Niacinamide, Ethylhexyl Palmitate, Dimethicone, Isododecane, Caprylic\/Capric Triglyceride, Hydrolyzed Collagen (10,000ppm), Sorbitan Oleate, Glyceryl Stearate, Stearyl Alcohol, PEG-100 Stearate, Stearic Acid, Acrylates\/C10-30 Alkyl Acrylate Crosspolymer, Potassium Hydroxide, Freesia Refracta Extract, Adenosine, Disodium EDTA, Camellia Japonica Flower Extract, Prunus Mume Flower Extract, Magnolia Kobus Branch\/Flower\/Leaf Extract, Prunus Persica (Peach) Flower Extract, Nelumbo Nucifera Flower Extract, Portulaca Oleracea Extract, Parfum (Fragrance).<\/p>","protected":false},"excerpt":{"rendered":"<p>L&rsquo;FARMSTAY COLLAGEN WATER FULL MOIST EMULSION 200ML est bien plus qu&rsquo;une simple lotion hydratante ; c&rsquo;est un bouclier anti-\u00e2ge et hydratant, con\u00e7u&hellip;<\/p>","protected":false},"featured_media":19727,"comment_status":"open","ping_status":"closed","template":"","meta":[],"product_cat":[89],"product_tag":[],"yith_product_brand":[217],"class_list":{"0":"post-19728","1":"product","2":"type-product","3":"status-publish","4":"has-post-thumbnail","6":"product_cat-k-beauty","7":"yith_product_brand-farmstay","9":"first","10":"instock","11":"shipping-taxable","12":"purchasable","13":"product-type-simple"},"_links":{"self":[{"href":"https:\/\/parapharmacieenligne.ma\/en\/wp-json\/wp\/v2\/product\/19728","targetHints":{"allow":["GET"]}}],"collection":[{"href":"https:\/\/parapharmacieenligne.ma\/en\/wp-json\/wp\/v2\/product"}],"about":[{"href":"https:\/\/parapharmacieenligne.ma\/en\/wp-json\/wp\/v2\/types\/product"}],"replies":[{"embeddable":true,"href":"https:\/\/parapharmacieenligne.ma\/en\/wp-json\/wp\/v2\/comments?post=19728"}],"version-history":[{"count":1,"href":"https:\/\/parapharmacieenligne.ma\/en\/wp-json\/wp\/v2\/product\/19728\/revisions"}],"predecessor-version":[{"id":19729,"href":"https:\/\/parapharmacieenligne.ma\/en\/wp-json\/wp\/v2\/product\/19728\/revisions\/19729"}],"wp:featuredmedia":[{"embeddable":true,"href":"https:\/\/parapharmacieenligne.ma\/en\/wp-json\/wp\/v2\/media\/19727"}],"wp:attachment":[{"href":"https:\/\/parapharmacieenligne.ma\/en\/wp-json\/wp\/v2\/media?parent=19728"}],"wp:term":[{"taxonomy":"product_cat","embeddable":true,"href":"https:\/\/parapharmacieenligne.ma\/en\/wp-json\/wp\/v2\/product_cat?post=19728"},{"taxonomy":"product_tag","embeddable":true,"href":"https:\/\/parapharmacieenligne.ma\/en\/wp-json\/wp\/v2\/product_tag?post=19728"},{"taxonomy":"yith_product_brand","embeddable":true,"href":"https:\/\/parapharmacieenligne.ma\/en\/wp-json\/wp\/v2\/yith_product_brand?post=19728"}],"curies":[{"name":"wp","href":"https:\/\/api.w.org\/{rel}","templated":true}]}}