{"id":19731,"date":"2026-04-18T16:38:09","date_gmt":"2026-04-18T14:38:09","guid":{"rendered":"https:\/\/parapharmacieenligne.ma\/?post_type=product&#038;p=19731"},"modified":"2026-04-18T16:38:16","modified_gmt":"2026-04-18T14:38:16","slug":"farmstay-collagen-water-full-moist-creme-yeux-50ml","status":"publish","type":"product","link":"https:\/\/parapharmacieenligne.ma\/en\/product\/farmstay-collagen-water-full-moist-creme-yeux-50ml\/","title":{"rendered":"FARMSTAY COLLAGEN WATER FULL MOIST CREME YEUX 50ML"},"content":{"rendered":"<p>Ce n&rsquo;est pas qu&rsquo;une cr\u00e8me pour les yeux, c&rsquo;est un v\u00e9ritable concentr\u00e9 d&rsquo;\u00e9nergie m\u00e9tabolique et d&rsquo;hydratation pour la zone la plus fragile de votre visage.<\/p>\n<p>Le Duo Rajeunissant : Collag\u00e8ne et Niacinamide<\/p>\n<p>La force de cette formulation r\u00e9side dans l&rsquo;alliance strat\u00e9gique du Collag\u00e8ne et de la Niacinamide (Vitamine B3). Le Collag\u00e8ne, ingr\u00e9dient phare, nourrit intens\u00e9ment les cellules, agissant comme un r\u00e9servoir d&rsquo;eau pour limiter efficacement les manifestations de vieillissement li\u00e9es \u00e0 la d\u00e9shydratation. Il est l&rsquo;alli\u00e9 id\u00e9al pour rendre la peau du contour des yeux plus lisse et souple, combattant activement les ridules et le dess\u00e8chement cutan\u00e9.<\/p>\n<p>La Niacinamide vient compl\u00e9ter cette action en jouant un r\u00f4le de catalyseur essentiel. Elle dynamise la production de fibres de collag\u00e8ne et d&rsquo;\u00e9lastine de la peau elle-m\u00eame. Cette stimulation profonde redonne au contour de l&rsquo;\u0153il tonus et fermet\u00e9, et contribue \u00e0 r\u00e9tablir la barri\u00e8re hydrique protectrice. Le r\u00e9sultat est une r\u00e9duction visible des signes de fatigue et un regard qui s&rsquo;illumine.<\/p>\n<p>Une Formule M\u00e9tabolique et Naturelle :<\/p>\n<p>Gr\u00e2ce \u00e0 ses extraits naturels, la cr\u00e8me FARMSTAY ne se contente pas d&rsquo;hydrater ; elle acc\u00e9l\u00e8re les m\u00e9canismes m\u00e9taboliques de la peau. Des processus cellulaires optimis\u00e9s se traduisent par une meilleure absorption des nutriments et une peau plus saine et plus r\u00e9sistante. Les extraits naturels agissent en synergie pour pr\u00e9venir l&rsquo;apparition des signes de l&rsquo;\u00e2ge avanc\u00e9 et le dess\u00e8chement, laissant le contour de l&rsquo;\u0153il sain et tonifi\u00e9.<\/p>\n<p>Conseils d&rsquo;utilisation :<\/p>\n<p>Au stade final du soin de la peau, appliquez une quantit\u00e9 appropri\u00e9e de cr\u00e8me en l&rsquo;\u00e9talant doucement et laissez absorber.<\/p>","protected":false},"excerpt":{"rendered":"<p>Ce n&rsquo;est pas qu&rsquo;une cr\u00e8me pour les yeux, c&rsquo;est un v\u00e9ritable concentr\u00e9 d&rsquo;\u00e9nergie m\u00e9tabolique et d&rsquo;hydratation pour la zone la plus fragile&hellip;<\/p>","protected":false},"featured_media":19730,"comment_status":"open","ping_status":"closed","template":"","meta":[],"product_cat":[89],"product_tag":[],"yith_product_brand":[217],"class_list":{"0":"post-19731","1":"product","2":"type-product","3":"status-publish","4":"has-post-thumbnail","6":"product_cat-k-beauty","7":"yith_product_brand-farmstay","9":"first","10":"instock","11":"shipping-taxable","12":"purchasable","13":"product-type-simple"},"_links":{"self":[{"href":"https:\/\/parapharmacieenligne.ma\/en\/wp-json\/wp\/v2\/product\/19731","targetHints":{"allow":["GET"]}}],"collection":[{"href":"https:\/\/parapharmacieenligne.ma\/en\/wp-json\/wp\/v2\/product"}],"about":[{"href":"https:\/\/parapharmacieenligne.ma\/en\/wp-json\/wp\/v2\/types\/product"}],"replies":[{"embeddable":true,"href":"https:\/\/parapharmacieenligne.ma\/en\/wp-json\/wp\/v2\/comments?post=19731"}],"version-history":[{"count":1,"href":"https:\/\/parapharmacieenligne.ma\/en\/wp-json\/wp\/v2\/product\/19731\/revisions"}],"predecessor-version":[{"id":19732,"href":"https:\/\/parapharmacieenligne.ma\/en\/wp-json\/wp\/v2\/product\/19731\/revisions\/19732"}],"wp:featuredmedia":[{"embeddable":true,"href":"https:\/\/parapharmacieenligne.ma\/en\/wp-json\/wp\/v2\/media\/19730"}],"wp:attachment":[{"href":"https:\/\/parapharmacieenligne.ma\/en\/wp-json\/wp\/v2\/media?parent=19731"}],"wp:term":[{"taxonomy":"product_cat","embeddable":true,"href":"https:\/\/parapharmacieenligne.ma\/en\/wp-json\/wp\/v2\/product_cat?post=19731"},{"taxonomy":"product_tag","embeddable":true,"href":"https:\/\/parapharmacieenligne.ma\/en\/wp-json\/wp\/v2\/product_tag?post=19731"},{"taxonomy":"yith_product_brand","embeddable":true,"href":"https:\/\/parapharmacieenligne.ma\/en\/wp-json\/wp\/v2\/yith_product_brand?post=19731"}],"curies":[{"name":"wp","href":"https:\/\/api.w.org\/{rel}","templated":true}]}}