{"id":19737,"date":"2026-04-18T16:38:35","date_gmt":"2026-04-18T14:38:35","guid":{"rendered":"https:\/\/parapharmacieenligne.ma\/?post_type=product&#038;p=19737"},"modified":"2026-04-18T16:38:40","modified_gmt":"2026-04-18T14:38:40","slug":"farmstay-collagen-water-moist-soothing-mask-10-sheets-27ml","status":"publish","type":"product","link":"https:\/\/parapharmacieenligne.ma\/en\/product\/farmstay-collagen-water-moist-soothing-mask-10-sheets-27ml\/","title":{"rendered":"FARMSTAY COLLAGEN WATER MOIST SOOTHING MASK 10 SHEETS 27ML"},"content":{"rendered":"<p>Chaque feuille de masque contient 27 ml de s\u00e9rum concentr\u00e9, diffusant rapidement ses bienfaits pour hydrater en profondeur et renforcer la barri\u00e8re cutan\u00e9e. Les propri\u00e9t\u00e9s du collag\u00e8ne marin favorisent la fermet\u00e9 et la tonicit\u00e9 de la peau, tandis que les agents apaisants r\u00e9duisent rougeurs et sensations de tiraillement. En quelques minutes seulement, votre peau retrouve confort, douceur et \u00e9clat naturel.<\/p>\n<p>Le FarmStay Collagen Water Full Moist Soothing Mask est id\u00e9al pour tous les types de peau, m\u00eame les plus sensibles. Il peut \u00eatre utilis\u00e9 comme un soin rapide apr\u00e8s une longue journ\u00e9e, une exposition au soleil, ou simplement pour offrir un moment de relaxation \u00e0 votre visage. Le teint appara\u00eet imm\u00e9diatement plus lumineux et repulp\u00e9, avec une sensation de fra\u00eecheur durable.<\/p>\n<p>Gr\u00e2ce \u00e0 sa formule douce et p\u00e9n\u00e9trante, le masque favorise une hydratation optimale et pr\u00e9vient la s\u00e9cheresse, tout en am\u00e9liorant visiblement l\u2019\u00e9lasticit\u00e9 et la souplesse de la peau. Ce soin est parfait pour une routine hebdomadaire ou comme traitement d\u2019urgence pour redonner vie \u00e0 votre peau et la pr\u00e9parer \u00e0 recevoir d\u2019autres soins.<\/p>\n<p>Conseil d&rsquo;utilisation :<br \/>\nNettoyez et s\u00e9chez votre visage avant l\u2019application.<\/p>\n<p>D\u00e9pliez le masque et appliquez-le uniform\u00e9ment sur le visage.<\/p>\n<p>Laissez poser 10 \u00e0 20 minutes pour une absorption optimale des actifs.<\/p>\n<p>Retirez le masque et tapotez doucement le s\u00e9rum restant pour le faire p\u00e9n\u00e9trer.<\/p>\n<p>Peut \u00eatre utilis\u00e9 2 \u00e0 3 fois par semaine ou selon les besoins de la peau.<\/p>\n<p>Astuce : Conservez le masque au r\u00e9frig\u00e9rateur pour une sensation extra-fra\u00eeche et apaisante.<\/p>\n<p>Composition:<br \/>\nWater (Aqua), Methylpropanediol, Glycerin, Hydrolyzed Collagen (100ppm), Althaea Rosea Flower Extract, Hydrolyzed Hibiscus Esculentus Extract, Hydroxyacetophenone, Allantoin, PEG-40 Hydrogenated Castor Oil, Tromethamine, Butylene Glycol, Caprylyl Glycol, Ethylhexylglycerin, 1,2-Hexanediol, Tocopheryl Acetate, Dextrin, Xanthan Gum, Caffeine<\/p>","protected":false},"excerpt":{"rendered":"<p>Chaque feuille de masque contient 27 ml de s\u00e9rum concentr\u00e9, diffusant rapidement ses bienfaits pour hydrater en profondeur et renforcer la barri\u00e8re&hellip;<\/p>","protected":false},"featured_media":19736,"comment_status":"open","ping_status":"closed","template":"","meta":[],"product_cat":[89],"product_tag":[],"yith_product_brand":[217],"class_list":{"0":"post-19737","1":"product","2":"type-product","3":"status-publish","4":"has-post-thumbnail","6":"product_cat-k-beauty","7":"yith_product_brand-farmstay","9":"first","10":"instock","11":"shipping-taxable","12":"purchasable","13":"product-type-simple"},"_links":{"self":[{"href":"https:\/\/parapharmacieenligne.ma\/en\/wp-json\/wp\/v2\/product\/19737","targetHints":{"allow":["GET"]}}],"collection":[{"href":"https:\/\/parapharmacieenligne.ma\/en\/wp-json\/wp\/v2\/product"}],"about":[{"href":"https:\/\/parapharmacieenligne.ma\/en\/wp-json\/wp\/v2\/types\/product"}],"replies":[{"embeddable":true,"href":"https:\/\/parapharmacieenligne.ma\/en\/wp-json\/wp\/v2\/comments?post=19737"}],"version-history":[{"count":1,"href":"https:\/\/parapharmacieenligne.ma\/en\/wp-json\/wp\/v2\/product\/19737\/revisions"}],"predecessor-version":[{"id":19738,"href":"https:\/\/parapharmacieenligne.ma\/en\/wp-json\/wp\/v2\/product\/19737\/revisions\/19738"}],"wp:featuredmedia":[{"embeddable":true,"href":"https:\/\/parapharmacieenligne.ma\/en\/wp-json\/wp\/v2\/media\/19736"}],"wp:attachment":[{"href":"https:\/\/parapharmacieenligne.ma\/en\/wp-json\/wp\/v2\/media?parent=19737"}],"wp:term":[{"taxonomy":"product_cat","embeddable":true,"href":"https:\/\/parapharmacieenligne.ma\/en\/wp-json\/wp\/v2\/product_cat?post=19737"},{"taxonomy":"product_tag","embeddable":true,"href":"https:\/\/parapharmacieenligne.ma\/en\/wp-json\/wp\/v2\/product_tag?post=19737"},{"taxonomy":"yith_product_brand","embeddable":true,"href":"https:\/\/parapharmacieenligne.ma\/en\/wp-json\/wp\/v2\/yith_product_brand?post=19737"}],"curies":[{"name":"wp","href":"https:\/\/api.w.org\/{rel}","templated":true}]}}