{"id":19740,"date":"2026-04-18T16:38:47","date_gmt":"2026-04-18T14:38:47","guid":{"rendered":"https:\/\/parapharmacieenligne.ma\/?post_type=product&#038;p=19740"},"modified":"2026-04-18T16:38:52","modified_gmt":"2026-04-18T14:38:52","slug":"farmstay-collagen-et-acide-hyaluronique-ampoule-all-in-one-250-ml","status":"publish","type":"product","link":"https:\/\/parapharmacieenligne.ma\/en\/product\/farmstay-collagen-et-acide-hyaluronique-ampoule-all-in-one-250-ml\/","title":{"rendered":"FARMSTAY COLLAGEN ET ACIDE HYALURONIQUE AMPOULE ALL IN ONE 250 ML"},"content":{"rendered":"<p>Description<br \/>\nCe produit phare de la K-Beauty est bien plus qu&rsquo;un simple s\u00e9rum ; c&rsquo;est un traitement tout-en-un ultra-concentr\u00e9 con\u00e7u pour cibler les signes les plus visibles du vieillissement tout en inondant votre peau d&rsquo;une hydratation vitale.<\/p>\n<p>La Synergie Anti-\u00c2ge Ultime : Collag\u00e8ne Marin + Acide Hyaluronique<\/p>\n<p>L&rsquo;efficacit\u00e9 de cette ampoule repose sur l&rsquo;association de deux super-actifs, essentiels \u00e0 la jeunesse et \u00e0 la vitalit\u00e9 de la peau :<\/p>\n<p>Le Collag\u00e8ne Marin : Formul\u00e9 \u00e0 base de collag\u00e8ne marin, dont la structure est remarquablement similaire \u00e0 celle de la peau humaine, cet ingr\u00e9dient agit comme un puissant tenseur. Il est l&rsquo;architecte de la fermet\u00e9 cutan\u00e9e. En l&rsquo;appliquant quotidiennement, vous contribuez activement \u00e0 am\u00e9liorer l&rsquo;\u00e9lasticit\u00e9 de la peau, ce qui se traduit par une am\u00e9lioration visible de l&rsquo;apparence des ridules et des rides. Le collag\u00e8ne aide \u00e0 redonner \u00e0 votre \u00e9piderme un aspect rebondi et lift\u00e9.<\/p>\n<p>L&rsquo;Acide Hyaluronique : V\u00e9ritable \u00ab\u00a0\u00e9ponge mol\u00e9culaire\u00a0\u00bb, l&rsquo;acide hyaluronique a la capacit\u00e9 extraordinaire de retenir l&rsquo;hydratation (jusqu&rsquo;\u00e0 1000 fois son poids en eau). Cette fonction est cruciale pour lutter contre la d\u00e9shydratation, cause majeure des rides de s\u00e9cheresse et de la perte de souplesse. L&rsquo;acide hyaluronique garantit une hydratation profonde et durable, repulpant la peau de l&rsquo;int\u00e9rieur pour un fini incroyablement doux et lisse.<\/p>\n<p>Conseils d&rsquo;utilisation :<\/p>\n<p>Utilisez-la matin et soir, apr\u00e8s le nettoyage et l&rsquo;application de votre toner (lotion tonique). Elle remplace l&rsquo;\u00e9tape du s\u00e9rum ou de l&rsquo;essence.<\/p>","protected":false},"excerpt":{"rendered":"<p>Description Ce produit phare de la K-Beauty est bien plus qu&rsquo;un simple s\u00e9rum ; c&rsquo;est un traitement tout-en-un ultra-concentr\u00e9 con\u00e7u pour cibler&hellip;<\/p>","protected":false},"featured_media":19739,"comment_status":"open","ping_status":"closed","template":"","meta":[],"product_cat":[89],"product_tag":[],"yith_product_brand":[217],"class_list":{"0":"post-19740","1":"product","2":"type-product","3":"status-publish","4":"has-post-thumbnail","6":"product_cat-k-beauty","7":"yith_product_brand-farmstay","9":"first","10":"instock","11":"shipping-taxable","12":"purchasable","13":"product-type-simple"},"_links":{"self":[{"href":"https:\/\/parapharmacieenligne.ma\/en\/wp-json\/wp\/v2\/product\/19740","targetHints":{"allow":["GET"]}}],"collection":[{"href":"https:\/\/parapharmacieenligne.ma\/en\/wp-json\/wp\/v2\/product"}],"about":[{"href":"https:\/\/parapharmacieenligne.ma\/en\/wp-json\/wp\/v2\/types\/product"}],"replies":[{"embeddable":true,"href":"https:\/\/parapharmacieenligne.ma\/en\/wp-json\/wp\/v2\/comments?post=19740"}],"version-history":[{"count":1,"href":"https:\/\/parapharmacieenligne.ma\/en\/wp-json\/wp\/v2\/product\/19740\/revisions"}],"predecessor-version":[{"id":19741,"href":"https:\/\/parapharmacieenligne.ma\/en\/wp-json\/wp\/v2\/product\/19740\/revisions\/19741"}],"wp:featuredmedia":[{"embeddable":true,"href":"https:\/\/parapharmacieenligne.ma\/en\/wp-json\/wp\/v2\/media\/19739"}],"wp:attachment":[{"href":"https:\/\/parapharmacieenligne.ma\/en\/wp-json\/wp\/v2\/media?parent=19740"}],"wp:term":[{"taxonomy":"product_cat","embeddable":true,"href":"https:\/\/parapharmacieenligne.ma\/en\/wp-json\/wp\/v2\/product_cat?post=19740"},{"taxonomy":"product_tag","embeddable":true,"href":"https:\/\/parapharmacieenligne.ma\/en\/wp-json\/wp\/v2\/product_tag?post=19740"},{"taxonomy":"yith_product_brand","embeddable":true,"href":"https:\/\/parapharmacieenligne.ma\/en\/wp-json\/wp\/v2\/yith_product_brand?post=19740"}],"curies":[{"name":"wp","href":"https:\/\/api.w.org\/{rel}","templated":true}]}}