{"id":19755,"date":"2026-04-18T16:39:53","date_gmt":"2026-04-18T14:39:53","guid":{"rendered":"https:\/\/parapharmacieenligne.ma\/?post_type=product&#038;p=19755"},"modified":"2026-04-18T16:43:26","modified_gmt":"2026-04-18T14:43:26","slug":"farmstay-collagen-visible-difference-creme-mains-100g","status":"publish","type":"product","link":"https:\/\/parapharmacieenligne.ma\/en\/product\/farmstay-collagen-visible-difference-creme-mains-100g\/","title":{"rendered":"FARMSTAY COLLAGEN VISIBLE DIFFERENCE CREME MAINS 100G"},"content":{"rendered":"<p>Con\u00e7ue pour nourrir votre peau en profondeur, cette cr\u00e8me cor\u00e9enne est l&rsquo;alli\u00e9e incontournable de votre routine.<\/p>\n<p>Double Action Anti-\u00c2ge : Collag\u00e8ne et Th\u00e9 Vert<\/p>\n<p>Cette formule est un concentr\u00e9 de deux actifs puissants pour une diff\u00e9rence visible :<\/p>\n<p>Le Collag\u00e8ne (Protocole de Jeunesse) : Le collag\u00e8ne est la prot\u00e9ine structurale essentielle qui forme les tissus conjonctifs de notre corps, y compris la peau. En fournissant cet ingr\u00e9dient cl\u00e9 \u00e0 l&rsquo;\u00e9piderme de vos mains, la cr\u00e8me renforce leur fermet\u00e9 et leur \u00e9lasticit\u00e9. Elle aide \u00e0 lisser la texture de la peau, comblant l&rsquo;hydratation l\u00e0 o\u00f9 le dess\u00e8chement a cr\u00e9\u00e9 des asp\u00e9rit\u00e9s. Vos mains retrouvent le volume et le rebondi de la jeunesse.<\/p>\n<p>L&rsquo;Extrait de Th\u00e9 Vert (Bouclier Antioxydant) : Ce n&rsquo;est pas qu&rsquo;un hydratant, c&rsquo;est une protection avanc\u00e9e ! Le th\u00e9 vert est un puissant antioxydant qui agit comme un rempart contre les agressions environnementales. Il aide \u00e0 combattre les premiers signes du vieillissement cellulaire caus\u00e9s par les radicaux libres, et offre une protection cruciale contre les effets n\u00e9gatifs des rayons UV qui peuvent provoquer l&rsquo;apparition de taches brunes sur le dos des mains.<\/p>\n<p>Plaisir et Efficacit\u00e9 au Quotidien :<\/p>\n<p>Ce soin se distingue par sa texture l\u00e9g\u00e8re, facile \u00e0 appliquer et, point essentiel, qui ne laisse pas de couche collante ou grasse. Fini l&rsquo;attente interminable avant de pouvoir reprendre vos activit\u00e9s ! Elle p\u00e9n\u00e8tre rapidement pour d\u00e9livrer instantan\u00e9ment ses nutriments sans laisser de r\u00e9sidu d\u00e9sagr\u00e9able.<\/p>\n<p>Conseils d&rsquo;utilisation :<\/p>\n<p>Appliquer sur les mains avec des mouvements de massage jusqu&rsquo;\u00e0 absorption compl\u00e8te.<\/p>\n<p>Composition :<\/p>\n<p>Eau, huile min\u00e9rale, alcool st\u00e9arylique, propyl\u00e8ne glycol, polysorbate 60, carborm\u00e8re, tri\u00e9thanolamine, ph\u00e9noxy\u00e9thanol, m\u00e9thylparab\u00e8ne, sesquiol\u00e9ate de sorbitane, propylparab\u00e8ne, collag\u00e8ne hydrolys\u00e9 (100 ppm), butyl\u00e8ne glycol, 1,2-hexanediol, extrait de feuille de Camellia sinensis, extrait de Rosmarinus officinalis (romarin), parfum<\/p>","protected":false},"excerpt":{"rendered":"<p>Con\u00e7ue pour nourrir votre peau en profondeur, cette cr\u00e8me cor\u00e9enne est l&rsquo;alli\u00e9e incontournable de votre routine. Double Action Anti-\u00c2ge : Collag\u00e8ne et&hellip;<\/p>","protected":false},"featured_media":19754,"comment_status":"open","ping_status":"closed","template":"","meta":[],"product_cat":[89],"product_tag":[],"yith_product_brand":[217],"class_list":{"0":"post-19755","1":"product","2":"type-product","3":"status-publish","4":"has-post-thumbnail","6":"product_cat-k-beauty","7":"yith_product_brand-farmstay","9":"first","10":"instock","11":"shipping-taxable","12":"purchasable","13":"product-type-simple"},"_links":{"self":[{"href":"https:\/\/parapharmacieenligne.ma\/en\/wp-json\/wp\/v2\/product\/19755","targetHints":{"allow":["GET"]}}],"collection":[{"href":"https:\/\/parapharmacieenligne.ma\/en\/wp-json\/wp\/v2\/product"}],"about":[{"href":"https:\/\/parapharmacieenligne.ma\/en\/wp-json\/wp\/v2\/types\/product"}],"replies":[{"embeddable":true,"href":"https:\/\/parapharmacieenligne.ma\/en\/wp-json\/wp\/v2\/comments?post=19755"}],"version-history":[{"count":1,"href":"https:\/\/parapharmacieenligne.ma\/en\/wp-json\/wp\/v2\/product\/19755\/revisions"}],"predecessor-version":[{"id":19756,"href":"https:\/\/parapharmacieenligne.ma\/en\/wp-json\/wp\/v2\/product\/19755\/revisions\/19756"}],"wp:featuredmedia":[{"embeddable":true,"href":"https:\/\/parapharmacieenligne.ma\/en\/wp-json\/wp\/v2\/media\/19754"}],"wp:attachment":[{"href":"https:\/\/parapharmacieenligne.ma\/en\/wp-json\/wp\/v2\/media?parent=19755"}],"wp:term":[{"taxonomy":"product_cat","embeddable":true,"href":"https:\/\/parapharmacieenligne.ma\/en\/wp-json\/wp\/v2\/product_cat?post=19755"},{"taxonomy":"product_tag","embeddable":true,"href":"https:\/\/parapharmacieenligne.ma\/en\/wp-json\/wp\/v2\/product_tag?post=19755"},{"taxonomy":"yith_product_brand","embeddable":true,"href":"https:\/\/parapharmacieenligne.ma\/en\/wp-json\/wp\/v2\/yith_product_brand?post=19755"}],"curies":[{"name":"wp","href":"https:\/\/api.w.org\/{rel}","templated":true}]}}