{"id":19905,"date":"2026-04-18T17:32:51","date_gmt":"2026-04-18T15:32:51","guid":{"rendered":"https:\/\/parapharmacieenligne.ma\/?post_type=product&#038;p=19905"},"modified":"2026-04-18T17:32:56","modified_gmt":"2026-04-18T15:32:56","slug":"cetaphil-pro-eczema-lotion-hydratante-295-ml","status":"publish","type":"product","link":"https:\/\/parapharmacieenligne.ma\/en\/product\/cetaphil-pro-eczema-lotion-hydratante-295-ml\/","title":{"rendered":"CETAPHIL PRO ECZEMA LOTION HYDRATANTE 295 ML"},"content":{"rendered":"<p>La technologie de nettoyage Miracare\u00ae procure des huiles nourrissantes La technologie de la filaggrine am\u00e9liore la capacit\u00e9 de la peau \u00e0 retenir l&rsquo;hydratation Nettoyant sans savon, non dess\u00e9chant Hydrate et soulage la peau s\u00e8che qui d\u00e9mange<\/p>\n<p>Conseils d&rsquo;utilisation:<\/p>\n<p>Appliquez directement sur la peau mouill\u00e9e. \u00c9vitez le contour des yeux. Faites mousser en massant, rincez et s\u00e9chez la peau en tapotant. Pour des soins optimaux, suivez le lavage avec une cr\u00e8me hydratante, telle que la cr\u00e8me hydratante apaisante Hydratant Apaisement de l\u2019ecz\u00e9ma Cetaphil PRO RESTORADERM, pour retenir l&rsquo;humidit\u00e9<\/p>","protected":false},"excerpt":{"rendered":"<p>La technologie de nettoyage Miracare\u00ae procure des huiles nourrissantes La technologie de la filaggrine am\u00e9liore la capacit\u00e9 de la peau \u00e0 retenir&hellip;<\/p>","protected":false},"featured_media":19904,"comment_status":"open","ping_status":"closed","template":"","meta":[],"product_cat":[85],"product_tag":[],"yith_product_brand":[104],"class_list":{"0":"post-19905","1":"product","2":"type-product","3":"status-publish","4":"has-post-thumbnail","6":"product_cat-soins-corps","7":"yith_product_brand-cetaphil","9":"first","10":"instock","11":"shipping-taxable","12":"purchasable","13":"product-type-simple"},"_links":{"self":[{"href":"https:\/\/parapharmacieenligne.ma\/en\/wp-json\/wp\/v2\/product\/19905","targetHints":{"allow":["GET"]}}],"collection":[{"href":"https:\/\/parapharmacieenligne.ma\/en\/wp-json\/wp\/v2\/product"}],"about":[{"href":"https:\/\/parapharmacieenligne.ma\/en\/wp-json\/wp\/v2\/types\/product"}],"replies":[{"embeddable":true,"href":"https:\/\/parapharmacieenligne.ma\/en\/wp-json\/wp\/v2\/comments?post=19905"}],"version-history":[{"count":1,"href":"https:\/\/parapharmacieenligne.ma\/en\/wp-json\/wp\/v2\/product\/19905\/revisions"}],"predecessor-version":[{"id":19906,"href":"https:\/\/parapharmacieenligne.ma\/en\/wp-json\/wp\/v2\/product\/19905\/revisions\/19906"}],"wp:featuredmedia":[{"embeddable":true,"href":"https:\/\/parapharmacieenligne.ma\/en\/wp-json\/wp\/v2\/media\/19904"}],"wp:attachment":[{"href":"https:\/\/parapharmacieenligne.ma\/en\/wp-json\/wp\/v2\/media?parent=19905"}],"wp:term":[{"taxonomy":"product_cat","embeddable":true,"href":"https:\/\/parapharmacieenligne.ma\/en\/wp-json\/wp\/v2\/product_cat?post=19905"},{"taxonomy":"product_tag","embeddable":true,"href":"https:\/\/parapharmacieenligne.ma\/en\/wp-json\/wp\/v2\/product_tag?post=19905"},{"taxonomy":"yith_product_brand","embeddable":true,"href":"https:\/\/parapharmacieenligne.ma\/en\/wp-json\/wp\/v2\/yith_product_brand?post=19905"}],"curies":[{"name":"wp","href":"https:\/\/api.w.org\/{rel}","templated":true}]}}