{"id":19911,"date":"2026-04-18T17:33:18","date_gmt":"2026-04-18T15:33:18","guid":{"rendered":"https:\/\/parapharmacieenligne.ma\/?post_type=product&#038;p=19911"},"modified":"2026-04-18T17:33:25","modified_gmt":"2026-04-18T15:33:25","slug":"cetaphil-nettoyant-doux-peaux-sensibles-seches-a-normales-473-ml","status":"publish","type":"product","link":"https:\/\/parapharmacieenligne.ma\/en\/product\/cetaphil-nettoyant-doux-peaux-sensibles-seches-a-normales-473-ml\/","title":{"rendered":"CETAPHIL NETTOYANT DOUX PEAUX SENSIBLES SECHES A NORMALES 473 ML"},"content":{"rendered":"<p>Cetaphil Lotion Nettoyante<br \/>\nLotion nettoyante, adoucissante et emolliente pour le visage.<br \/>\nC\u00e9taphil est une formule originale, sans lipides, sans savon pour le nettoyage en douceur des peaux sensibles, fragiles et irritables :<br \/>\n&#8211; Peaux sensibles, intol\u00e9rantes aux produits d&rsquo;hygi\u00e8ne classiques (savons, pains, laits, \u2026),<br \/>\n&#8211; Peaux fragilis\u00e9es par des traitements dermatologiques dess\u00e9chants ou irritants,<br \/>\n&#8211; Peaux acn\u00e9iques, ecz\u00e9mateuses, atopiques, ichtyosiques.<br \/>\nAux propri\u00e9t\u00e9s adoucissantes et \u00e9mollientes, C\u00e9taphil laisse la peau souple et douce.<\/p>\n<p>Conseils d&rsquo;utilisation :<\/p>\n<p>Appliquer en effectuant de l\u00e9gers massages circulaires. Essuyer sans frotter avec un gant humide, un mouchoir en papier ou un coton.<br \/>\nIl est possible de rincer C\u00e9taphil mais ce n&rsquo;est pas indispensable.<\/p>","protected":false},"excerpt":{"rendered":"<p>Cetaphil Lotion Nettoyante Lotion nettoyante, adoucissante et emolliente pour le visage. C\u00e9taphil est une formule originale, sans lipides, sans savon pour le&hellip;<\/p>","protected":false},"featured_media":19910,"comment_status":"open","ping_status":"closed","template":"","meta":[],"product_cat":[85,83],"product_tag":[],"yith_product_brand":[104],"class_list":{"0":"post-19911","1":"product","2":"type-product","3":"status-publish","4":"has-post-thumbnail","6":"product_cat-soins-corps","7":"product_cat-soins-visage","8":"yith_product_brand-cetaphil","10":"first","11":"instock","12":"sale","13":"shipping-taxable","14":"purchasable","15":"product-type-simple"},"_links":{"self":[{"href":"https:\/\/parapharmacieenligne.ma\/en\/wp-json\/wp\/v2\/product\/19911","targetHints":{"allow":["GET"]}}],"collection":[{"href":"https:\/\/parapharmacieenligne.ma\/en\/wp-json\/wp\/v2\/product"}],"about":[{"href":"https:\/\/parapharmacieenligne.ma\/en\/wp-json\/wp\/v2\/types\/product"}],"replies":[{"embeddable":true,"href":"https:\/\/parapharmacieenligne.ma\/en\/wp-json\/wp\/v2\/comments?post=19911"}],"version-history":[{"count":1,"href":"https:\/\/parapharmacieenligne.ma\/en\/wp-json\/wp\/v2\/product\/19911\/revisions"}],"predecessor-version":[{"id":19912,"href":"https:\/\/parapharmacieenligne.ma\/en\/wp-json\/wp\/v2\/product\/19911\/revisions\/19912"}],"wp:featuredmedia":[{"embeddable":true,"href":"https:\/\/parapharmacieenligne.ma\/en\/wp-json\/wp\/v2\/media\/19910"}],"wp:attachment":[{"href":"https:\/\/parapharmacieenligne.ma\/en\/wp-json\/wp\/v2\/media?parent=19911"}],"wp:term":[{"taxonomy":"product_cat","embeddable":true,"href":"https:\/\/parapharmacieenligne.ma\/en\/wp-json\/wp\/v2\/product_cat?post=19911"},{"taxonomy":"product_tag","embeddable":true,"href":"https:\/\/parapharmacieenligne.ma\/en\/wp-json\/wp\/v2\/product_tag?post=19911"},{"taxonomy":"yith_product_brand","embeddable":true,"href":"https:\/\/parapharmacieenligne.ma\/en\/wp-json\/wp\/v2\/yith_product_brand?post=19911"}],"curies":[{"name":"wp","href":"https:\/\/api.w.org\/{rel}","templated":true}]}}