{"id":19920,"date":"2026-04-18T17:33:59","date_gmt":"2026-04-18T15:33:59","guid":{"rendered":"https:\/\/parapharmacieenligne.ma\/?post_type=product&#038;p=19920"},"modified":"2026-04-18T17:34:11","modified_gmt":"2026-04-18T15:34:11","slug":"cetaphil-creme-hydratante-peaux-seches-50-g","status":"publish","type":"product","link":"https:\/\/parapharmacieenligne.ma\/en\/product\/cetaphil-creme-hydratante-peaux-seches-50-g\/","title":{"rendered":"CETAPHIL CREME HYDRATANTE PEAUX SECHES 50 G"},"content":{"rendered":"<p>La Cr\u00e8me hydratante Cetaphil est formul\u00e9e pour hydrater et prot\u00e9ger la peau s\u00e8che \u00e0 tr\u00e8s s\u00e8che.<br \/>\nCetaphil Cr\u00e8me contient un syst\u00e8me sup\u00e9rieur d\u2019\u00e9mollients et d\u2019humectants ultra puissants dont l\u2019action \u00e9prouv\u00e9e retient l\u2019eau dans la peau et pr\u00e9vient la perte d\u2019humidit\u00e9. Hydratation essentielle pour des affections cutan\u00e9es telles que l\u2019ecz\u00e9ma, la rosac\u00e9e et le psoriasis.Id\u00e9ale pour les zones qui n\u00e9cessitent une attention particuli\u00e8re, telles que les mains, les coudes et les pieds. Haute tol\u00e9rance pour peaux sensibles.<\/p>\n<p>Conseils d&rsquo;utilisation:<\/p>\n<p>Appliquer une \u00e0 deux fois par jour sur la peau pr\u00e9alablement nettoy\u00e9e avec un nettoyant doux. Cetaphil cr\u00e8me hydratante peut \u00eatre utilis\u00e9e aussi souvent que n\u00e9cessaire.<\/p>","protected":false},"excerpt":{"rendered":"<p>La Cr\u00e8me hydratante Cetaphil est formul\u00e9e pour hydrater et prot\u00e9ger la peau s\u00e8che \u00e0 tr\u00e8s s\u00e8che. Cetaphil Cr\u00e8me contient un syst\u00e8me sup\u00e9rieur&hellip;<\/p>","protected":false},"featured_media":19919,"comment_status":"open","ping_status":"closed","template":"","meta":[],"product_cat":[83],"product_tag":[],"yith_product_brand":[104],"class_list":{"0":"post-19920","1":"product","2":"type-product","3":"status-publish","4":"has-post-thumbnail","6":"product_cat-soins-visage","7":"yith_product_brand-cetaphil","9":"first","10":"instock","11":"sale","12":"shipping-taxable","13":"purchasable","14":"product-type-simple"},"_links":{"self":[{"href":"https:\/\/parapharmacieenligne.ma\/en\/wp-json\/wp\/v2\/product\/19920","targetHints":{"allow":["GET"]}}],"collection":[{"href":"https:\/\/parapharmacieenligne.ma\/en\/wp-json\/wp\/v2\/product"}],"about":[{"href":"https:\/\/parapharmacieenligne.ma\/en\/wp-json\/wp\/v2\/types\/product"}],"replies":[{"embeddable":true,"href":"https:\/\/parapharmacieenligne.ma\/en\/wp-json\/wp\/v2\/comments?post=19920"}],"version-history":[{"count":1,"href":"https:\/\/parapharmacieenligne.ma\/en\/wp-json\/wp\/v2\/product\/19920\/revisions"}],"predecessor-version":[{"id":19921,"href":"https:\/\/parapharmacieenligne.ma\/en\/wp-json\/wp\/v2\/product\/19920\/revisions\/19921"}],"wp:featuredmedia":[{"embeddable":true,"href":"https:\/\/parapharmacieenligne.ma\/en\/wp-json\/wp\/v2\/media\/19919"}],"wp:attachment":[{"href":"https:\/\/parapharmacieenligne.ma\/en\/wp-json\/wp\/v2\/media?parent=19920"}],"wp:term":[{"taxonomy":"product_cat","embeddable":true,"href":"https:\/\/parapharmacieenligne.ma\/en\/wp-json\/wp\/v2\/product_cat?post=19920"},{"taxonomy":"product_tag","embeddable":true,"href":"https:\/\/parapharmacieenligne.ma\/en\/wp-json\/wp\/v2\/product_tag?post=19920"},{"taxonomy":"yith_product_brand","embeddable":true,"href":"https:\/\/parapharmacieenligne.ma\/en\/wp-json\/wp\/v2\/yith_product_brand?post=19920"}],"curies":[{"name":"wp","href":"https:\/\/api.w.org\/{rel}","templated":true}]}}