{"id":19926,"date":"2026-04-18T17:34:33","date_gmt":"2026-04-18T15:34:33","guid":{"rendered":"https:\/\/parapharmacieenligne.ma\/?post_type=product&#038;p=19926"},"modified":"2026-04-18T17:34:41","modified_gmt":"2026-04-18T15:34:41","slug":"cetaphil-sun-spf-50-light-medium-50ml","status":"publish","type":"product","link":"https:\/\/parapharmacieenligne.ma\/en\/product\/cetaphil-sun-spf-50-light-medium-50ml\/","title":{"rendered":"CETAPHIL SUN SPF 50+ LIGHT MEDIUM 50ML"},"content":{"rendered":"<p>Protection solaire fluide pour le visage non teint\u00e9e avec 50SPF pour une haute protection avec une finition matifiante et une couleur l\u00e9g\u00e8rement teint\u00e9e.Il offre la meilleure protection solaire contre les rayons UV, les dommages cellulaires et la pollution atmosph\u00e9rique.La formule apaise et hydrate la peau et est facilement absorb\u00e9e par la peau, sans laisser de r\u00e9sidu blanc.Convient \u00e0 tous les types de peau, m\u00eame les peaux sensibles, pour une meilleure protection.<\/p>","protected":false},"excerpt":{"rendered":"<p>Protection solaire fluide pour le visage non teint\u00e9e avec 50SPF pour une haute protection avec une finition matifiante et une couleur l\u00e9g\u00e8rement&hellip;<\/p>","protected":false},"featured_media":19925,"comment_status":"open","ping_status":"closed","template":"","meta":[],"product_cat":[86],"product_tag":[],"yith_product_brand":[104],"class_list":{"0":"post-19926","1":"product","2":"type-product","3":"status-publish","4":"has-post-thumbnail","6":"product_cat-protection-solaire","7":"yith_product_brand-cetaphil","9":"first","10":"instock","11":"sale","12":"shipping-taxable","13":"purchasable","14":"product-type-simple"},"_links":{"self":[{"href":"https:\/\/parapharmacieenligne.ma\/en\/wp-json\/wp\/v2\/product\/19926","targetHints":{"allow":["GET"]}}],"collection":[{"href":"https:\/\/parapharmacieenligne.ma\/en\/wp-json\/wp\/v2\/product"}],"about":[{"href":"https:\/\/parapharmacieenligne.ma\/en\/wp-json\/wp\/v2\/types\/product"}],"replies":[{"embeddable":true,"href":"https:\/\/parapharmacieenligne.ma\/en\/wp-json\/wp\/v2\/comments?post=19926"}],"version-history":[{"count":1,"href":"https:\/\/parapharmacieenligne.ma\/en\/wp-json\/wp\/v2\/product\/19926\/revisions"}],"predecessor-version":[{"id":19927,"href":"https:\/\/parapharmacieenligne.ma\/en\/wp-json\/wp\/v2\/product\/19926\/revisions\/19927"}],"wp:featuredmedia":[{"embeddable":true,"href":"https:\/\/parapharmacieenligne.ma\/en\/wp-json\/wp\/v2\/media\/19925"}],"wp:attachment":[{"href":"https:\/\/parapharmacieenligne.ma\/en\/wp-json\/wp\/v2\/media?parent=19926"}],"wp:term":[{"taxonomy":"product_cat","embeddable":true,"href":"https:\/\/parapharmacieenligne.ma\/en\/wp-json\/wp\/v2\/product_cat?post=19926"},{"taxonomy":"product_tag","embeddable":true,"href":"https:\/\/parapharmacieenligne.ma\/en\/wp-json\/wp\/v2\/product_tag?post=19926"},{"taxonomy":"yith_product_brand","embeddable":true,"href":"https:\/\/parapharmacieenligne.ma\/en\/wp-json\/wp\/v2\/yith_product_brand?post=19926"}],"curies":[{"name":"wp","href":"https:\/\/api.w.org\/{rel}","templated":true}]}}