{"id":19932,"date":"2026-04-18T17:35:02","date_gmt":"2026-04-18T15:35:02","guid":{"rendered":"https:\/\/parapharmacieenligne.ma\/?post_type=product&#038;p=19932"},"modified":"2026-04-18T17:35:09","modified_gmt":"2026-04-18T15:35:09","slug":"cetaphil-sun-light-gel-100ml-spf-50-peaux-sensible-et-grasse","status":"publish","type":"product","link":"https:\/\/parapharmacieenligne.ma\/en\/product\/cetaphil-sun-light-gel-100ml-spf-50-peaux-sensible-et-grasse\/","title":{"rendered":"CETAPHIL SUN LIGHT GEL 100ML SPF 50+ PEAUX SENSIBLE ET GRASSE"},"content":{"rendered":"<p>Cetaphil Sun SPF 50+ Sensitive Gel-Cream est une protection solaire particuli\u00e8rement bien tol\u00e9r\u00e9e pour les peaux du corps extr\u00eamement sensibles au soleil .<\/p>\n<p>Conseils d&rsquo;utilisation:<\/p>\n<p>Appliquer g\u00e9n\u00e9reusement environ 20 minutes avant le soleil, peut bien bouger afin d&rsquo;obtenir une r\u00e9sistance \u00e0 l&rsquo;eau optimale.<\/p>","protected":false},"excerpt":{"rendered":"<p>Cetaphil Sun SPF 50+ Sensitive Gel-Cream est une protection solaire particuli\u00e8rement bien tol\u00e9r\u00e9e pour les peaux du corps extr\u00eamement sensibles au soleil&hellip;<\/p>","protected":false},"featured_media":19931,"comment_status":"open","ping_status":"closed","template":"","meta":[],"product_cat":[86],"product_tag":[],"yith_product_brand":[104],"class_list":{"0":"post-19932","1":"product","2":"type-product","3":"status-publish","4":"has-post-thumbnail","6":"product_cat-protection-solaire","7":"yith_product_brand-cetaphil","9":"first","10":"instock","11":"sale","12":"shipping-taxable","13":"purchasable","14":"product-type-simple"},"_links":{"self":[{"href":"https:\/\/parapharmacieenligne.ma\/en\/wp-json\/wp\/v2\/product\/19932","targetHints":{"allow":["GET"]}}],"collection":[{"href":"https:\/\/parapharmacieenligne.ma\/en\/wp-json\/wp\/v2\/product"}],"about":[{"href":"https:\/\/parapharmacieenligne.ma\/en\/wp-json\/wp\/v2\/types\/product"}],"replies":[{"embeddable":true,"href":"https:\/\/parapharmacieenligne.ma\/en\/wp-json\/wp\/v2\/comments?post=19932"}],"version-history":[{"count":1,"href":"https:\/\/parapharmacieenligne.ma\/en\/wp-json\/wp\/v2\/product\/19932\/revisions"}],"predecessor-version":[{"id":19933,"href":"https:\/\/parapharmacieenligne.ma\/en\/wp-json\/wp\/v2\/product\/19932\/revisions\/19933"}],"wp:featuredmedia":[{"embeddable":true,"href":"https:\/\/parapharmacieenligne.ma\/en\/wp-json\/wp\/v2\/media\/19931"}],"wp:attachment":[{"href":"https:\/\/parapharmacieenligne.ma\/en\/wp-json\/wp\/v2\/media?parent=19932"}],"wp:term":[{"taxonomy":"product_cat","embeddable":true,"href":"https:\/\/parapharmacieenligne.ma\/en\/wp-json\/wp\/v2\/product_cat?post=19932"},{"taxonomy":"product_tag","embeddable":true,"href":"https:\/\/parapharmacieenligne.ma\/en\/wp-json\/wp\/v2\/product_tag?post=19932"},{"taxonomy":"yith_product_brand","embeddable":true,"href":"https:\/\/parapharmacieenligne.ma\/en\/wp-json\/wp\/v2\/yith_product_brand?post=19932"}],"curies":[{"name":"wp","href":"https:\/\/api.w.org\/{rel}","templated":true}]}}