{"id":19935,"date":"2026-04-18T17:35:17","date_gmt":"2026-04-18T15:35:17","guid":{"rendered":"https:\/\/parapharmacieenligne.ma\/?post_type=product&#038;p=19935"},"modified":"2026-04-18T17:35:23","modified_gmt":"2026-04-18T15:35:23","slug":"cetaphil-sun-spf-50-liposomal-lotion-50ml","status":"publish","type":"product","link":"https:\/\/parapharmacieenligne.ma\/en\/product\/cetaphil-sun-spf-50-liposomal-lotion-50ml\/","title":{"rendered":"CETAPHIL SUN SPF 50+ LIPOSOMAL LOTION 50ml"},"content":{"rendered":"<p>Cetaphil\u00ae Sun Daylong\u2122 Lotion Solaire Liposomale SPF50+ 50 ml CETAPHIL SUN SPF 50+ LOTION LIPOSOMALE Cetaphil\u00ae Sun Daylong\u2122 Lotion Solaire Liposomale SPF50+ convient comme cr\u00e8me solaire en particulier pour les peaux sensibles ou s\u00e8ches. La lotion liposomale Cetaphil Sun est facile \u00e0 \u00e9taler, p\u00e9n\u00e8tre rapidement, ne colle pas et n&rsquo;est pas grasse. Pour une sensation de peau douce. De plus, Liposome Lotion prend soin de la peau avec de l&rsquo;aloe vera et de la vitamine E et procure une hydratation pr\u00e9cieuse. Les filtres UV photoprotecteurs offrent une protection UVA\/UVB instantan\u00e9e et tr\u00e8s efficace, une protection cellulaire efficace et pr\u00e9viennent le vieillissement cutan\u00e9 caus\u00e9 par le soleil.<\/p>","protected":false},"excerpt":{"rendered":"<p>Cetaphil\u00ae Sun Daylong\u2122 Lotion Solaire Liposomale SPF50+ 50 ml CETAPHIL SUN SPF 50+ LOTION LIPOSOMALE Cetaphil\u00ae Sun Daylong\u2122 Lotion Solaire Liposomale SPF50+&hellip;<\/p>","protected":false},"featured_media":19934,"comment_status":"open","ping_status":"closed","template":"","meta":[],"product_cat":[86],"product_tag":[],"yith_product_brand":[104],"class_list":{"0":"post-19935","1":"product","2":"type-product","3":"status-publish","4":"has-post-thumbnail","6":"product_cat-protection-solaire","7":"yith_product_brand-cetaphil","9":"first","10":"instock","11":"sale","12":"shipping-taxable","13":"purchasable","14":"product-type-simple"},"_links":{"self":[{"href":"https:\/\/parapharmacieenligne.ma\/en\/wp-json\/wp\/v2\/product\/19935","targetHints":{"allow":["GET"]}}],"collection":[{"href":"https:\/\/parapharmacieenligne.ma\/en\/wp-json\/wp\/v2\/product"}],"about":[{"href":"https:\/\/parapharmacieenligne.ma\/en\/wp-json\/wp\/v2\/types\/product"}],"replies":[{"embeddable":true,"href":"https:\/\/parapharmacieenligne.ma\/en\/wp-json\/wp\/v2\/comments?post=19935"}],"version-history":[{"count":1,"href":"https:\/\/parapharmacieenligne.ma\/en\/wp-json\/wp\/v2\/product\/19935\/revisions"}],"predecessor-version":[{"id":19936,"href":"https:\/\/parapharmacieenligne.ma\/en\/wp-json\/wp\/v2\/product\/19935\/revisions\/19936"}],"wp:featuredmedia":[{"embeddable":true,"href":"https:\/\/parapharmacieenligne.ma\/en\/wp-json\/wp\/v2\/media\/19934"}],"wp:attachment":[{"href":"https:\/\/parapharmacieenligne.ma\/en\/wp-json\/wp\/v2\/media?parent=19935"}],"wp:term":[{"taxonomy":"product_cat","embeddable":true,"href":"https:\/\/parapharmacieenligne.ma\/en\/wp-json\/wp\/v2\/product_cat?post=19935"},{"taxonomy":"product_tag","embeddable":true,"href":"https:\/\/parapharmacieenligne.ma\/en\/wp-json\/wp\/v2\/product_tag?post=19935"},{"taxonomy":"yith_product_brand","embeddable":true,"href":"https:\/\/parapharmacieenligne.ma\/en\/wp-json\/wp\/v2\/yith_product_brand?post=19935"}],"curies":[{"name":"wp","href":"https:\/\/api.w.org\/{rel}","templated":true}]}}