{"id":19938,"date":"2026-04-18T17:35:29","date_gmt":"2026-04-18T15:35:29","guid":{"rendered":"https:\/\/parapharmacieenligne.ma\/?post_type=product&#038;p=19938"},"modified":"2026-04-18T17:35:38","modified_gmt":"2026-04-18T15:35:38","slug":"cetaphil-nettoyant-doux-peaux-sensibles-seches-a-normales-236ml","status":"publish","type":"product","link":"https:\/\/parapharmacieenligne.ma\/en\/product\/cetaphil-nettoyant-doux-peaux-sensibles-seches-a-normales-236ml\/","title":{"rendered":"CETAPHIL NETTOYANT DOUX PEAUX SENSIBLES SECHES A NORMALES 236ML"},"content":{"rendered":"<p>Nettoyage cliniquement prouv\u00e9 pendant l&rsquo;hydratation, fournissant 48 heures d&rsquo;hydratation lorsqu&rsquo;il est essuy\u00e9 par rapport au rin\u00e7age<br \/>\nID\u00c9AL POUR LA PEAU NORMALE ET SENSIBLE: Hydrate et apaise lorsqu&rsquo;il nettoie, pr\u00e9servant la barri\u00e8re d&rsquo;humidit\u00e9 de la peau, m\u00eame apr\u00e8s des lavages r\u00e9p\u00e9t\u00e9s<\/p>","protected":false},"excerpt":{"rendered":"<p>Nettoyage cliniquement prouv\u00e9 pendant l&rsquo;hydratation, fournissant 48 heures d&rsquo;hydratation lorsqu&rsquo;il est essuy\u00e9 par rapport au rin\u00e7age ID\u00c9AL POUR LA PEAU NORMALE ET&hellip;<\/p>","protected":false},"featured_media":19937,"comment_status":"open","ping_status":"closed","template":"","meta":[],"product_cat":[85],"product_tag":[],"yith_product_brand":[104],"class_list":{"0":"post-19938","1":"product","2":"type-product","3":"status-publish","4":"has-post-thumbnail","6":"product_cat-soins-corps","7":"yith_product_brand-cetaphil","9":"first","10":"instock","11":"sale","12":"shipping-taxable","13":"purchasable","14":"product-type-simple"},"_links":{"self":[{"href":"https:\/\/parapharmacieenligne.ma\/en\/wp-json\/wp\/v2\/product\/19938","targetHints":{"allow":["GET"]}}],"collection":[{"href":"https:\/\/parapharmacieenligne.ma\/en\/wp-json\/wp\/v2\/product"}],"about":[{"href":"https:\/\/parapharmacieenligne.ma\/en\/wp-json\/wp\/v2\/types\/product"}],"replies":[{"embeddable":true,"href":"https:\/\/parapharmacieenligne.ma\/en\/wp-json\/wp\/v2\/comments?post=19938"}],"version-history":[{"count":1,"href":"https:\/\/parapharmacieenligne.ma\/en\/wp-json\/wp\/v2\/product\/19938\/revisions"}],"predecessor-version":[{"id":19939,"href":"https:\/\/parapharmacieenligne.ma\/en\/wp-json\/wp\/v2\/product\/19938\/revisions\/19939"}],"wp:featuredmedia":[{"embeddable":true,"href":"https:\/\/parapharmacieenligne.ma\/en\/wp-json\/wp\/v2\/media\/19937"}],"wp:attachment":[{"href":"https:\/\/parapharmacieenligne.ma\/en\/wp-json\/wp\/v2\/media?parent=19938"}],"wp:term":[{"taxonomy":"product_cat","embeddable":true,"href":"https:\/\/parapharmacieenligne.ma\/en\/wp-json\/wp\/v2\/product_cat?post=19938"},{"taxonomy":"product_tag","embeddable":true,"href":"https:\/\/parapharmacieenligne.ma\/en\/wp-json\/wp\/v2\/product_tag?post=19938"},{"taxonomy":"yith_product_brand","embeddable":true,"href":"https:\/\/parapharmacieenligne.ma\/en\/wp-json\/wp\/v2\/yith_product_brand?post=19938"}],"curies":[{"name":"wp","href":"https:\/\/api.w.org\/{rel}","templated":true}]}}