{"id":19941,"date":"2026-04-18T17:35:44","date_gmt":"2026-04-18T15:35:44","guid":{"rendered":"https:\/\/parapharmacieenligne.ma\/?post_type=product&#038;p=19941"},"modified":"2026-04-18T17:35:49","modified_gmt":"2026-04-18T15:35:49","slug":"cetaphil-sun-light-gel-spf-50-peaux-sensible-et-grasse-50-ml","status":"publish","type":"product","link":"https:\/\/parapharmacieenligne.ma\/en\/product\/cetaphil-sun-light-gel-spf-50-peaux-sensible-et-grasse-50-ml\/","title":{"rendered":"CETAPHIL SUN LIGHT GEL SPF 50+ PEAUX SENSIBLE ET GRASSE 50 ML"},"content":{"rendered":"<p>Fabriqu\u00e9 avec un spf 50+ et des filtres sp\u00e9ciaux, Cetaphil Sun offre une protection avanc\u00e9e contre les rayons UVA, UVB et infrarouges \u00e0 l&rsquo;int\u00e9rieur comme \u00e0 l&rsquo;ext\u00e9rieur. Sa formule \u00e0 base de gel se fond directement dans votre peau, ce qui donne une peau d&rsquo;apparence saine et non collante \u00e0 tout moment.<\/p>","protected":false},"excerpt":{"rendered":"<p>Fabriqu\u00e9 avec un spf 50+ et des filtres sp\u00e9ciaux, Cetaphil Sun offre une protection avanc\u00e9e contre les rayons UVA, UVB et infrarouges&hellip;<\/p>","protected":false},"featured_media":19940,"comment_status":"open","ping_status":"closed","template":"","meta":[],"product_cat":[86],"product_tag":[],"yith_product_brand":[104],"class_list":{"0":"post-19941","1":"product","2":"type-product","3":"status-publish","4":"has-post-thumbnail","6":"product_cat-protection-solaire","7":"yith_product_brand-cetaphil","9":"first","10":"instock","11":"sale","12":"shipping-taxable","13":"purchasable","14":"product-type-simple"},"_links":{"self":[{"href":"https:\/\/parapharmacieenligne.ma\/en\/wp-json\/wp\/v2\/product\/19941","targetHints":{"allow":["GET"]}}],"collection":[{"href":"https:\/\/parapharmacieenligne.ma\/en\/wp-json\/wp\/v2\/product"}],"about":[{"href":"https:\/\/parapharmacieenligne.ma\/en\/wp-json\/wp\/v2\/types\/product"}],"replies":[{"embeddable":true,"href":"https:\/\/parapharmacieenligne.ma\/en\/wp-json\/wp\/v2\/comments?post=19941"}],"version-history":[{"count":1,"href":"https:\/\/parapharmacieenligne.ma\/en\/wp-json\/wp\/v2\/product\/19941\/revisions"}],"predecessor-version":[{"id":19942,"href":"https:\/\/parapharmacieenligne.ma\/en\/wp-json\/wp\/v2\/product\/19941\/revisions\/19942"}],"wp:featuredmedia":[{"embeddable":true,"href":"https:\/\/parapharmacieenligne.ma\/en\/wp-json\/wp\/v2\/media\/19940"}],"wp:attachment":[{"href":"https:\/\/parapharmacieenligne.ma\/en\/wp-json\/wp\/v2\/media?parent=19941"}],"wp:term":[{"taxonomy":"product_cat","embeddable":true,"href":"https:\/\/parapharmacieenligne.ma\/en\/wp-json\/wp\/v2\/product_cat?post=19941"},{"taxonomy":"product_tag","embeddable":true,"href":"https:\/\/parapharmacieenligne.ma\/en\/wp-json\/wp\/v2\/product_tag?post=19941"},{"taxonomy":"yith_product_brand","embeddable":true,"href":"https:\/\/parapharmacieenligne.ma\/en\/wp-json\/wp\/v2\/yith_product_brand?post=19941"}],"curies":[{"name":"wp","href":"https:\/\/api.w.org\/{rel}","templated":true}]}}