{"id":19944,"date":"2026-04-18T17:35:56","date_gmt":"2026-04-18T15:35:56","guid":{"rendered":"https:\/\/parapharmacieenligne.ma\/?post_type=product&#038;p=19944"},"modified":"2026-04-18T17:36:01","modified_gmt":"2026-04-18T15:36:01","slug":"cetaphil-baume-levres-protecteur-spf-50-8-ml","status":"publish","type":"product","link":"https:\/\/parapharmacieenligne.ma\/en\/product\/cetaphil-baume-levres-protecteur-spf-50-8-ml\/","title":{"rendered":"CETAPHIL BAUME LEVRES PROTECTEUR SPF 50 + 8 ML"},"content":{"rendered":"<p>Cetaphil Protective Lip Balm SPF 50 + est un baume \u00e0 l\u00e8vres protecteur offre une barri\u00e8re efficace contre la perte d&rsquo;humidit\u00e9, ainsi qu&rsquo;une protection contre les UVA et les UVB.<\/p>","protected":false},"excerpt":{"rendered":"<p>Cetaphil Protective Lip Balm SPF 50 + est un baume \u00e0 l\u00e8vres protecteur offre une barri\u00e8re efficace contre la perte d&rsquo;humidit\u00e9, ainsi&hellip;<\/p>","protected":false},"featured_media":19943,"comment_status":"open","ping_status":"closed","template":"","meta":[],"product_cat":[83],"product_tag":[],"yith_product_brand":[104],"class_list":{"0":"post-19944","1":"product","2":"type-product","3":"status-publish","4":"has-post-thumbnail","6":"product_cat-soins-visage","7":"yith_product_brand-cetaphil","9":"first","10":"instock","11":"sale","12":"shipping-taxable","13":"purchasable","14":"product-type-simple"},"_links":{"self":[{"href":"https:\/\/parapharmacieenligne.ma\/en\/wp-json\/wp\/v2\/product\/19944","targetHints":{"allow":["GET"]}}],"collection":[{"href":"https:\/\/parapharmacieenligne.ma\/en\/wp-json\/wp\/v2\/product"}],"about":[{"href":"https:\/\/parapharmacieenligne.ma\/en\/wp-json\/wp\/v2\/types\/product"}],"replies":[{"embeddable":true,"href":"https:\/\/parapharmacieenligne.ma\/en\/wp-json\/wp\/v2\/comments?post=19944"}],"version-history":[{"count":1,"href":"https:\/\/parapharmacieenligne.ma\/en\/wp-json\/wp\/v2\/product\/19944\/revisions"}],"predecessor-version":[{"id":19945,"href":"https:\/\/parapharmacieenligne.ma\/en\/wp-json\/wp\/v2\/product\/19944\/revisions\/19945"}],"wp:featuredmedia":[{"embeddable":true,"href":"https:\/\/parapharmacieenligne.ma\/en\/wp-json\/wp\/v2\/media\/19943"}],"wp:attachment":[{"href":"https:\/\/parapharmacieenligne.ma\/en\/wp-json\/wp\/v2\/media?parent=19944"}],"wp:term":[{"taxonomy":"product_cat","embeddable":true,"href":"https:\/\/parapharmacieenligne.ma\/en\/wp-json\/wp\/v2\/product_cat?post=19944"},{"taxonomy":"product_tag","embeddable":true,"href":"https:\/\/parapharmacieenligne.ma\/en\/wp-json\/wp\/v2\/product_tag?post=19944"},{"taxonomy":"yith_product_brand","embeddable":true,"href":"https:\/\/parapharmacieenligne.ma\/en\/wp-json\/wp\/v2\/yith_product_brand?post=19944"}],"curies":[{"name":"wp","href":"https:\/\/api.w.org\/{rel}","templated":true}]}}