{"id":19950,"date":"2026-04-18T17:36:25","date_gmt":"2026-04-18T15:36:25","guid":{"rendered":"https:\/\/parapharmacieenligne.ma\/?post_type=product&#038;p=19950"},"modified":"2026-04-18T17:36:36","modified_gmt":"2026-04-18T15:36:36","slug":"cetaphil-offre-sun-liposomal-lotion-100-ml-spf-50-peaux-sensibles-protective-baume-a-levres-8ml-offert","status":"publish","type":"product","link":"https:\/\/parapharmacieenligne.ma\/en\/product\/cetaphil-offre-sun-liposomal-lotion-100-ml-spf-50-peaux-sensibles-protective-baume-a-levres-8ml-offert\/","title":{"rendered":"CETAPHIL OFFRE SUN LIPOSOMAL LOTION 100 ML SPF 50+ PEAUX SENSIBLES + PROTECTIVE BAUME A LEVRES 8ML OFFERT"},"content":{"rendered":"<p>La lotion solaire liposomale Cetaphil\u00ae Sun Daylong \u2122 SPF50 + convient comme \u00e9cran solaire en particulier pour les peaux sensibles ou s\u00e8ches. La lotion liposomale Cetaphil Sun est facile \u00e0 disperser, p\u00e9n\u00e8tre rapidement, ne colle pas et n\u2019est pas grasse. Pour une agr\u00e9able sensation de peau. De plus, la lotion liposomale prend soin de la peau avec de l\u2019aloe vera et de la vitamine E et fournit une hydratation pr\u00e9cieuse. Les filtres UV photostables offrent une protection UVA et UVB tr\u00e8s efficace et imm\u00e9diate, une protection cellulaire efficace et pr\u00e9viennent le vieillissement cutan\u00e9 induit par le soleil.<\/p>\n<p>Conseils d&rsquo;utilisation:<\/p>\n<p>Appliquer g\u00e9n\u00e9reusement environ 20 minutes avant le soleil, peut bien bouger afin d&rsquo;obtenir une r\u00e9sistance \u00e0 l&rsquo;eau optimale.<\/p>","protected":false},"excerpt":{"rendered":"<p>La lotion solaire liposomale Cetaphil\u00ae Sun Daylong \u2122 SPF50 + convient comme \u00e9cran solaire en particulier pour les peaux sensibles ou s\u00e8ches.&hellip;<\/p>","protected":false},"featured_media":19949,"comment_status":"open","ping_status":"closed","template":"","meta":[],"product_cat":[86],"product_tag":[],"yith_product_brand":[104],"class_list":{"0":"post-19950","1":"product","2":"type-product","3":"status-publish","4":"has-post-thumbnail","6":"product_cat-protection-solaire","7":"yith_product_brand-cetaphil","9":"first","10":"instock","11":"sale","12":"shipping-taxable","13":"purchasable","14":"product-type-simple"},"_links":{"self":[{"href":"https:\/\/parapharmacieenligne.ma\/en\/wp-json\/wp\/v2\/product\/19950","targetHints":{"allow":["GET"]}}],"collection":[{"href":"https:\/\/parapharmacieenligne.ma\/en\/wp-json\/wp\/v2\/product"}],"about":[{"href":"https:\/\/parapharmacieenligne.ma\/en\/wp-json\/wp\/v2\/types\/product"}],"replies":[{"embeddable":true,"href":"https:\/\/parapharmacieenligne.ma\/en\/wp-json\/wp\/v2\/comments?post=19950"}],"version-history":[{"count":1,"href":"https:\/\/parapharmacieenligne.ma\/en\/wp-json\/wp\/v2\/product\/19950\/revisions"}],"predecessor-version":[{"id":19951,"href":"https:\/\/parapharmacieenligne.ma\/en\/wp-json\/wp\/v2\/product\/19950\/revisions\/19951"}],"wp:featuredmedia":[{"embeddable":true,"href":"https:\/\/parapharmacieenligne.ma\/en\/wp-json\/wp\/v2\/media\/19949"}],"wp:attachment":[{"href":"https:\/\/parapharmacieenligne.ma\/en\/wp-json\/wp\/v2\/media?parent=19950"}],"wp:term":[{"taxonomy":"product_cat","embeddable":true,"href":"https:\/\/parapharmacieenligne.ma\/en\/wp-json\/wp\/v2\/product_cat?post=19950"},{"taxonomy":"product_tag","embeddable":true,"href":"https:\/\/parapharmacieenligne.ma\/en\/wp-json\/wp\/v2\/product_tag?post=19950"},{"taxonomy":"yith_product_brand","embeddable":true,"href":"https:\/\/parapharmacieenligne.ma\/en\/wp-json\/wp\/v2\/yith_product_brand?post=19950"}],"curies":[{"name":"wp","href":"https:\/\/api.w.org\/{rel}","templated":true}]}}