{"id":19953,"date":"2026-04-18T17:36:43","date_gmt":"2026-04-18T15:36:43","guid":{"rendered":"https:\/\/parapharmacieenligne.ma\/?post_type=product&#038;p=19953"},"modified":"2026-04-18T17:36:53","modified_gmt":"2026-04-18T15:36:53","slug":"cetaphil-nettoyant-peaux-grasses-236-ml","status":"publish","type":"product","link":"https:\/\/parapharmacieenligne.ma\/en\/product\/cetaphil-nettoyant-peaux-grasses-236-ml\/","title":{"rendered":"CETAPHIL NETTOYANT PEAUX GRASSES 236 ML"},"content":{"rendered":"<p>Nettoyant quotidien pour le visage<\/p>\n<p>Le d\u00e9maquillant quotidien pour le visage Cetaphil a une formulation peu moussante qui est suffisamment douce pour \u00eatre utilis\u00e9e quotidiennement sur le visage. Utilisez-le matin et soir pour enlever les huiles de surface, la salet\u00e9 et le maquillage &#8211; sans d\u00e9caper la peau, ce qui peut la rendre s\u00e8che et collante.<\/p>\n<p>\u2022 Obtenez une peau douce et propre, au toucher qui coule, sans tiraillement ni dess\u00e8chement excessif<\/p>\n<p>\u2022 se rince facilement sans r\u00e9sidus irritants ou obstruant les pores<\/p>\n<p>\u2022 La formule \u00e0 faible mousse ne d\u00e9pouillera pas la peau des huiles naturelles<\/p>\n<p>\u2022 non parfum\u00e9<\/p>\n<p>CONSEILS D&rsquo;UTILISATION :<\/p>\n<p>Massez une petite quantit\u00e9 sur la peau humide. Rincer.<\/p>","protected":false},"excerpt":{"rendered":"<p>Nettoyant quotidien pour le visage Le d\u00e9maquillant quotidien pour le visage Cetaphil a une formulation peu moussante qui est suffisamment douce pour&hellip;<\/p>","protected":false},"featured_media":19952,"comment_status":"open","ping_status":"closed","template":"","meta":[],"product_cat":[83],"product_tag":[],"yith_product_brand":[104],"class_list":{"0":"post-19953","1":"product","2":"type-product","3":"status-publish","4":"has-post-thumbnail","6":"product_cat-soins-visage","7":"yith_product_brand-cetaphil","9":"first","10":"instock","11":"sale","12":"shipping-taxable","13":"purchasable","14":"product-type-simple"},"_links":{"self":[{"href":"https:\/\/parapharmacieenligne.ma\/en\/wp-json\/wp\/v2\/product\/19953","targetHints":{"allow":["GET"]}}],"collection":[{"href":"https:\/\/parapharmacieenligne.ma\/en\/wp-json\/wp\/v2\/product"}],"about":[{"href":"https:\/\/parapharmacieenligne.ma\/en\/wp-json\/wp\/v2\/types\/product"}],"replies":[{"embeddable":true,"href":"https:\/\/parapharmacieenligne.ma\/en\/wp-json\/wp\/v2\/comments?post=19953"}],"version-history":[{"count":1,"href":"https:\/\/parapharmacieenligne.ma\/en\/wp-json\/wp\/v2\/product\/19953\/revisions"}],"predecessor-version":[{"id":19954,"href":"https:\/\/parapharmacieenligne.ma\/en\/wp-json\/wp\/v2\/product\/19953\/revisions\/19954"}],"wp:featuredmedia":[{"embeddable":true,"href":"https:\/\/parapharmacieenligne.ma\/en\/wp-json\/wp\/v2\/media\/19952"}],"wp:attachment":[{"href":"https:\/\/parapharmacieenligne.ma\/en\/wp-json\/wp\/v2\/media?parent=19953"}],"wp:term":[{"taxonomy":"product_cat","embeddable":true,"href":"https:\/\/parapharmacieenligne.ma\/en\/wp-json\/wp\/v2\/product_cat?post=19953"},{"taxonomy":"product_tag","embeddable":true,"href":"https:\/\/parapharmacieenligne.ma\/en\/wp-json\/wp\/v2\/product_tag?post=19953"},{"taxonomy":"yith_product_brand","embeddable":true,"href":"https:\/\/parapharmacieenligne.ma\/en\/wp-json\/wp\/v2\/yith_product_brand?post=19953"}],"curies":[{"name":"wp","href":"https:\/\/api.w.org\/{rel}","templated":true}]}}