{"id":19956,"date":"2026-04-18T17:48:47","date_gmt":"2026-04-18T15:48:47","guid":{"rendered":"https:\/\/parapharmacieenligne.ma\/?post_type=product&#038;p=19956"},"modified":"2026-04-18T17:48:52","modified_gmt":"2026-04-18T15:48:52","slug":"the-ordinary-salicylic-acid-2-solution-30-ml","status":"publish","type":"product","link":"https:\/\/parapharmacieenligne.ma\/en\/product\/the-ordinary-salicylic-acid-2-solution-30-ml\/","title":{"rendered":"THE ORDINARY SALICYLIC ACID 2% SOLUTION 30 ML"},"content":{"rendered":"<p>Un s\u00e9rum formul\u00e9 pour cibler l&rsquo;acn\u00e9 et permettre \u00e0 la peau de gu\u00e9rir.<\/p>\n<p>Formul\u00e9 pour les peaux \u00e0 tendance acn\u00e9ique.S\u00e9rum \u00e0 base d&rsquo;eau<\/p>\n<p>Fabriqu\u00e9 avec une concentration d&rsquo;acide salicylique de 2 %, ce s\u00e9rum \u00e0 base d&rsquo;eau offre une exfoliation au niveau de la surface, favorisant l&rsquo;\u00e9limination naturelle des peaux mortes. Il est \u00e9galement lipophile (soluble dans l&rsquo;huile), ce qui signifie qu&rsquo;il peut p\u00e9n\u00e9trer les pores pour contr\u00f4ler les imperfections de l&rsquo;acn\u00e9. L&rsquo;approche multifonctionnelle de la formule aide \u00e0 nettoyer les pores, \u00e0 am\u00e9liorer l&rsquo;apparence des rougeurs visibles et des com\u00e9dons.<\/p>","protected":false},"excerpt":{"rendered":"<p>Un s\u00e9rum formul\u00e9 pour cibler l&rsquo;acn\u00e9 et permettre \u00e0 la peau de gu\u00e9rir. Formul\u00e9 pour les peaux \u00e0 tendance acn\u00e9ique.S\u00e9rum \u00e0 base&hellip;<\/p>","protected":false},"featured_media":19955,"comment_status":"open","ping_status":"closed","template":"","meta":[],"product_cat":[90],"product_tag":[],"yith_product_brand":[219],"class_list":{"0":"post-19956","1":"product","2":"type-product","3":"status-publish","4":"has-post-thumbnail","6":"product_cat-americains","7":"yith_product_brand-the-ordinary","9":"first","10":"instock","11":"shipping-taxable","12":"purchasable","13":"product-type-simple"},"_links":{"self":[{"href":"https:\/\/parapharmacieenligne.ma\/en\/wp-json\/wp\/v2\/product\/19956","targetHints":{"allow":["GET"]}}],"collection":[{"href":"https:\/\/parapharmacieenligne.ma\/en\/wp-json\/wp\/v2\/product"}],"about":[{"href":"https:\/\/parapharmacieenligne.ma\/en\/wp-json\/wp\/v2\/types\/product"}],"replies":[{"embeddable":true,"href":"https:\/\/parapharmacieenligne.ma\/en\/wp-json\/wp\/v2\/comments?post=19956"}],"version-history":[{"count":1,"href":"https:\/\/parapharmacieenligne.ma\/en\/wp-json\/wp\/v2\/product\/19956\/revisions"}],"predecessor-version":[{"id":19957,"href":"https:\/\/parapharmacieenligne.ma\/en\/wp-json\/wp\/v2\/product\/19956\/revisions\/19957"}],"wp:featuredmedia":[{"embeddable":true,"href":"https:\/\/parapharmacieenligne.ma\/en\/wp-json\/wp\/v2\/media\/19955"}],"wp:attachment":[{"href":"https:\/\/parapharmacieenligne.ma\/en\/wp-json\/wp\/v2\/media?parent=19956"}],"wp:term":[{"taxonomy":"product_cat","embeddable":true,"href":"https:\/\/parapharmacieenligne.ma\/en\/wp-json\/wp\/v2\/product_cat?post=19956"},{"taxonomy":"product_tag","embeddable":true,"href":"https:\/\/parapharmacieenligne.ma\/en\/wp-json\/wp\/v2\/product_tag?post=19956"},{"taxonomy":"yith_product_brand","embeddable":true,"href":"https:\/\/parapharmacieenligne.ma\/en\/wp-json\/wp\/v2\/yith_product_brand?post=19956"}],"curies":[{"name":"wp","href":"https:\/\/api.w.org\/{rel}","templated":true}]}}