{"id":19959,"date":"2026-04-18T17:48:59","date_gmt":"2026-04-18T15:48:59","guid":{"rendered":"https:\/\/parapharmacieenligne.ma\/?post_type=product&#038;p=19959"},"modified":"2026-04-18T17:49:09","modified_gmt":"2026-04-18T15:49:09","slug":"the-ordinary-aha-30-bha-2-solution-de-peeling-30-ml","status":"publish","type":"product","link":"https:\/\/parapharmacieenligne.ma\/en\/product\/the-ordinary-aha-30-bha-2-solution-de-peeling-30-ml\/","title":{"rendered":"THE ORDINARY AHA 30% + BHA 2% SOLUTION DE PEELING 30 ML"},"content":{"rendered":"<p>The Ordinary AHA 30% + BHA 2% Solution de Peeling est un soin exfoliant de 10 minutes avec 30% d&rsquo;acide hydroxyle alpha (Glycolic \/ Lactic \/ Tartaric \/ Citric), 2% d&rsquo;Acide Beta Hydroxyl (acide salicylique), d&rsquo;Acide Crosspolymer, Vitamine B5, Carotte Noire et Poivre de Tasmanie. Les acides alpha-hydroxyl\u00e9s (AHA) exfolient la surface la plus haute de la peau pour une apparence plus brillante et plus uniforme.<\/p>\n<p>Les acides b\u00eata-hydroxyle (BHA) exfolient \u00e9galement la peau avec une action prolong\u00e9e pour aider \u00e0 d\u00e9gager la congestion des pores. Cette solution combin\u00e9e AHA \/ BHA de 32% offre une exfoliation plus profonde pour aider \u00e0 lutter contre les imperfections visibles et pour am\u00e9liorer l&rsquo;\u00e9clat de la peau.<\/p>\n<p>La formule am\u00e9liore \u00e9galement l&rsquo;apparence de la texture de la peau et r\u00e9duit l&rsquo;apparence des rides fines avec une utilisation continue. Cette formule contient un d\u00e9riv\u00e9 de Poivre de Tasmanie \u00e9tudi\u00e9 pour aider \u00e0 r\u00e9duire l&rsquo;irritation associ\u00e9e \u00e0 l&rsquo;utilisation d&rsquo;acide. Ce d\u00e9riv\u00e9 d&rsquo;origine v\u00e9g\u00e9tale change de couleur en fonction de la saison et cette variation de couleur peut appara\u00eetre dans la formule de temps en temps.<\/p>\n<p>Cette formule est \u00e9galement combin\u00e9e avec de l&rsquo;acide hyaluronique pour le confort, la vitamine B5 pour aider \u00e0 la gu\u00e9rison et la carotte noire comme antioxydant. Le pH de cette formule est d&rsquo;environ 3,6.<br \/>\nL&rsquo;acide glycolique, l&rsquo;AHA primaire utilis\u00e9 dans la formule, a un pKa de 3,6 et le pKa est l&rsquo;aspect le plus important \u00e0 consid\u00e9rer dans la formulation des acides. Lorsque le pKa est proche du pH, il existe un \u00e9quilibre id\u00e9al entre le sel et l&rsquo;acidit\u00e9, maximisant l&rsquo;efficacit\u00e9 de l&rsquo;acide. Des taux de pH plus \u00e9lev\u00e9s dans un tel cas augmenteraient le sel qui, de mani\u00e8re contre-intuitive, rendrait la formule irritante .<\/p>\n<p>Sans alcool, sans huile, sans silicone, sans noix, v\u00e9g\u00e9talien, sans gluten, sans soja, non test\u00e9 sur animaux.<\/p>\n<p>CONSEILS D&rsquo;UTILISATION<br \/>\nUtilisez The Ordinary AHA 30% + BHA 2% Solution de Peeling id\u00e9alement le soir, pas plus fr\u00e9quemment que deux fois par semaine. Nettoyez le visage et attendez que la peau s\u00e8che. Ne pas utiliser sur une peau humide. Appliquez uniform\u00e9ment sur le visage et le cou en utilisant le bout des doigts. Laissez poser pas plus de 10 minutes. Rincez \u00e0 l&rsquo;eau ti\u00e8de. \u00c9vitez le contour des yeux.<\/p>\n<p>Cette solution \u00e0 faible viscosit\u00e9 est destin\u00e9e \u00e0 \u00eatre utilis\u00e9e comme masque. Ne pas laisser plus de 10 minutes. En cas d&rsquo;irritation persistante, cessez l&rsquo;utilisation et consultez un m\u00e9decin.<\/p>\n<p>Cette formule contient une tr\u00e8s forte concentration d&rsquo;acides libres. Nous recommandons l&rsquo;utilisation seulement si vous \u00eates un utilisateur exp\u00e9riment\u00e9 de l&rsquo;exfoliation acide et votre peau n&rsquo;est pas sensible.<br \/>\nContre-indications: cette formule ne doit pas \u00eatre utilis\u00e9e sur les peaux sensibles, pelantes ou fragilis\u00e9es.<br \/>\nAlerte au coup de soleil: Ce produit contient un acide alpha-hydroxy (AHA) qui peut augmenter la sensibilit\u00e9 de votre peau au soleil et en particulier la possibilit\u00e9 d&rsquo;un coup de soleil. Utilisez un \u00e9cran solaire, portez des v\u00eatements de protection et limitez l&rsquo;exposition au soleil pendant l&rsquo;utilisation de ce produit et m\u00eame une semaine apr\u00e8s. Utilisez uniquement comme indiqu\u00e9. Le contact du produit avec la peau doit \u00eatre de fr\u00e9quence ou de dur\u00e9e limit\u00e9e.<\/p>","protected":false},"excerpt":{"rendered":"<p>The Ordinary AHA 30% + BHA 2% Solution de Peeling est un soin exfoliant de 10 minutes avec 30% d&rsquo;acide hydroxyle alpha&hellip;<\/p>","protected":false},"featured_media":19958,"comment_status":"open","ping_status":"closed","template":"","meta":[],"product_cat":[90],"product_tag":[],"yith_product_brand":[219],"class_list":{"0":"post-19959","1":"product","2":"type-product","3":"status-publish","4":"has-post-thumbnail","6":"product_cat-americains","7":"yith_product_brand-the-ordinary","9":"first","10":"instock","11":"shipping-taxable","12":"purchasable","13":"product-type-simple"},"_links":{"self":[{"href":"https:\/\/parapharmacieenligne.ma\/en\/wp-json\/wp\/v2\/product\/19959","targetHints":{"allow":["GET"]}}],"collection":[{"href":"https:\/\/parapharmacieenligne.ma\/en\/wp-json\/wp\/v2\/product"}],"about":[{"href":"https:\/\/parapharmacieenligne.ma\/en\/wp-json\/wp\/v2\/types\/product"}],"replies":[{"embeddable":true,"href":"https:\/\/parapharmacieenligne.ma\/en\/wp-json\/wp\/v2\/comments?post=19959"}],"version-history":[{"count":1,"href":"https:\/\/parapharmacieenligne.ma\/en\/wp-json\/wp\/v2\/product\/19959\/revisions"}],"predecessor-version":[{"id":19960,"href":"https:\/\/parapharmacieenligne.ma\/en\/wp-json\/wp\/v2\/product\/19959\/revisions\/19960"}],"wp:featuredmedia":[{"embeddable":true,"href":"https:\/\/parapharmacieenligne.ma\/en\/wp-json\/wp\/v2\/media\/19958"}],"wp:attachment":[{"href":"https:\/\/parapharmacieenligne.ma\/en\/wp-json\/wp\/v2\/media?parent=19959"}],"wp:term":[{"taxonomy":"product_cat","embeddable":true,"href":"https:\/\/parapharmacieenligne.ma\/en\/wp-json\/wp\/v2\/product_cat?post=19959"},{"taxonomy":"product_tag","embeddable":true,"href":"https:\/\/parapharmacieenligne.ma\/en\/wp-json\/wp\/v2\/product_tag?post=19959"},{"taxonomy":"yith_product_brand","embeddable":true,"href":"https:\/\/parapharmacieenligne.ma\/en\/wp-json\/wp\/v2\/yith_product_brand?post=19959"}],"curies":[{"name":"wp","href":"https:\/\/api.w.org\/{rel}","templated":true}]}}