{"id":19965,"date":"2026-04-18T17:49:33","date_gmt":"2026-04-18T15:49:33","guid":{"rendered":"https:\/\/parapharmacieenligne.ma\/?post_type=product&#038;p=19965"},"modified":"2026-04-18T17:49:39","modified_gmt":"2026-04-18T15:49:39","slug":"the-ordinary-multi-peptide-lash-and-brown-serum-5-ml","status":"publish","type":"product","link":"https:\/\/parapharmacieenligne.ma\/en\/product\/the-ordinary-multi-peptide-lash-and-brown-serum-5-ml\/","title":{"rendered":"THE ORDINARY MULTI-PEPTIDE LASH AND BROWN SERUM 5 ML"},"content":{"rendered":"<p>Un s\u00e9rum volumateur pour les cils et les sourcils, pour un regard plus \u00e9pais, plus fourni et plus sain.<br \/>\nLe s\u00e9rum multipeptides pour cils et sourcils est une formule l\u00e9g\u00e8re et non grasse con\u00e7ue pour favoriser des cils et des sourcils plus \u00e9pais, plus fournis et d&rsquo;apparence plus saine.<br \/>\nEn utilisant 11 ingr\u00e9dients actifs, dont quatre complexes peptidiques et une s\u00e9rie d&rsquo;extraits naturels, ce s\u00e9rum \u00e0 utiliser deux fois par jour aide \u00e0 nourrir et \u00e0 prot\u00e9ger vos cils et vos sourcils tout en am\u00e9liorant leur densit\u00e9 et leur apparence g\u00e9n\u00e9rale en seulement quatre semaines.<\/p>","protected":false},"excerpt":{"rendered":"<p>Un s\u00e9rum volumateur pour les cils et les sourcils, pour un regard plus \u00e9pais, plus fourni et plus sain. Le s\u00e9rum multipeptides&hellip;<\/p>","protected":false},"featured_media":19964,"comment_status":"open","ping_status":"closed","template":"","meta":[],"product_cat":[90],"product_tag":[],"yith_product_brand":[219],"class_list":{"0":"post-19965","1":"product","2":"type-product","3":"status-publish","4":"has-post-thumbnail","6":"product_cat-americains","7":"yith_product_brand-the-ordinary","9":"first","10":"instock","11":"shipping-taxable","12":"purchasable","13":"product-type-simple"},"_links":{"self":[{"href":"https:\/\/parapharmacieenligne.ma\/en\/wp-json\/wp\/v2\/product\/19965","targetHints":{"allow":["GET"]}}],"collection":[{"href":"https:\/\/parapharmacieenligne.ma\/en\/wp-json\/wp\/v2\/product"}],"about":[{"href":"https:\/\/parapharmacieenligne.ma\/en\/wp-json\/wp\/v2\/types\/product"}],"replies":[{"embeddable":true,"href":"https:\/\/parapharmacieenligne.ma\/en\/wp-json\/wp\/v2\/comments?post=19965"}],"version-history":[{"count":1,"href":"https:\/\/parapharmacieenligne.ma\/en\/wp-json\/wp\/v2\/product\/19965\/revisions"}],"predecessor-version":[{"id":19966,"href":"https:\/\/parapharmacieenligne.ma\/en\/wp-json\/wp\/v2\/product\/19965\/revisions\/19966"}],"wp:featuredmedia":[{"embeddable":true,"href":"https:\/\/parapharmacieenligne.ma\/en\/wp-json\/wp\/v2\/media\/19964"}],"wp:attachment":[{"href":"https:\/\/parapharmacieenligne.ma\/en\/wp-json\/wp\/v2\/media?parent=19965"}],"wp:term":[{"taxonomy":"product_cat","embeddable":true,"href":"https:\/\/parapharmacieenligne.ma\/en\/wp-json\/wp\/v2\/product_cat?post=19965"},{"taxonomy":"product_tag","embeddable":true,"href":"https:\/\/parapharmacieenligne.ma\/en\/wp-json\/wp\/v2\/product_tag?post=19965"},{"taxonomy":"yith_product_brand","embeddable":true,"href":"https:\/\/parapharmacieenligne.ma\/en\/wp-json\/wp\/v2\/yith_product_brand?post=19965"}],"curies":[{"name":"wp","href":"https:\/\/api.w.org\/{rel}","templated":true}]}}