{"id":19968,"date":"2026-04-18T17:49:46","date_gmt":"2026-04-18T15:49:46","guid":{"rendered":"https:\/\/parapharmacieenligne.ma\/?post_type=product&#038;p=19968"},"modified":"2026-04-18T17:49:52","modified_gmt":"2026-04-18T15:49:52","slug":"the-ordinary-lactic-acid-5-ha-30-ml","status":"publish","type":"product","link":"https:\/\/parapharmacieenligne.ma\/en\/product\/the-ordinary-lactic-acid-5-ha-30-ml\/","title":{"rendered":"THE ORDINARY LACTIC ACID 5% + HA 30 ML"},"content":{"rendered":"<p>Une formule exfoliante douce \u00e0 base d&rsquo;acide lactique pour \u00e9liminer les couches superficielles de la peau<br \/>\nL&rsquo;acide lactique est un acide alpha-hydroxyl\u00e9 qui exerce une action exfoliante sur la peau. Cette formule concentr\u00e9e \u00e0 5 % assure une exfoliation tout en douceur avec l&rsquo;ajout d&rsquo;une baie poivr\u00e9e purifi\u00e9e originaire de Tasmanie connue pour r\u00e9duire les signes d&rsquo;inflammation et la sensibilit\u00e9 g\u00e9n\u00e9ralement associ\u00e9s \u00e0 l&rsquo;exfoliation.<\/p>","protected":false},"excerpt":{"rendered":"<p>Une formule exfoliante douce \u00e0 base d&rsquo;acide lactique pour \u00e9liminer les couches superficielles de la peau L&rsquo;acide lactique est un acide alpha-hydroxyl\u00e9&hellip;<\/p>","protected":false},"featured_media":19967,"comment_status":"open","ping_status":"closed","template":"","meta":[],"product_cat":[90],"product_tag":[],"yith_product_brand":[219],"class_list":{"0":"post-19968","1":"product","2":"type-product","3":"status-publish","4":"has-post-thumbnail","6":"product_cat-americains","7":"yith_product_brand-the-ordinary","9":"first","10":"instock","11":"shipping-taxable","12":"purchasable","13":"product-type-simple"},"_links":{"self":[{"href":"https:\/\/parapharmacieenligne.ma\/en\/wp-json\/wp\/v2\/product\/19968","targetHints":{"allow":["GET"]}}],"collection":[{"href":"https:\/\/parapharmacieenligne.ma\/en\/wp-json\/wp\/v2\/product"}],"about":[{"href":"https:\/\/parapharmacieenligne.ma\/en\/wp-json\/wp\/v2\/types\/product"}],"replies":[{"embeddable":true,"href":"https:\/\/parapharmacieenligne.ma\/en\/wp-json\/wp\/v2\/comments?post=19968"}],"version-history":[{"count":1,"href":"https:\/\/parapharmacieenligne.ma\/en\/wp-json\/wp\/v2\/product\/19968\/revisions"}],"predecessor-version":[{"id":19969,"href":"https:\/\/parapharmacieenligne.ma\/en\/wp-json\/wp\/v2\/product\/19968\/revisions\/19969"}],"wp:featuredmedia":[{"embeddable":true,"href":"https:\/\/parapharmacieenligne.ma\/en\/wp-json\/wp\/v2\/media\/19967"}],"wp:attachment":[{"href":"https:\/\/parapharmacieenligne.ma\/en\/wp-json\/wp\/v2\/media?parent=19968"}],"wp:term":[{"taxonomy":"product_cat","embeddable":true,"href":"https:\/\/parapharmacieenligne.ma\/en\/wp-json\/wp\/v2\/product_cat?post=19968"},{"taxonomy":"product_tag","embeddable":true,"href":"https:\/\/parapharmacieenligne.ma\/en\/wp-json\/wp\/v2\/product_tag?post=19968"},{"taxonomy":"yith_product_brand","embeddable":true,"href":"https:\/\/parapharmacieenligne.ma\/en\/wp-json\/wp\/v2\/yith_product_brand?post=19968"}],"curies":[{"name":"wp","href":"https:\/\/api.w.org\/{rel}","templated":true}]}}