{"id":19971,"date":"2026-04-18T17:49:59","date_gmt":"2026-04-18T15:49:59","guid":{"rendered":"https:\/\/parapharmacieenligne.ma\/?post_type=product&#038;p=19971"},"modified":"2026-04-18T17:50:12","modified_gmt":"2026-04-18T15:50:12","slug":"the-ordinary-lactic-acid-10-ha-30-ml","status":"publish","type":"product","link":"https:\/\/parapharmacieenligne.ma\/en\/product\/the-ordinary-lactic-acid-10-ha-30-ml\/","title":{"rendered":"THE ORDINARY LACTIC ACID 10% + HA 30 ML"},"content":{"rendered":"<p>Une formule exfoliante douce \u00e0 base d&rsquo;acide lactique pour \u00e9liminer les couches superficielles de la peau<br \/>\nL&rsquo;acide lactique est un acide alpha-hydroxyl\u00e9 qui exerce une action exfoliante sur la peau. Cette formule concentr\u00e9e \u00e0 5 % assure une exfoliation tout en douceur avec l&rsquo;ajout d&rsquo;une baie poivr\u00e9e purifi\u00e9e originaire de Tasmanie connue pour r\u00e9duire les signes d&rsquo;inflammation et la sensibilit\u00e9 g\u00e9n\u00e9ralement associ\u00e9s \u00e0 l&rsquo;exfoliation.<\/p>\n<p>La formule contient un d\u00e9riv\u00e9 clinique de la baie poivr\u00e9e de Tasmanie pour r\u00e9duire l&rsquo;irritation associ\u00e9e \u00e0 l&rsquo;utilisation de l&rsquo;acide. Ce d\u00e9riv\u00e9 a une origine v\u00e9g\u00e9tale et sa couleur varie selon la saison. Il se peut que ce changement de couleur apparaisse de temps \u00e0 autre dans la formule.<\/p>\n<p>Le pH de cette formule se situe autour de 3,8. L&rsquo;acide lactique a une constance d&rsquo;acidit\u00e9 (pKa) de 3,8. La constance d&rsquo;acidit\u00e9 est l&rsquo;\u00e9l\u00e9ment le plus important \u00e0 prendre en compte lorsqu&rsquo;on \u00e9labore une formule avec des acides. La constante d&rsquo;acidit\u00e9 indique la disponibilit\u00e9 de l&rsquo;acide. Lorsque la constance d&rsquo;acidit\u00e9 est proche du pH, un \u00e9quilibre id\u00e9al se forme entre le sel et l&rsquo;acidit\u00e9, ce qui permet de maximiser l&rsquo;efficacit\u00e9 de l&rsquo;acide et de diminuer l&rsquo;irritation. Dans un cas comme celui-ci, une valeur de pH plus \u00e9lev\u00e9e aurait pour effet d&rsquo;augmenter la concentration en sel, ce qui, contre toutes attentes, rendrait la formule encore plus irritante que si celle-ci \u00e9tait davantage acide.<\/p>","protected":false},"excerpt":{"rendered":"<p>Une formule exfoliante douce \u00e0 base d&rsquo;acide lactique pour \u00e9liminer les couches superficielles de la peau L&rsquo;acide lactique est un acide alpha-hydroxyl\u00e9&hellip;<\/p>","protected":false},"featured_media":19970,"comment_status":"open","ping_status":"closed","template":"","meta":[],"product_cat":[90],"product_tag":[],"yith_product_brand":[219],"class_list":{"0":"post-19971","1":"product","2":"type-product","3":"status-publish","4":"has-post-thumbnail","6":"product_cat-americains","7":"yith_product_brand-the-ordinary","9":"first","10":"instock","11":"shipping-taxable","12":"purchasable","13":"product-type-simple"},"_links":{"self":[{"href":"https:\/\/parapharmacieenligne.ma\/en\/wp-json\/wp\/v2\/product\/19971","targetHints":{"allow":["GET"]}}],"collection":[{"href":"https:\/\/parapharmacieenligne.ma\/en\/wp-json\/wp\/v2\/product"}],"about":[{"href":"https:\/\/parapharmacieenligne.ma\/en\/wp-json\/wp\/v2\/types\/product"}],"replies":[{"embeddable":true,"href":"https:\/\/parapharmacieenligne.ma\/en\/wp-json\/wp\/v2\/comments?post=19971"}],"version-history":[{"count":1,"href":"https:\/\/parapharmacieenligne.ma\/en\/wp-json\/wp\/v2\/product\/19971\/revisions"}],"predecessor-version":[{"id":19972,"href":"https:\/\/parapharmacieenligne.ma\/en\/wp-json\/wp\/v2\/product\/19971\/revisions\/19972"}],"wp:featuredmedia":[{"embeddable":true,"href":"https:\/\/parapharmacieenligne.ma\/en\/wp-json\/wp\/v2\/media\/19970"}],"wp:attachment":[{"href":"https:\/\/parapharmacieenligne.ma\/en\/wp-json\/wp\/v2\/media?parent=19971"}],"wp:term":[{"taxonomy":"product_cat","embeddable":true,"href":"https:\/\/parapharmacieenligne.ma\/en\/wp-json\/wp\/v2\/product_cat?post=19971"},{"taxonomy":"product_tag","embeddable":true,"href":"https:\/\/parapharmacieenligne.ma\/en\/wp-json\/wp\/v2\/product_tag?post=19971"},{"taxonomy":"yith_product_brand","embeddable":true,"href":"https:\/\/parapharmacieenligne.ma\/en\/wp-json\/wp\/v2\/yith_product_brand?post=19971"}],"curies":[{"name":"wp","href":"https:\/\/api.w.org\/{rel}","templated":true}]}}