{"id":19974,"date":"2026-04-18T17:50:19","date_gmt":"2026-04-18T15:50:19","guid":{"rendered":"https:\/\/parapharmacieenligne.ma\/?post_type=product&#038;p=19974"},"modified":"2026-04-18T17:50:26","modified_gmt":"2026-04-18T15:50:26","slug":"the-ordinary-alpha-arbutin-2-ha-30-ml","status":"publish","type":"product","link":"https:\/\/parapharmacieenligne.ma\/en\/product\/the-ordinary-alpha-arbutin-2-ha-30-ml\/","title":{"rendered":"THE ORDINARY ALPHA ARBUTIN 2% + HA 30 ML"},"content":{"rendered":"<p>Un s\u00e9rum concentr\u00e9 avec alpha-arbutine et acide hyaluronique purifi\u00e9s<br \/>\nL&rsquo;alpha-arbutine att\u00e9nue l&rsquo;apparence des t\u00e2ches et l&rsquo;hyperpigmentation. Elle est propos\u00e9e dans une concentration de 2 % (par rapport \u00e0 une concentration normale de 1 %) et combin\u00e9e \u00e0 une forme d&rsquo;acide hyaluronique de nouvelle g\u00e9n\u00e9ration pour en faciliter la diss\u00e9mination. L&rsquo;alpha-arbutine exerce des effets bien plus puissants que l&rsquo;arbutine ou la b\u00eata-arbutine.<\/p>\n<p>Appliquer quelques gouttes sur le visage le matin et le soir dans le cadre de la routine de soins pour la peau. Utiliser une protection solaire le matin.<\/p>","protected":false},"excerpt":{"rendered":"<p>Un s\u00e9rum concentr\u00e9 avec alpha-arbutine et acide hyaluronique purifi\u00e9s L&rsquo;alpha-arbutine att\u00e9nue l&rsquo;apparence des t\u00e2ches et l&rsquo;hyperpigmentation. Elle est propos\u00e9e dans une concentration&hellip;<\/p>","protected":false},"featured_media":19973,"comment_status":"open","ping_status":"closed","template":"","meta":[],"product_cat":[90],"product_tag":[],"yith_product_brand":[219],"class_list":{"0":"post-19974","1":"product","2":"type-product","3":"status-publish","4":"has-post-thumbnail","6":"product_cat-americains","7":"yith_product_brand-the-ordinary","9":"first","10":"instock","11":"shipping-taxable","12":"purchasable","13":"product-type-simple"},"_links":{"self":[{"href":"https:\/\/parapharmacieenligne.ma\/en\/wp-json\/wp\/v2\/product\/19974","targetHints":{"allow":["GET"]}}],"collection":[{"href":"https:\/\/parapharmacieenligne.ma\/en\/wp-json\/wp\/v2\/product"}],"about":[{"href":"https:\/\/parapharmacieenligne.ma\/en\/wp-json\/wp\/v2\/types\/product"}],"replies":[{"embeddable":true,"href":"https:\/\/parapharmacieenligne.ma\/en\/wp-json\/wp\/v2\/comments?post=19974"}],"version-history":[{"count":1,"href":"https:\/\/parapharmacieenligne.ma\/en\/wp-json\/wp\/v2\/product\/19974\/revisions"}],"predecessor-version":[{"id":19975,"href":"https:\/\/parapharmacieenligne.ma\/en\/wp-json\/wp\/v2\/product\/19974\/revisions\/19975"}],"wp:featuredmedia":[{"embeddable":true,"href":"https:\/\/parapharmacieenligne.ma\/en\/wp-json\/wp\/v2\/media\/19973"}],"wp:attachment":[{"href":"https:\/\/parapharmacieenligne.ma\/en\/wp-json\/wp\/v2\/media?parent=19974"}],"wp:term":[{"taxonomy":"product_cat","embeddable":true,"href":"https:\/\/parapharmacieenligne.ma\/en\/wp-json\/wp\/v2\/product_cat?post=19974"},{"taxonomy":"product_tag","embeddable":true,"href":"https:\/\/parapharmacieenligne.ma\/en\/wp-json\/wp\/v2\/product_tag?post=19974"},{"taxonomy":"yith_product_brand","embeddable":true,"href":"https:\/\/parapharmacieenligne.ma\/en\/wp-json\/wp\/v2\/yith_product_brand?post=19974"}],"curies":[{"name":"wp","href":"https:\/\/api.w.org\/{rel}","templated":true}]}}