{"id":19977,"date":"2026-04-18T17:50:33","date_gmt":"2026-04-18T15:50:33","guid":{"rendered":"https:\/\/parapharmacieenligne.ma\/?post_type=product&#038;p=19977"},"modified":"2026-04-18T17:50:40","modified_gmt":"2026-04-18T15:50:40","slug":"the-ordinary-natural-moisturizing-factors-ha-30-ml","status":"publish","type":"product","link":"https:\/\/parapharmacieenligne.ma\/en\/product\/the-ordinary-natural-moisturizing-factors-ha-30-ml\/","title":{"rendered":"THE ORDINARY NATURAL MOISTURIZING FACTORS + HA 30 ML"},"content":{"rendered":"<p>The Ordinary Natural Moisturizing Factors + HA est un hydratant l\u00e9ger con\u00e7u pour hydrater et prot\u00e9ger la peau. Il contient un m\u00e9lange de facteurs naturels d\u2019hydratation (NMF) qui sont des composants naturellement pr\u00e9sents dans la peau et qui aident \u00e0 la maintenir hydrat\u00e9e.<\/p>\n<p>Conseils d&rsquo;utilisation:<\/p>\n<p>Appliquer une petite quantit\u00e9 sur le visage le matin et le soir, apr\u00e8s le nettoyage, le toner et tout autre traitement que vous utilisez.<br \/>\n\u00c9viter le contour des yeux.<br \/>\nSi vous utilisez \u00e9galement un s\u00e9rum, appliquez-le avant cette cr\u00e8me.<br \/>\nMasser doucement jusqu\u2019\u00e0 ce que la cr\u00e8me soit compl\u00e8tement absorb\u00e9e.<\/p>","protected":false},"excerpt":{"rendered":"<p>The Ordinary Natural Moisturizing Factors + HA est un hydratant l\u00e9ger con\u00e7u pour hydrater et prot\u00e9ger la peau. Il contient un m\u00e9lange&hellip;<\/p>","protected":false},"featured_media":19976,"comment_status":"open","ping_status":"closed","template":"","meta":[],"product_cat":[90],"product_tag":[],"yith_product_brand":[219],"class_list":{"0":"post-19977","1":"product","2":"type-product","3":"status-publish","4":"has-post-thumbnail","6":"product_cat-americains","7":"yith_product_brand-the-ordinary","9":"first","10":"instock","11":"shipping-taxable","12":"purchasable","13":"product-type-simple"},"_links":{"self":[{"href":"https:\/\/parapharmacieenligne.ma\/en\/wp-json\/wp\/v2\/product\/19977","targetHints":{"allow":["GET"]}}],"collection":[{"href":"https:\/\/parapharmacieenligne.ma\/en\/wp-json\/wp\/v2\/product"}],"about":[{"href":"https:\/\/parapharmacieenligne.ma\/en\/wp-json\/wp\/v2\/types\/product"}],"replies":[{"embeddable":true,"href":"https:\/\/parapharmacieenligne.ma\/en\/wp-json\/wp\/v2\/comments?post=19977"}],"version-history":[{"count":1,"href":"https:\/\/parapharmacieenligne.ma\/en\/wp-json\/wp\/v2\/product\/19977\/revisions"}],"predecessor-version":[{"id":19978,"href":"https:\/\/parapharmacieenligne.ma\/en\/wp-json\/wp\/v2\/product\/19977\/revisions\/19978"}],"wp:featuredmedia":[{"embeddable":true,"href":"https:\/\/parapharmacieenligne.ma\/en\/wp-json\/wp\/v2\/media\/19976"}],"wp:attachment":[{"href":"https:\/\/parapharmacieenligne.ma\/en\/wp-json\/wp\/v2\/media?parent=19977"}],"wp:term":[{"taxonomy":"product_cat","embeddable":true,"href":"https:\/\/parapharmacieenligne.ma\/en\/wp-json\/wp\/v2\/product_cat?post=19977"},{"taxonomy":"product_tag","embeddable":true,"href":"https:\/\/parapharmacieenligne.ma\/en\/wp-json\/wp\/v2\/product_tag?post=19977"},{"taxonomy":"yith_product_brand","embeddable":true,"href":"https:\/\/parapharmacieenligne.ma\/en\/wp-json\/wp\/v2\/yith_product_brand?post=19977"}],"curies":[{"name":"wp","href":"https:\/\/api.w.org\/{rel}","templated":true}]}}